{"id":1318160,"date":"2026-01-19T12:18:07","date_gmt":"2026-01-19T09:18:07","guid":{"rendered":"https:\/\/electromagazin.md\/produs\/tub-led-aplicat-22w-6000-%d0%ba-t5-alb-aplicat-12%d0%bc-alb\/"},"modified":"2026-01-19T12:18:08","modified_gmt":"2026-01-19T09:18:08","slug":"tub-led-aplicat-22w-6000-%d0%ba-t5-alb-aplicat-12%d0%bc-alb","status":"publish","type":"product","link":"https:\/\/electromagazin.md\/ru\/produs\/tub-led-aplicat-22w-6000-%d0%ba-t5-alb-aplicat-12%d0%bc-alb\/","title":{"rendered":"\u0421\u0432\u0435\u0442\u043e\u0434\u0438\u043e\u0434\u043d\u0430\u044f \u0442\u0440\u0443\u0431\u043a\u0430 \u041d\u0430\u043a\u043b\u0430\u0434\u043d\u043e\u0438 22\u0412 6000 \u041a T5 \u0431\u0435\u043b\u044b\u0439 \u041d\u0430\u043a\u043b\u0430\u0434\u043d\u043e\u0438 1,2\u041c \u0431\u0435\u043b\u044b\u0439"},"content":{"rendered":"","protected":false},"excerpt":{"rendered":"","protected":false},"featured_media":1318161,"comment_status":"closed","ping_status":"open","template":"","meta":{"_acf_changed":false,"_analytify_skip_tracking":false},"product_brand":[],"product_cat":[972,974],"product_tag":[],"class_list":{"0":"post-1318160","1":"product","2":"type-product","3":"status-publish","4":"has-post-thumbnail","6":"product_cat-iluminat","7":"product_cat-tuburi-led","8":"pa_culoare-alb","9":"pa_dimensiuni-1288","10":"pa_model-aplicat","11":"pa_nume-tub-led","12":"pa_putere-22w","13":"pa_soclu-t5","14":"pa_temperatura-culoare-8298","16":"first","17":"instock","18":"purchasable","19":"product-type-simple"},"acf":[],"yoast_head":"<!-- This site is optimized with the Yoast SEO Premium plugin v26.3 (Yoast SEO v27.2) - https:\/\/yoast.com\/product\/yoast-seo-premium-wordpress\/ -->\n<title>\u0421\u0432\u0435\u0442\u043e\u0434\u0438\u043e\u0434\u043d\u0430\u044f \u0442\u0440\u0443\u0431\u043a\u0430 \u041d\u0430\u043a\u043b\u0430\u0434\u043d\u043e\u0438 22\u0412 6000 \u041a T5 \u0431\u0435\u043b\u044b\u0439 \u041d\u0430\u043a\u043b\u0430\u0434\u043d\u043e\u0438 1,2\u041c \u0431\u0435\u043b\u044b\u0439 - ELECTRO MAGAZIN<\/title>\n<meta name=\"robots\" content=\"index, follow, max-snippet:-1, max-image-preview:large, max-video-preview:-1\" \/>\n<link rel=\"canonical\" href=\"https:\/\/electromagazin.md\/ru\/produs\/tub-led-aplicat-22w-6000-\u043a-t5-alb-aplicat-12\u043c-alb\/\" \/>\n<meta property=\"og:locale\" content=\"ru_RU\" \/>\n<meta property=\"og:type\" content=\"article\" \/>\n<meta property=\"og:title\" content=\"\u0421\u0432\u0435\u0442\u043e\u0434\u0438\u043e\u0434\u043d\u0430\u044f \u0442\u0440\u0443\u0431\u043a\u0430 \u041d\u0430\u043a\u043b\u0430\u0434\u043d\u043e\u0438 22\u0412 6000 \u041a T5 \u0431\u0435\u043b\u044b\u0439 \u041d\u0430\u043a\u043b\u0430\u0434\u043d\u043e\u0438 1,2\u041c \u0431\u0435\u043b\u044b\u0439\" \/>\n<meta property=\"og:url\" content=\"https:\/\/electromagazin.md\/ru\/produs\/tub-led-aplicat-22w-6000-\u043a-t5-alb-aplicat-12\u043c-alb\/\" \/>\n<meta property=\"og:site_name\" content=\"ELECTRO MAGAZIN\" \/>\n<meta property=\"article:modified_time\" content=\"2026-01-19T09:18:08+00:00\" \/>\n<meta property=\"og:image\" content=\"https:\/\/electromagazin.md\/wp-content\/uploads\/2026\/01\/b6dd0cd8-a0ea-11ea-bb52-ba9af3f571eb_1.jpg\" \/>\n\t<meta property=\"og:image:width\" content=\"600\" \/>\n\t<meta property=\"og:image:height\" content=\"600\" \/>\n\t<meta property=\"og:image:type\" content=\"image\/jpeg\" \/>\n<meta name=\"twitter:card\" content=\"summary_large_image\" \/>\n<meta name=\"twitter:label1\" content=\"\u0426\u0435\u043d\u0430\" \/>\n\t<meta name=\"twitter:data1\" content=\"113,00&nbsp;MDL\" \/>\n\t<meta name=\"twitter:label2\" content=\"\u0414\u043e\u0441\u0442\u0443\u043f\u043d\u043e\u0441\u0442\u044c\" \/>\n\t<meta name=\"twitter:data2\" content=\"\u0412 \u043d\u0430\u043b\u0438\u0447\u0438\u0438\" \/>\n<script type=\"application\/ld+json\" class=\"yoast-schema-graph\">{\"@context\":\"https:\/\/schema.org\",\"@graph\":[{\"@type\":\"WebPage\",\"@id\":\"https:\/\/electromagazin.md\/ru\/produs\/tub-led-aplicat-22w-6000-%d0%ba-t5-alb-aplicat-12%d0%bc-alb\/\",\"url\":\"https:\/\/electromagazin.md\/ru\/produs\/tub-led-aplicat-22w-6000-%d0%ba-t5-alb-aplicat-12%d0%bc-alb\/\",\"name\":\"\u0421\u0432\u0435\u0442\u043e\u0434\u0438\u043e\u0434\u043d\u0430\u044f \u0442\u0440\u0443\u0431\u043a\u0430 \u041d\u0430\u043a\u043b\u0430\u0434\u043d\u043e\u0438 22\u0412 6000 \u041a T5 \u0431\u0435\u043b\u044b\u0439 \u041d\u0430\u043a\u043b\u0430\u0434\u043d\u043e\u0438 1,2\u041c \u0431\u0435\u043b\u044b\u0439 - ELECTRO MAGAZIN\",\"isPartOf\":{\"@id\":\"https:\/\/electromagazin.md\/ru\/#website\"},\"primaryImageOfPage\":{\"@id\":\"https:\/\/electromagazin.md\/ru\/produs\/tub-led-aplicat-22w-6000-%d0%ba-t5-alb-aplicat-12%d0%bc-alb\/#primaryimage\"},\"image\":{\"@id\":\"https:\/\/electromagazin.md\/produs\/tub-led-aplicat-22w-6000-%d0%ba-t5-alb-aplicat-12%d0%bc-alb\/#primaryimage\"},\"thumbnailUrl\":\"https:\/\/electromagazin.md\/wp-content\/uploads\/2026\/01\/b6dd0cd8-a0ea-11ea-bb52-ba9af3f571eb_1.jpg\",\"datePublished\":\"2026-01-19T09:18:07+00:00\",\"dateModified\":\"2026-01-19T09:18:08+00:00\",\"breadcrumb\":{\"@id\":\"https:\/\/electromagazin.md\/ru\/produs\/tub-led-aplicat-22w-6000-%d0%ba-t5-alb-aplicat-12%d0%bc-alb\/#breadcrumb\"},\"inLanguage\":\"ru-RU\",\"potentialAction\":[{\"@type\":\"ReadAction\",\"target\":[[\"https:\/\/electromagazin.md\/ru\/produs\/tub-led-aplicat-22w-6000-%d0%ba-t5-alb-aplicat-12%d0%bc-alb\/\"]]}]},{\"@type\":\"ImageObject\",\"inLanguage\":\"ru-RU\",\"@id\":\"https:\/\/electromagazin.md\/ru\/produs\/tub-led-aplicat-22w-6000-%d0%ba-t5-alb-aplicat-12%d0%bc-alb\/#primaryimage\",\"url\":\"https:\/\/electromagazin.md\/wp-content\/uploads\/2026\/01\/b6dd0cd8-a0ea-11ea-bb52-ba9af3f571eb_1.jpg\",\"contentUrl\":\"https:\/\/electromagazin.md\/wp-content\/uploads\/2026\/01\/b6dd0cd8-a0ea-11ea-bb52-ba9af3f571eb_1.jpg\",\"width\":600,\"height\":600},{\"@type\":\"BreadcrumbList\",\"@id\":\"https:\/\/electromagazin.md\/ru\/produs\/tub-led-aplicat-22w-6000-%d0%ba-t5-alb-aplicat-12%d0%bc-alb\/#breadcrumb\",\"itemListElement\":[{\"@type\":\"ListItem\",\"position\":1,\"name\":\"Prima pagin\u0103\",\"item\":\"https:\/\/electromagazin.md\/ru\/\"},{\"@type\":\"ListItem\",\"position\":2,\"name\":\"Magazin\",\"item\":\"https:\/\/electromagazin.md\/ru\/magazin\/\"},{\"@type\":\"ListItem\",\"position\":3,\"name\":\"Tub LED Aplicat 22W 6000 \u041a T5 alb Aplicat 1,2\u041c alb\"}]},{\"@type\":\"WebSite\",\"@id\":\"https:\/\/electromagazin.md\/ru\/#website\",\"url\":\"https:\/\/electromagazin.md\/ru\/\",\"name\":\"ELECTRO MAGAZIN\",\"description\":\"(Rom\u00e2n\u0103) Alege lumina potrivit\u0103!\",\"publisher\":{\"@id\":\"https:\/\/electromagazin.md\/ru\/#organization\"},\"potentialAction\":[{\"@type\":\"SearchAction\",\"target\":{\"@type\":\"EntryPoint\",\"urlTemplate\":\"https:\/\/electromagazin.md\/ru\/?s={search_term_string}\"},\"query-input\":{\"@type\":\"PropertyValueSpecification\",\"valueRequired\":true,\"valueName\":\"search_term_string\"}}],\"inLanguage\":\"ru-RU\"},{\"@type\":\"Organization\",\"@id\":\"https:\/\/electromagazin.md\/ru\/#organization\",\"name\":\"ELECTRO MAGAZIN S.R.L\",\"url\":\"https:\/\/electromagazin.md\/ru\/\",\"logo\":{\"@type\":\"ImageObject\",\"inLanguage\":\"ru-RU\",\"@id\":\"https:\/\/electromagazin.md\/ru\/#\/schema\/logo\/image\/\",\"url\":\"https:\/\/electromagazin.md\/wp-content\/uploads\/2020\/02\/logo.png\",\"contentUrl\":\"https:\/\/electromagazin.md\/wp-content\/uploads\/2020\/02\/logo.png\",\"width\":753,\"height\":169,\"caption\":\"ELECTRO MAGAZIN S.R.L\"},\"image\":{\"@id\":\"https:\/\/electromagazin.md\/ru\/#\/schema\/logo\/image\/\"}}]}<\/script>\n<meta property=\"product:price:amount\" content=\"113.00\" \/>\n<meta property=\"product:price:currency\" content=\"MDL\" \/>\n<meta property=\"og:availability\" content=\"instock\" \/>\n<meta property=\"product:availability\" content=\"instock\" \/>\n<meta property=\"product:retailer_item_id\" content=\"0030829\" \/>\n<meta property=\"product:condition\" content=\"new\" \/>\n<!-- \/ Yoast SEO Premium plugin. -->","yoast_head_json":{"title":"\u0421\u0432\u0435\u0442\u043e\u0434\u0438\u043e\u0434\u043d\u0430\u044f \u0442\u0440\u0443\u0431\u043a\u0430 \u041d\u0430\u043a\u043b\u0430\u0434\u043d\u043e\u0438 22\u0412 6000 \u041a T5 \u0431\u0435\u043b\u044b\u0439 \u041d\u0430\u043a\u043b\u0430\u0434\u043d\u043e\u0438 1,2\u041c \u0431\u0435\u043b\u044b\u0439 - ELECTRO MAGAZIN","robots":{"index":"index","follow":"follow","max-snippet":"max-snippet:-1","max-image-preview":"max-image-preview:large","max-video-preview":"max-video-preview:-1"},"canonical":"https:\/\/electromagazin.md\/ru\/produs\/tub-led-aplicat-22w-6000-\u043a-t5-alb-aplicat-12\u043c-alb\/","og_locale":"ru_RU","og_type":"article","og_title":"\u0421\u0432\u0435\u0442\u043e\u0434\u0438\u043e\u0434\u043d\u0430\u044f \u0442\u0440\u0443\u0431\u043a\u0430 \u041d\u0430\u043a\u043b\u0430\u0434\u043d\u043e\u0438 22\u0412 6000 \u041a T5 \u0431\u0435\u043b\u044b\u0439 \u041d\u0430\u043a\u043b\u0430\u0434\u043d\u043e\u0438 1,2\u041c \u0431\u0435\u043b\u044b\u0439","og_url":"https:\/\/electromagazin.md\/ru\/produs\/tub-led-aplicat-22w-6000-\u043a-t5-alb-aplicat-12\u043c-alb\/","og_site_name":"ELECTRO MAGAZIN","article_modified_time":"2026-01-19T09:18:08+00:00","og_image":[{"width":600,"height":600,"url":"https:\/\/electromagazin.md\/wp-content\/uploads\/2026\/01\/b6dd0cd8-a0ea-11ea-bb52-ba9af3f571eb_1.jpg","type":"image\/jpeg"}],"twitter_card":"summary_large_image","twitter_misc":{"\u0426\u0435\u043d\u0430":"113,00&nbsp;MDL","\u0414\u043e\u0441\u0442\u0443\u043f\u043d\u043e\u0441\u0442\u044c":"\u0412 \u043d\u0430\u043b\u0438\u0447\u0438\u0438"},"schema":{"@context":"https:\/\/schema.org","@graph":[{"@type":"WebPage","@id":"https:\/\/electromagazin.md\/ru\/produs\/tub-led-aplicat-22w-6000-%d0%ba-t5-alb-aplicat-12%d0%bc-alb\/","url":"https:\/\/electromagazin.md\/ru\/produs\/tub-led-aplicat-22w-6000-%d0%ba-t5-alb-aplicat-12%d0%bc-alb\/","name":"\u0421\u0432\u0435\u0442\u043e\u0434\u0438\u043e\u0434\u043d\u0430\u044f \u0442\u0440\u0443\u0431\u043a\u0430 \u041d\u0430\u043a\u043b\u0430\u0434\u043d\u043e\u0438 22\u0412 6000 \u041a T5 \u0431\u0435\u043b\u044b\u0439 \u041d\u0430\u043a\u043b\u0430\u0434\u043d\u043e\u0438 1,2\u041c \u0431\u0435\u043b\u044b\u0439 - ELECTRO MAGAZIN","isPartOf":{"@id":"https:\/\/electromagazin.md\/ru\/#website"},"primaryImageOfPage":{"@id":"https:\/\/electromagazin.md\/ru\/produs\/tub-led-aplicat-22w-6000-%d0%ba-t5-alb-aplicat-12%d0%bc-alb\/#primaryimage"},"image":{"@id":"https:\/\/electromagazin.md\/produs\/tub-led-aplicat-22w-6000-%d0%ba-t5-alb-aplicat-12%d0%bc-alb\/#primaryimage"},"thumbnailUrl":"https:\/\/electromagazin.md\/wp-content\/uploads\/2026\/01\/b6dd0cd8-a0ea-11ea-bb52-ba9af3f571eb_1.jpg","datePublished":"2026-01-19T09:18:07+00:00","dateModified":"2026-01-19T09:18:08+00:00","breadcrumb":{"@id":"https:\/\/electromagazin.md\/ru\/produs\/tub-led-aplicat-22w-6000-%d0%ba-t5-alb-aplicat-12%d0%bc-alb\/#breadcrumb"},"inLanguage":"ru-RU","potentialAction":[{"@type":"ReadAction","target":[["https:\/\/electromagazin.md\/ru\/produs\/tub-led-aplicat-22w-6000-%d0%ba-t5-alb-aplicat-12%d0%bc-alb\/"]]}]},{"@type":"ImageObject","inLanguage":"ru-RU","@id":"https:\/\/electromagazin.md\/ru\/produs\/tub-led-aplicat-22w-6000-%d0%ba-t5-alb-aplicat-12%d0%bc-alb\/#primaryimage","url":"https:\/\/electromagazin.md\/wp-content\/uploads\/2026\/01\/b6dd0cd8-a0ea-11ea-bb52-ba9af3f571eb_1.jpg","contentUrl":"https:\/\/electromagazin.md\/wp-content\/uploads\/2026\/01\/b6dd0cd8-a0ea-11ea-bb52-ba9af3f571eb_1.jpg","width":600,"height":600},{"@type":"BreadcrumbList","@id":"https:\/\/electromagazin.md\/ru\/produs\/tub-led-aplicat-22w-6000-%d0%ba-t5-alb-aplicat-12%d0%bc-alb\/#breadcrumb","itemListElement":[{"@type":"ListItem","position":1,"name":"Prima pagin\u0103","item":"https:\/\/electromagazin.md\/ru\/"},{"@type":"ListItem","position":2,"name":"Magazin","item":"https:\/\/electromagazin.md\/ru\/magazin\/"},{"@type":"ListItem","position":3,"name":"Tub LED Aplicat 22W 6000 \u041a T5 alb Aplicat 1,2\u041c alb"}]},{"@type":"WebSite","@id":"https:\/\/electromagazin.md\/ru\/#website","url":"https:\/\/electromagazin.md\/ru\/","name":"ELECTRO MAGAZIN","description":"(Rom\u00e2n\u0103) Alege lumina potrivit\u0103!","publisher":{"@id":"https:\/\/electromagazin.md\/ru\/#organization"},"potentialAction":[{"@type":"SearchAction","target":{"@type":"EntryPoint","urlTemplate":"https:\/\/electromagazin.md\/ru\/?s={search_term_string}"},"query-input":{"@type":"PropertyValueSpecification","valueRequired":true,"valueName":"search_term_string"}}],"inLanguage":"ru-RU"},{"@type":"Organization","@id":"https:\/\/electromagazin.md\/ru\/#organization","name":"ELECTRO MAGAZIN S.R.L","url":"https:\/\/electromagazin.md\/ru\/","logo":{"@type":"ImageObject","inLanguage":"ru-RU","@id":"https:\/\/electromagazin.md\/ru\/#\/schema\/logo\/image\/","url":"https:\/\/electromagazin.md\/wp-content\/uploads\/2020\/02\/logo.png","contentUrl":"https:\/\/electromagazin.md\/wp-content\/uploads\/2020\/02\/logo.png","width":753,"height":169,"caption":"ELECTRO MAGAZIN S.R.L"},"image":{"@id":"https:\/\/electromagazin.md\/ru\/#\/schema\/logo\/image\/"}}]},"product_price_amount":"113.00","product_price_currency":"MDL","og_availability":"instock","product_availability":"instock","product_retailer_item_id":"0030829","product_condition":"new"},"_links":{"self":[{"href":"https:\/\/electromagazin.md\/ru\/wp-json\/wp\/v2\/product\/1318160","targetHints":{"allow":["GET"]}}],"collection":[{"href":"https:\/\/electromagazin.md\/ru\/wp-json\/wp\/v2\/product"}],"about":[{"href":"https:\/\/electromagazin.md\/ru\/wp-json\/wp\/v2\/types\/product"}],"replies":[{"embeddable":true,"href":"https:\/\/electromagazin.md\/ru\/wp-json\/wp\/v2\/comments?post=1318160"}],"wp:featuredmedia":[{"embeddable":true,"href":"https:\/\/electromagazin.md\/ru\/wp-json\/wp\/v2\/media\/1318161"}],"wp:attachment":[{"href":"https:\/\/electromagazin.md\/ru\/wp-json\/wp\/v2\/media?parent=1318160"}],"wp:term":[{"taxonomy":"product_brand","embeddable":true,"href":"https:\/\/electromagazin.md\/ru\/wp-json\/wp\/v2\/product_brand?post=1318160"},{"taxonomy":"product_cat","embeddable":true,"href":"https:\/\/electromagazin.md\/ru\/wp-json\/wp\/v2\/product_cat?post=1318160"},{"taxonomy":"product_tag","embeddable":true,"href":"https:\/\/electromagazin.md\/ru\/wp-json\/wp\/v2\/product_tag?post=1318160"}],"curies":[{"name":"wp","href":"https:\/\/api.w.org\/{rel}","templated":true}]}}