{"id":1304680,"date":"2026-01-18T21:32:30","date_gmt":"2026-01-18T18:32:30","guid":{"rendered":"https:\/\/electromagazin.md\/produs\/panou-fotovoltaic-dhm-72l9-450w-450w-2094x1038x35-mm-dhm-72l9-450w-dah\/"},"modified":"2026-01-19T06:52:45","modified_gmt":"2026-01-19T03:52:45","slug":"panou-fotovoltaic-dhm-72l9-450w-450w-2094x1038x35-mm-dhm-72l9-450w-dah","status":"publish","type":"product","link":"https:\/\/electromagazin.md\/ru\/produs\/panou-fotovoltaic-dhm-72l9-450w-450w-2094x1038x35-mm-dhm-72l9-450w-dah\/","title":{"rendered":"C\u043e\u043b\u043d\u0435\u0447\u043d\u0430\u044f \u043f\u0430\u043d\u0435\u043b\u044c DHM-72L9-450W 450B 2094x1038x35 mm DHM-72L9-450W DAH"},"content":{"rendered":"","protected":false},"excerpt":{"rendered":"","protected":false},"featured_media":1312825,"comment_status":"closed","ping_status":"open","template":"","meta":{"_acf_changed":false,"_analytify_skip_tracking":false},"product_brand":[],"product_cat":[972,1884,1883],"product_tag":[],"class_list":{"0":"post-1304680","1":"product","2":"type-product","3":"status-publish","4":"has-post-thumbnail","6":"product_cat-iluminat","7":"product_cat-panouri-solare","8":"product_cat-panouri-solare-invertoare-si-accesorii","9":"pa_brand-dah","10":"pa_dimensiuni-2094x1038x35-mm","11":"pa_eficienta-20-7","12":"pa_grad-de-protectie-ip68","13":"pa_model-dhm-72l9-450w","14":"pa_nume-panou-fotovoltaic","15":"pa_putere-450w","17":"first","18":"outofstock","19":"purchasable","20":"product-type-simple"},"acf":[],"yoast_head":"<!-- This site is optimized with the Yoast SEO Premium plugin v26.3 (Yoast SEO v27.2) - https:\/\/yoast.com\/product\/yoast-seo-premium-wordpress\/ -->\n<title>C\u043e\u043b\u043d\u0435\u0447\u043d\u0430\u044f \u043f\u0430\u043d\u0435\u043b\u044c DHM-72L9-450W 450B 2094x1038x35 mm DHM-72L9-450W DAH - ELECTRO MAGAZIN<\/title>\n<meta name=\"robots\" content=\"index, follow, max-snippet:-1, max-image-preview:large, max-video-preview:-1\" \/>\n<link rel=\"canonical\" href=\"https:\/\/electromagazin.md\/ru\/produs\/panou-fotovoltaic-dhm-72l9-450w-450w-2094x1038x35-mm-dhm-72l9-450w-dah\/\" \/>\n<meta property=\"og:locale\" content=\"ru_RU\" \/>\n<meta property=\"og:type\" content=\"article\" \/>\n<meta property=\"og:title\" content=\"C\u043e\u043b\u043d\u0435\u0447\u043d\u0430\u044f \u043f\u0430\u043d\u0435\u043b\u044c DHM-72L9-450W 450B 2094x1038x35 mm DHM-72L9-450W DAH\" \/>\n<meta property=\"og:url\" content=\"https:\/\/electromagazin.md\/ru\/produs\/panou-fotovoltaic-dhm-72l9-450w-450w-2094x1038x35-mm-dhm-72l9-450w-dah\/\" \/>\n<meta property=\"og:site_name\" content=\"ELECTRO MAGAZIN\" \/>\n<meta property=\"article:modified_time\" content=\"2026-01-19T03:52:45+00:00\" \/>\n<meta property=\"og:image\" content=\"https:\/\/electromagazin.md\/wp-content\/uploads\/2026\/01\/46b1bf25-b405-11ec-bbdb-ba9af3f571eb_1.jpg\" \/>\n\t<meta property=\"og:image:width\" content=\"461\" \/>\n\t<meta property=\"og:image:height\" content=\"461\" \/>\n\t<meta property=\"og:image:type\" content=\"image\/jpeg\" \/>\n<meta name=\"twitter:card\" content=\"summary_large_image\" \/>\n<meta name=\"twitter:label1\" content=\"\u0426\u0435\u043d\u0430\" \/>\n\t<meta name=\"twitter:data1\" content=\"2.400,00&nbsp;MDL\" \/>\n\t<meta name=\"twitter:label2\" content=\"\u0414\u043e\u0441\u0442\u0443\u043f\u043d\u043e\u0441\u0442\u044c\" \/>\n\t<meta name=\"twitter:data2\" content=\"\u0420\u0430\u0441\u043f\u0440\u043e\u0434\u0430\u043d\u043e\" \/>\n<script type=\"application\/ld+json\" class=\"yoast-schema-graph\">{\"@context\":\"https:\/\/schema.org\",\"@graph\":[{\"@type\":\"WebPage\",\"@id\":\"https:\/\/electromagazin.md\/ru\/produs\/panou-fotovoltaic-dhm-72l9-450w-450w-2094x1038x35-mm-dhm-72l9-450w-dah\/\",\"url\":\"https:\/\/electromagazin.md\/ru\/produs\/panou-fotovoltaic-dhm-72l9-450w-450w-2094x1038x35-mm-dhm-72l9-450w-dah\/\",\"name\":\"C\u043e\u043b\u043d\u0435\u0447\u043d\u0430\u044f \u043f\u0430\u043d\u0435\u043b\u044c DHM-72L9-450W 450B 2094x1038x35 mm DHM-72L9-450W DAH - ELECTRO MAGAZIN\",\"isPartOf\":{\"@id\":\"https:\/\/electromagazin.md\/ru\/#website\"},\"primaryImageOfPage\":{\"@id\":\"https:\/\/electromagazin.md\/ru\/produs\/panou-fotovoltaic-dhm-72l9-450w-450w-2094x1038x35-mm-dhm-72l9-450w-dah\/#primaryimage\"},\"image\":{\"@id\":\"https:\/\/electromagazin.md\/ru\/produs\/panou-fotovoltaic-dhm-72l9-450w-450w-2094x1038x35-mm-dhm-72l9-450w-dah\/#primaryimage\"},\"thumbnailUrl\":\"https:\/\/electromagazin.md\/wp-content\/uploads\/2026\/01\/46b1bf25-b405-11ec-bbdb-ba9af3f571eb_1.jpg\",\"datePublished\":\"2026-01-18T18:32:30+00:00\",\"dateModified\":\"2026-01-19T03:52:45+00:00\",\"breadcrumb\":{\"@id\":\"https:\/\/electromagazin.md\/ru\/produs\/panou-fotovoltaic-dhm-72l9-450w-450w-2094x1038x35-mm-dhm-72l9-450w-dah\/#breadcrumb\"},\"inLanguage\":\"ru-RU\",\"potentialAction\":[{\"@type\":\"ReadAction\",\"target\":[[\"https:\/\/electromagazin.md\/ru\/produs\/panou-fotovoltaic-dhm-72l9-450w-450w-2094x1038x35-mm-dhm-72l9-450w-dah\/\"]]}]},{\"@type\":\"ImageObject\",\"inLanguage\":\"ru-RU\",\"@id\":\"https:\/\/electromagazin.md\/ru\/produs\/panou-fotovoltaic-dhm-72l9-450w-450w-2094x1038x35-mm-dhm-72l9-450w-dah\/#primaryimage\",\"url\":\"https:\/\/electromagazin.md\/wp-content\/uploads\/2026\/01\/46b1bf25-b405-11ec-bbdb-ba9af3f571eb_1.jpg\",\"contentUrl\":\"https:\/\/electromagazin.md\/wp-content\/uploads\/2026\/01\/46b1bf25-b405-11ec-bbdb-ba9af3f571eb_1.jpg\",\"width\":461,\"height\":461},{\"@type\":\"BreadcrumbList\",\"@id\":\"https:\/\/electromagazin.md\/ru\/produs\/panou-fotovoltaic-dhm-72l9-450w-450w-2094x1038x35-mm-dhm-72l9-450w-dah\/#breadcrumb\",\"itemListElement\":[{\"@type\":\"ListItem\",\"position\":1,\"name\":\"Prima pagin\u0103\",\"item\":\"https:\/\/electromagazin.md\/ru\/\"},{\"@type\":\"ListItem\",\"position\":2,\"name\":\"Magazin\",\"item\":\"https:\/\/electromagazin.md\/ru\/magazin\/\"},{\"@type\":\"ListItem\",\"position\":3,\"name\":\"C\u043e\u043b\u043d\u0435\u0447\u043d\u0430\u044f \u043f\u0430\u043d\u0435\u043b\u044c DHM-72L9-450W 450B 2094x1038x35 mm DHM-72L9-450W DAH\"}]},{\"@type\":\"WebSite\",\"@id\":\"https:\/\/electromagazin.md\/ru\/#website\",\"url\":\"https:\/\/electromagazin.md\/ru\/\",\"name\":\"ELECTRO MAGAZIN\",\"description\":\"(Rom\u00e2n\u0103) Alege lumina potrivit\u0103!\",\"publisher\":{\"@id\":\"https:\/\/electromagazin.md\/ru\/#organization\"},\"potentialAction\":[{\"@type\":\"SearchAction\",\"target\":{\"@type\":\"EntryPoint\",\"urlTemplate\":\"https:\/\/electromagazin.md\/ru\/?s={search_term_string}\"},\"query-input\":{\"@type\":\"PropertyValueSpecification\",\"valueRequired\":true,\"valueName\":\"search_term_string\"}}],\"inLanguage\":\"ru-RU\"},{\"@type\":\"Organization\",\"@id\":\"https:\/\/electromagazin.md\/ru\/#organization\",\"name\":\"ELECTRO MAGAZIN S.R.L\",\"url\":\"https:\/\/electromagazin.md\/ru\/\",\"logo\":{\"@type\":\"ImageObject\",\"inLanguage\":\"ru-RU\",\"@id\":\"https:\/\/electromagazin.md\/ru\/#\/schema\/logo\/image\/\",\"url\":\"https:\/\/electromagazin.md\/wp-content\/uploads\/2020\/02\/logo.png\",\"contentUrl\":\"https:\/\/electromagazin.md\/wp-content\/uploads\/2020\/02\/logo.png\",\"width\":753,\"height\":169,\"caption\":\"ELECTRO MAGAZIN S.R.L\"},\"image\":{\"@id\":\"https:\/\/electromagazin.md\/ru\/#\/schema\/logo\/image\/\"}}]}<\/script>\n<meta property=\"product:price:amount\" content=\"2400.00\" \/>\n<meta property=\"product:price:currency\" content=\"MDL\" \/>\n<meta property=\"og:availability\" content=\"out of stock\" \/>\n<meta property=\"product:availability\" content=\"out of stock\" \/>\n<meta property=\"product:retailer_item_id\" content=\"PS455D\" \/>\n<meta property=\"product:condition\" content=\"new\" \/>\n<!-- \/ Yoast SEO Premium plugin. -->","yoast_head_json":{"title":"C\u043e\u043b\u043d\u0435\u0447\u043d\u0430\u044f \u043f\u0430\u043d\u0435\u043b\u044c DHM-72L9-450W 450B 2094x1038x35 mm DHM-72L9-450W DAH - ELECTRO MAGAZIN","robots":{"index":"index","follow":"follow","max-snippet":"max-snippet:-1","max-image-preview":"max-image-preview:large","max-video-preview":"max-video-preview:-1"},"canonical":"https:\/\/electromagazin.md\/ru\/produs\/panou-fotovoltaic-dhm-72l9-450w-450w-2094x1038x35-mm-dhm-72l9-450w-dah\/","og_locale":"ru_RU","og_type":"article","og_title":"C\u043e\u043b\u043d\u0435\u0447\u043d\u0430\u044f \u043f\u0430\u043d\u0435\u043b\u044c DHM-72L9-450W 450B 2094x1038x35 mm DHM-72L9-450W DAH","og_url":"https:\/\/electromagazin.md\/ru\/produs\/panou-fotovoltaic-dhm-72l9-450w-450w-2094x1038x35-mm-dhm-72l9-450w-dah\/","og_site_name":"ELECTRO MAGAZIN","article_modified_time":"2026-01-19T03:52:45+00:00","og_image":[{"width":461,"height":461,"url":"https:\/\/electromagazin.md\/wp-content\/uploads\/2026\/01\/46b1bf25-b405-11ec-bbdb-ba9af3f571eb_1.jpg","type":"image\/jpeg"}],"twitter_card":"summary_large_image","twitter_misc":{"\u0426\u0435\u043d\u0430":"2.400,00&nbsp;MDL","\u0414\u043e\u0441\u0442\u0443\u043f\u043d\u043e\u0441\u0442\u044c":"\u0420\u0430\u0441\u043f\u0440\u043e\u0434\u0430\u043d\u043e"},"schema":{"@context":"https:\/\/schema.org","@graph":[{"@type":"WebPage","@id":"https:\/\/electromagazin.md\/ru\/produs\/panou-fotovoltaic-dhm-72l9-450w-450w-2094x1038x35-mm-dhm-72l9-450w-dah\/","url":"https:\/\/electromagazin.md\/ru\/produs\/panou-fotovoltaic-dhm-72l9-450w-450w-2094x1038x35-mm-dhm-72l9-450w-dah\/","name":"C\u043e\u043b\u043d\u0435\u0447\u043d\u0430\u044f \u043f\u0430\u043d\u0435\u043b\u044c DHM-72L9-450W 450B 2094x1038x35 mm DHM-72L9-450W DAH - ELECTRO MAGAZIN","isPartOf":{"@id":"https:\/\/electromagazin.md\/ru\/#website"},"primaryImageOfPage":{"@id":"https:\/\/electromagazin.md\/ru\/produs\/panou-fotovoltaic-dhm-72l9-450w-450w-2094x1038x35-mm-dhm-72l9-450w-dah\/#primaryimage"},"image":{"@id":"https:\/\/electromagazin.md\/ru\/produs\/panou-fotovoltaic-dhm-72l9-450w-450w-2094x1038x35-mm-dhm-72l9-450w-dah\/#primaryimage"},"thumbnailUrl":"https:\/\/electromagazin.md\/wp-content\/uploads\/2026\/01\/46b1bf25-b405-11ec-bbdb-ba9af3f571eb_1.jpg","datePublished":"2026-01-18T18:32:30+00:00","dateModified":"2026-01-19T03:52:45+00:00","breadcrumb":{"@id":"https:\/\/electromagazin.md\/ru\/produs\/panou-fotovoltaic-dhm-72l9-450w-450w-2094x1038x35-mm-dhm-72l9-450w-dah\/#breadcrumb"},"inLanguage":"ru-RU","potentialAction":[{"@type":"ReadAction","target":[["https:\/\/electromagazin.md\/ru\/produs\/panou-fotovoltaic-dhm-72l9-450w-450w-2094x1038x35-mm-dhm-72l9-450w-dah\/"]]}]},{"@type":"ImageObject","inLanguage":"ru-RU","@id":"https:\/\/electromagazin.md\/ru\/produs\/panou-fotovoltaic-dhm-72l9-450w-450w-2094x1038x35-mm-dhm-72l9-450w-dah\/#primaryimage","url":"https:\/\/electromagazin.md\/wp-content\/uploads\/2026\/01\/46b1bf25-b405-11ec-bbdb-ba9af3f571eb_1.jpg","contentUrl":"https:\/\/electromagazin.md\/wp-content\/uploads\/2026\/01\/46b1bf25-b405-11ec-bbdb-ba9af3f571eb_1.jpg","width":461,"height":461},{"@type":"BreadcrumbList","@id":"https:\/\/electromagazin.md\/ru\/produs\/panou-fotovoltaic-dhm-72l9-450w-450w-2094x1038x35-mm-dhm-72l9-450w-dah\/#breadcrumb","itemListElement":[{"@type":"ListItem","position":1,"name":"Prima pagin\u0103","item":"https:\/\/electromagazin.md\/ru\/"},{"@type":"ListItem","position":2,"name":"Magazin","item":"https:\/\/electromagazin.md\/ru\/magazin\/"},{"@type":"ListItem","position":3,"name":"C\u043e\u043b\u043d\u0435\u0447\u043d\u0430\u044f \u043f\u0430\u043d\u0435\u043b\u044c DHM-72L9-450W 450B 2094x1038x35 mm DHM-72L9-450W DAH"}]},{"@type":"WebSite","@id":"https:\/\/electromagazin.md\/ru\/#website","url":"https:\/\/electromagazin.md\/ru\/","name":"ELECTRO MAGAZIN","description":"(Rom\u00e2n\u0103) Alege lumina potrivit\u0103!","publisher":{"@id":"https:\/\/electromagazin.md\/ru\/#organization"},"potentialAction":[{"@type":"SearchAction","target":{"@type":"EntryPoint","urlTemplate":"https:\/\/electromagazin.md\/ru\/?s={search_term_string}"},"query-input":{"@type":"PropertyValueSpecification","valueRequired":true,"valueName":"search_term_string"}}],"inLanguage":"ru-RU"},{"@type":"Organization","@id":"https:\/\/electromagazin.md\/ru\/#organization","name":"ELECTRO MAGAZIN S.R.L","url":"https:\/\/electromagazin.md\/ru\/","logo":{"@type":"ImageObject","inLanguage":"ru-RU","@id":"https:\/\/electromagazin.md\/ru\/#\/schema\/logo\/image\/","url":"https:\/\/electromagazin.md\/wp-content\/uploads\/2020\/02\/logo.png","contentUrl":"https:\/\/electromagazin.md\/wp-content\/uploads\/2020\/02\/logo.png","width":753,"height":169,"caption":"ELECTRO MAGAZIN S.R.L"},"image":{"@id":"https:\/\/electromagazin.md\/ru\/#\/schema\/logo\/image\/"}}]},"product_price_amount":"2400.00","product_price_currency":"MDL","og_availability":"out of stock","product_availability":"out of stock","product_retailer_item_id":"PS455D","product_condition":"new"},"_links":{"self":[{"href":"https:\/\/electromagazin.md\/ru\/wp-json\/wp\/v2\/product\/1304680","targetHints":{"allow":["GET"]}}],"collection":[{"href":"https:\/\/electromagazin.md\/ru\/wp-json\/wp\/v2\/product"}],"about":[{"href":"https:\/\/electromagazin.md\/ru\/wp-json\/wp\/v2\/types\/product"}],"replies":[{"embeddable":true,"href":"https:\/\/electromagazin.md\/ru\/wp-json\/wp\/v2\/comments?post=1304680"}],"wp:featuredmedia":[{"embeddable":true,"href":"https:\/\/electromagazin.md\/ru\/wp-json\/wp\/v2\/media\/1312825"}],"wp:attachment":[{"href":"https:\/\/electromagazin.md\/ru\/wp-json\/wp\/v2\/media?parent=1304680"}],"wp:term":[{"taxonomy":"product_brand","embeddable":true,"href":"https:\/\/electromagazin.md\/ru\/wp-json\/wp\/v2\/product_brand?post=1304680"},{"taxonomy":"product_cat","embeddable":true,"href":"https:\/\/electromagazin.md\/ru\/wp-json\/wp\/v2\/product_cat?post=1304680"},{"taxonomy":"product_tag","embeddable":true,"href":"https:\/\/electromagazin.md\/ru\/wp-json\/wp\/v2\/product_tag?post=1304680"}],"curies":[{"name":"wp","href":"https:\/\/api.w.org\/{rel}","templated":true}]}}