{"id":1302365,"date":"2026-01-18T20:36:26","date_gmt":"2026-01-18T17:36:26","guid":{"rendered":"https:\/\/electromagazin.md\/produs\/invertor-solar-8kw-on-grid-deye\/"},"modified":"2026-01-19T05:26:17","modified_gmt":"2026-01-19T02:26:17","slug":"invertor-solar-8kw-on-grid-deye","status":"publish","type":"product","link":"https:\/\/electromagazin.md\/ru\/produs\/invertor-solar-8kw-on-grid-deye\/","title":{"rendered":"\u0421\u043e\u043b\u043d\u0435\u0447\u043d\u044b\u0438 \u0438\u043d\u0432\u0435\u0440\u0442\u043e\u0440 8kW on-grid Deye"},"content":{"rendered":"","protected":false},"excerpt":{"rendered":"","protected":false},"featured_media":1311689,"comment_status":"closed","ping_status":"open","template":"","meta":{"_acf_changed":false,"_analytify_skip_tracking":false},"product_brand":[],"product_cat":[972,1885,1883],"product_tag":[],"class_list":{"0":"post-1302365","1":"product","2":"type-product","3":"status-publish","4":"has-post-thumbnail","6":"product_cat-iluminat","7":"product_cat-invertoare-solare","8":"product_cat-panouri-solare-invertoare-si-accesorii","9":"pa_brand-deye","10":"pa_eficienta-2040","11":"pa_model-on-grid","12":"pa_nume-invertor-solar","13":"pa_putere-8kw","14":"pa_tensiune-220v-240v","16":"first","17":"outofstock","18":"purchasable","19":"product-type-simple"},"acf":[],"yoast_head":"<!-- This site is optimized with the Yoast SEO Premium plugin v26.3 (Yoast SEO v27.2) - https:\/\/yoast.com\/product\/yoast-seo-premium-wordpress\/ -->\n<title>\u0421\u043e\u043b\u043d\u0435\u0447\u043d\u044b\u0438 \u0438\u043d\u0432\u0435\u0440\u0442\u043e\u0440 8kW on-grid Deye - ELECTRO MAGAZIN<\/title>\n<meta name=\"robots\" content=\"index, follow, max-snippet:-1, max-image-preview:large, max-video-preview:-1\" \/>\n<link rel=\"canonical\" href=\"https:\/\/electromagazin.md\/ru\/produs\/invertor-solar-8kw-on-grid-deye\/\" \/>\n<meta property=\"og:locale\" content=\"ru_RU\" \/>\n<meta property=\"og:type\" content=\"article\" \/>\n<meta property=\"og:title\" content=\"\u0421\u043e\u043b\u043d\u0435\u0447\u043d\u044b\u0438 \u0438\u043d\u0432\u0435\u0440\u0442\u043e\u0440 8kW on-grid Deye\" \/>\n<meta property=\"og:url\" content=\"https:\/\/electromagazin.md\/ru\/produs\/invertor-solar-8kw-on-grid-deye\/\" \/>\n<meta property=\"og:site_name\" content=\"ELECTRO MAGAZIN\" \/>\n<meta property=\"article:modified_time\" content=\"2026-01-19T02:26:17+00:00\" \/>\n<meta property=\"og:image\" content=\"https:\/\/electromagazin.md\/wp-content\/uploads\/2026\/01\/1c9e066a-778f-11ed-bc54-ba9af3f571eb_1.jpg\" \/>\n\t<meta property=\"og:image:width\" content=\"1000\" \/>\n\t<meta property=\"og:image:height\" content=\"1000\" \/>\n\t<meta property=\"og:image:type\" content=\"image\/png\" \/>\n<meta name=\"twitter:card\" content=\"summary_large_image\" \/>\n<meta name=\"twitter:label1\" content=\"\u0426\u0435\u043d\u0430\" \/>\n\t<meta name=\"twitter:data1\" content=\"29.000,00&nbsp;MDL\" \/>\n\t<meta name=\"twitter:label2\" content=\"\u0414\u043e\u0441\u0442\u0443\u043f\u043d\u043e\u0441\u0442\u044c\" \/>\n\t<meta name=\"twitter:data2\" content=\"\u0420\u0430\u0441\u043f\u0440\u043e\u0434\u0430\u043d\u043e\" \/>\n<script type=\"application\/ld+json\" class=\"yoast-schema-graph\">{\"@context\":\"https:\/\/schema.org\",\"@graph\":[{\"@type\":\"WebPage\",\"@id\":\"https:\/\/electromagazin.md\/ru\/produs\/invertor-solar-8kw-on-grid-deye\/\",\"url\":\"https:\/\/electromagazin.md\/ru\/produs\/invertor-solar-8kw-on-grid-deye\/\",\"name\":\"\u0421\u043e\u043b\u043d\u0435\u0447\u043d\u044b\u0438 \u0438\u043d\u0432\u0435\u0440\u0442\u043e\u0440 8kW on-grid Deye - ELECTRO MAGAZIN\",\"isPartOf\":{\"@id\":\"https:\/\/electromagazin.md\/ru\/#website\"},\"primaryImageOfPage\":{\"@id\":\"https:\/\/electromagazin.md\/ru\/produs\/invertor-solar-8kw-on-grid-deye\/#primaryimage\"},\"image\":{\"@id\":\"https:\/\/electromagazin.md\/ru\/produs\/invertor-solar-8kw-on-grid-deye\/#primaryimage\"},\"thumbnailUrl\":\"https:\/\/electromagazin.md\/wp-content\/uploads\/2026\/01\/1c9e066a-778f-11ed-bc54-ba9af3f571eb_1.jpg\",\"datePublished\":\"2026-01-18T17:36:26+00:00\",\"dateModified\":\"2026-01-19T02:26:17+00:00\",\"breadcrumb\":{\"@id\":\"https:\/\/electromagazin.md\/ru\/produs\/invertor-solar-8kw-on-grid-deye\/#breadcrumb\"},\"inLanguage\":\"ru-RU\",\"potentialAction\":[{\"@type\":\"ReadAction\",\"target\":[[\"https:\/\/electromagazin.md\/ru\/produs\/invertor-solar-8kw-on-grid-deye\/\"]]}]},{\"@type\":\"ImageObject\",\"inLanguage\":\"ru-RU\",\"@id\":\"https:\/\/electromagazin.md\/ru\/produs\/invertor-solar-8kw-on-grid-deye\/#primaryimage\",\"url\":\"https:\/\/electromagazin.md\/wp-content\/uploads\/2026\/01\/1c9e066a-778f-11ed-bc54-ba9af3f571eb_1.jpg\",\"contentUrl\":\"https:\/\/electromagazin.md\/wp-content\/uploads\/2026\/01\/1c9e066a-778f-11ed-bc54-ba9af3f571eb_1.jpg\",\"width\":1000,\"height\":1000},{\"@type\":\"BreadcrumbList\",\"@id\":\"https:\/\/electromagazin.md\/ru\/produs\/invertor-solar-8kw-on-grid-deye\/#breadcrumb\",\"itemListElement\":[{\"@type\":\"ListItem\",\"position\":1,\"name\":\"Prima pagin\u0103\",\"item\":\"https:\/\/electromagazin.md\/ru\/\"},{\"@type\":\"ListItem\",\"position\":2,\"name\":\"Magazin\",\"item\":\"https:\/\/electromagazin.md\/ru\/magazin\/\"},{\"@type\":\"ListItem\",\"position\":3,\"name\":\"\u0421\u043e\u043b\u043d\u0435\u0447\u043d\u044b\u0438 \u0438\u043d\u0432\u0435\u0440\u0442\u043e\u0440 8kW on-grid Deye\"}]},{\"@type\":\"WebSite\",\"@id\":\"https:\/\/electromagazin.md\/ru\/#website\",\"url\":\"https:\/\/electromagazin.md\/ru\/\",\"name\":\"ELECTRO MAGAZIN\",\"description\":\"(Rom\u00e2n\u0103) Alege lumina potrivit\u0103!\",\"publisher\":{\"@id\":\"https:\/\/electromagazin.md\/ru\/#organization\"},\"potentialAction\":[{\"@type\":\"SearchAction\",\"target\":{\"@type\":\"EntryPoint\",\"urlTemplate\":\"https:\/\/electromagazin.md\/ru\/?s={search_term_string}\"},\"query-input\":{\"@type\":\"PropertyValueSpecification\",\"valueRequired\":true,\"valueName\":\"search_term_string\"}}],\"inLanguage\":\"ru-RU\"},{\"@type\":\"Organization\",\"@id\":\"https:\/\/electromagazin.md\/ru\/#organization\",\"name\":\"ELECTRO MAGAZIN S.R.L\",\"url\":\"https:\/\/electromagazin.md\/ru\/\",\"logo\":{\"@type\":\"ImageObject\",\"inLanguage\":\"ru-RU\",\"@id\":\"https:\/\/electromagazin.md\/ru\/#\/schema\/logo\/image\/\",\"url\":\"https:\/\/electromagazin.md\/wp-content\/uploads\/2020\/02\/logo.png\",\"contentUrl\":\"https:\/\/electromagazin.md\/wp-content\/uploads\/2020\/02\/logo.png\",\"width\":753,\"height\":169,\"caption\":\"ELECTRO MAGAZIN S.R.L\"},\"image\":{\"@id\":\"https:\/\/electromagazin.md\/ru\/#\/schema\/logo\/image\/\"}}]}<\/script>\n<meta property=\"product:price:amount\" content=\"29000.00\" \/>\n<meta property=\"product:price:currency\" content=\"MDL\" \/>\n<meta property=\"og:availability\" content=\"out of stock\" \/>\n<meta property=\"product:availability\" content=\"out of stock\" \/>\n<meta property=\"product:retailer_item_id\" content=\"SUN-8K-G\" \/>\n<meta property=\"product:condition\" content=\"new\" \/>\n<!-- \/ Yoast SEO Premium plugin. -->","yoast_head_json":{"title":"\u0421\u043e\u043b\u043d\u0435\u0447\u043d\u044b\u0438 \u0438\u043d\u0432\u0435\u0440\u0442\u043e\u0440 8kW on-grid Deye - ELECTRO MAGAZIN","robots":{"index":"index","follow":"follow","max-snippet":"max-snippet:-1","max-image-preview":"max-image-preview:large","max-video-preview":"max-video-preview:-1"},"canonical":"https:\/\/electromagazin.md\/ru\/produs\/invertor-solar-8kw-on-grid-deye\/","og_locale":"ru_RU","og_type":"article","og_title":"\u0421\u043e\u043b\u043d\u0435\u0447\u043d\u044b\u0438 \u0438\u043d\u0432\u0435\u0440\u0442\u043e\u0440 8kW on-grid Deye","og_url":"https:\/\/electromagazin.md\/ru\/produs\/invertor-solar-8kw-on-grid-deye\/","og_site_name":"ELECTRO MAGAZIN","article_modified_time":"2026-01-19T02:26:17+00:00","og_image":[{"width":1000,"height":1000,"url":"https:\/\/electromagazin.md\/wp-content\/uploads\/2026\/01\/1c9e066a-778f-11ed-bc54-ba9af3f571eb_1.jpg","type":"image\/png"}],"twitter_card":"summary_large_image","twitter_misc":{"\u0426\u0435\u043d\u0430":"29.000,00&nbsp;MDL","\u0414\u043e\u0441\u0442\u0443\u043f\u043d\u043e\u0441\u0442\u044c":"\u0420\u0430\u0441\u043f\u0440\u043e\u0434\u0430\u043d\u043e"},"schema":{"@context":"https:\/\/schema.org","@graph":[{"@type":"WebPage","@id":"https:\/\/electromagazin.md\/ru\/produs\/invertor-solar-8kw-on-grid-deye\/","url":"https:\/\/electromagazin.md\/ru\/produs\/invertor-solar-8kw-on-grid-deye\/","name":"\u0421\u043e\u043b\u043d\u0435\u0447\u043d\u044b\u0438 \u0438\u043d\u0432\u0435\u0440\u0442\u043e\u0440 8kW on-grid Deye - ELECTRO MAGAZIN","isPartOf":{"@id":"https:\/\/electromagazin.md\/ru\/#website"},"primaryImageOfPage":{"@id":"https:\/\/electromagazin.md\/ru\/produs\/invertor-solar-8kw-on-grid-deye\/#primaryimage"},"image":{"@id":"https:\/\/electromagazin.md\/ru\/produs\/invertor-solar-8kw-on-grid-deye\/#primaryimage"},"thumbnailUrl":"https:\/\/electromagazin.md\/wp-content\/uploads\/2026\/01\/1c9e066a-778f-11ed-bc54-ba9af3f571eb_1.jpg","datePublished":"2026-01-18T17:36:26+00:00","dateModified":"2026-01-19T02:26:17+00:00","breadcrumb":{"@id":"https:\/\/electromagazin.md\/ru\/produs\/invertor-solar-8kw-on-grid-deye\/#breadcrumb"},"inLanguage":"ru-RU","potentialAction":[{"@type":"ReadAction","target":[["https:\/\/electromagazin.md\/ru\/produs\/invertor-solar-8kw-on-grid-deye\/"]]}]},{"@type":"ImageObject","inLanguage":"ru-RU","@id":"https:\/\/electromagazin.md\/ru\/produs\/invertor-solar-8kw-on-grid-deye\/#primaryimage","url":"https:\/\/electromagazin.md\/wp-content\/uploads\/2026\/01\/1c9e066a-778f-11ed-bc54-ba9af3f571eb_1.jpg","contentUrl":"https:\/\/electromagazin.md\/wp-content\/uploads\/2026\/01\/1c9e066a-778f-11ed-bc54-ba9af3f571eb_1.jpg","width":1000,"height":1000},{"@type":"BreadcrumbList","@id":"https:\/\/electromagazin.md\/ru\/produs\/invertor-solar-8kw-on-grid-deye\/#breadcrumb","itemListElement":[{"@type":"ListItem","position":1,"name":"Prima pagin\u0103","item":"https:\/\/electromagazin.md\/ru\/"},{"@type":"ListItem","position":2,"name":"Magazin","item":"https:\/\/electromagazin.md\/ru\/magazin\/"},{"@type":"ListItem","position":3,"name":"\u0421\u043e\u043b\u043d\u0435\u0447\u043d\u044b\u0438 \u0438\u043d\u0432\u0435\u0440\u0442\u043e\u0440 8kW on-grid Deye"}]},{"@type":"WebSite","@id":"https:\/\/electromagazin.md\/ru\/#website","url":"https:\/\/electromagazin.md\/ru\/","name":"ELECTRO MAGAZIN","description":"(Rom\u00e2n\u0103) Alege lumina potrivit\u0103!","publisher":{"@id":"https:\/\/electromagazin.md\/ru\/#organization"},"potentialAction":[{"@type":"SearchAction","target":{"@type":"EntryPoint","urlTemplate":"https:\/\/electromagazin.md\/ru\/?s={search_term_string}"},"query-input":{"@type":"PropertyValueSpecification","valueRequired":true,"valueName":"search_term_string"}}],"inLanguage":"ru-RU"},{"@type":"Organization","@id":"https:\/\/electromagazin.md\/ru\/#organization","name":"ELECTRO MAGAZIN S.R.L","url":"https:\/\/electromagazin.md\/ru\/","logo":{"@type":"ImageObject","inLanguage":"ru-RU","@id":"https:\/\/electromagazin.md\/ru\/#\/schema\/logo\/image\/","url":"https:\/\/electromagazin.md\/wp-content\/uploads\/2020\/02\/logo.png","contentUrl":"https:\/\/electromagazin.md\/wp-content\/uploads\/2020\/02\/logo.png","width":753,"height":169,"caption":"ELECTRO MAGAZIN S.R.L"},"image":{"@id":"https:\/\/electromagazin.md\/ru\/#\/schema\/logo\/image\/"}}]},"product_price_amount":"29000.00","product_price_currency":"MDL","og_availability":"out of stock","product_availability":"out of stock","product_retailer_item_id":"SUN-8K-G","product_condition":"new"},"_links":{"self":[{"href":"https:\/\/electromagazin.md\/ru\/wp-json\/wp\/v2\/product\/1302365","targetHints":{"allow":["GET"]}}],"collection":[{"href":"https:\/\/electromagazin.md\/ru\/wp-json\/wp\/v2\/product"}],"about":[{"href":"https:\/\/electromagazin.md\/ru\/wp-json\/wp\/v2\/types\/product"}],"replies":[{"embeddable":true,"href":"https:\/\/electromagazin.md\/ru\/wp-json\/wp\/v2\/comments?post=1302365"}],"wp:featuredmedia":[{"embeddable":true,"href":"https:\/\/electromagazin.md\/ru\/wp-json\/wp\/v2\/media\/1311689"}],"wp:attachment":[{"href":"https:\/\/electromagazin.md\/ru\/wp-json\/wp\/v2\/media?parent=1302365"}],"wp:term":[{"taxonomy":"product_brand","embeddable":true,"href":"https:\/\/electromagazin.md\/ru\/wp-json\/wp\/v2\/product_brand?post=1302365"},{"taxonomy":"product_cat","embeddable":true,"href":"https:\/\/electromagazin.md\/ru\/wp-json\/wp\/v2\/product_cat?post=1302365"},{"taxonomy":"product_tag","embeddable":true,"href":"https:\/\/electromagazin.md\/ru\/wp-json\/wp\/v2\/product_tag?post=1302365"}],"curies":[{"name":"wp","href":"https:\/\/api.w.org\/{rel}","templated":true}]}}