{"id":1297677,"date":"2026-01-18T18:38:56","date_gmt":"2026-01-18T15:38:56","guid":{"rendered":"https:\/\/electromagazin.md\/produs\/corp-de-iluminat-de-gradina-negru-30cm\/"},"modified":"2026-01-19T02:34:00","modified_gmt":"2026-01-18T23:34:00","slug":"corp-de-iluminat-de-gradina-negru-30cm","status":"publish","type":"product","link":"https:\/\/electromagazin.md\/ru\/produs\/corp-de-iluminat-de-gradina-negru-30cm\/","title":{"rendered":"\u0421\u0430\u0434\u043e\u0432\u044b\u0439 \u0444\u043e\u043d\u0430\u0440\u044c \u0447\u0435\u0440\u043d\u044b\u0439 30cm"},"content":{"rendered":"","protected":false},"excerpt":{"rendered":"","protected":false},"featured_media":1309398,"comment_status":"closed","ping_status":"open","template":"","meta":{"_acf_changed":false,"_analytify_skip_tracking":false},"product_brand":[],"product_cat":[1196,972],"product_tag":[],"class_list":{"0":"post-1297677","1":"product","2":"type-product","3":"status-publish","4":"has-post-thumbnail","6":"product_cat-felinare-de-fatada","7":"product_cat-iluminat","8":"pa_culoare-negru","9":"pa_dimensiuni-30cm","10":"pa_nume-corp-de-iluminat-de-gradina","12":"first","13":"instock","14":"purchasable","15":"product-type-simple"},"acf":[],"yoast_head":"<!-- This site is optimized with the Yoast SEO Premium plugin v26.3 (Yoast SEO v27.2) - https:\/\/yoast.com\/product\/yoast-seo-premium-wordpress\/ -->\n<title>\u0421\u0430\u0434\u043e\u0432\u044b\u0439 \u0444\u043e\u043d\u0430\u0440\u044c \u0447\u0435\u0440\u043d\u044b\u0439 30cm - ELECTRO MAGAZIN<\/title>\n<meta name=\"robots\" content=\"index, follow, max-snippet:-1, max-image-preview:large, max-video-preview:-1\" \/>\n<link rel=\"canonical\" href=\"https:\/\/electromagazin.md\/ru\/produs\/corp-de-iluminat-de-gradina-negru-30cm\/\" \/>\n<meta property=\"og:locale\" content=\"ru_RU\" \/>\n<meta property=\"og:type\" content=\"article\" \/>\n<meta property=\"og:title\" content=\"\u0421\u0430\u0434\u043e\u0432\u044b\u0439 \u0444\u043e\u043d\u0430\u0440\u044c \u0447\u0435\u0440\u043d\u044b\u0439 30cm\" \/>\n<meta property=\"og:url\" content=\"https:\/\/electromagazin.md\/ru\/produs\/corp-de-iluminat-de-gradina-negru-30cm\/\" \/>\n<meta property=\"og:site_name\" content=\"ELECTRO MAGAZIN\" \/>\n<meta property=\"article:modified_time\" content=\"2026-01-18T23:34:00+00:00\" \/>\n<meta property=\"og:image\" content=\"https:\/\/electromagazin.md\/wp-content\/uploads\/2026\/01\/33909cf3-23fc-11ef-bc7b-ba9af3f571eb_1.jpg\" \/>\n\t<meta property=\"og:image:width\" content=\"381\" \/>\n\t<meta property=\"og:image:height\" content=\"492\" \/>\n\t<meta property=\"og:image:type\" content=\"image\/jpeg\" \/>\n<meta name=\"twitter:card\" content=\"summary_large_image\" \/>\n<meta name=\"twitter:label1\" content=\"\u0426\u0435\u043d\u0430\" \/>\n\t<meta name=\"twitter:data1\" content=\"47,20&nbsp;MDL\" \/>\n\t<meta name=\"twitter:label2\" content=\"\u0414\u043e\u0441\u0442\u0443\u043f\u043d\u043e\u0441\u0442\u044c\" \/>\n\t<meta name=\"twitter:data2\" content=\"\u0412 \u043d\u0430\u043b\u0438\u0447\u0438\u0438\" \/>\n<script type=\"application\/ld+json\" class=\"yoast-schema-graph\">{\"@context\":\"https:\/\/schema.org\",\"@graph\":[{\"@type\":\"WebPage\",\"@id\":\"https:\/\/electromagazin.md\/ru\/produs\/corp-de-iluminat-de-gradina-negru-30cm\/\",\"url\":\"https:\/\/electromagazin.md\/ru\/produs\/corp-de-iluminat-de-gradina-negru-30cm\/\",\"name\":\"\u0421\u0430\u0434\u043e\u0432\u044b\u0439 \u0444\u043e\u043d\u0430\u0440\u044c \u0447\u0435\u0440\u043d\u044b\u0439 30cm - ELECTRO MAGAZIN\",\"isPartOf\":{\"@id\":\"https:\/\/electromagazin.md\/ru\/#website\"},\"primaryImageOfPage\":{\"@id\":\"https:\/\/electromagazin.md\/ru\/produs\/corp-de-iluminat-de-gradina-negru-30cm\/#primaryimage\"},\"image\":{\"@id\":\"https:\/\/electromagazin.md\/ru\/produs\/corp-de-iluminat-de-gradina-negru-30cm\/#primaryimage\"},\"thumbnailUrl\":\"https:\/\/electromagazin.md\/wp-content\/uploads\/2026\/01\/33909cf3-23fc-11ef-bc7b-ba9af3f571eb_1.jpg\",\"datePublished\":\"2026-01-18T15:38:56+00:00\",\"dateModified\":\"2026-01-18T23:34:00+00:00\",\"breadcrumb\":{\"@id\":\"https:\/\/electromagazin.md\/ru\/produs\/corp-de-iluminat-de-gradina-negru-30cm\/#breadcrumb\"},\"inLanguage\":\"ru-RU\",\"potentialAction\":[{\"@type\":\"ReadAction\",\"target\":[[\"https:\/\/electromagazin.md\/ru\/produs\/corp-de-iluminat-de-gradina-negru-30cm\/\"]]}]},{\"@type\":\"ImageObject\",\"inLanguage\":\"ru-RU\",\"@id\":\"https:\/\/electromagazin.md\/ru\/produs\/corp-de-iluminat-de-gradina-negru-30cm\/#primaryimage\",\"url\":\"https:\/\/electromagazin.md\/wp-content\/uploads\/2026\/01\/33909cf3-23fc-11ef-bc7b-ba9af3f571eb_1.jpg\",\"contentUrl\":\"https:\/\/electromagazin.md\/wp-content\/uploads\/2026\/01\/33909cf3-23fc-11ef-bc7b-ba9af3f571eb_1.jpg\",\"width\":381,\"height\":492},{\"@type\":\"BreadcrumbList\",\"@id\":\"https:\/\/electromagazin.md\/ru\/produs\/corp-de-iluminat-de-gradina-negru-30cm\/#breadcrumb\",\"itemListElement\":[{\"@type\":\"ListItem\",\"position\":1,\"name\":\"Prima pagin\u0103\",\"item\":\"https:\/\/electromagazin.md\/ru\/\"},{\"@type\":\"ListItem\",\"position\":2,\"name\":\"Magazin\",\"item\":\"https:\/\/electromagazin.md\/ru\/magazin\/\"},{\"@type\":\"ListItem\",\"position\":3,\"name\":\"\u0421\u0430\u0434\u043e\u0432\u044b\u0439 \u0444\u043e\u043d\u0430\u0440\u044c \u0447\u0435\u0440\u043d\u044b\u0439 30cm\"}]},{\"@type\":\"WebSite\",\"@id\":\"https:\/\/electromagazin.md\/ru\/#website\",\"url\":\"https:\/\/electromagazin.md\/ru\/\",\"name\":\"ELECTRO MAGAZIN\",\"description\":\"(Rom\u00e2n\u0103) Alege lumina potrivit\u0103!\",\"publisher\":{\"@id\":\"https:\/\/electromagazin.md\/ru\/#organization\"},\"potentialAction\":[{\"@type\":\"SearchAction\",\"target\":{\"@type\":\"EntryPoint\",\"urlTemplate\":\"https:\/\/electromagazin.md\/ru\/?s={search_term_string}\"},\"query-input\":{\"@type\":\"PropertyValueSpecification\",\"valueRequired\":true,\"valueName\":\"search_term_string\"}}],\"inLanguage\":\"ru-RU\"},{\"@type\":\"Organization\",\"@id\":\"https:\/\/electromagazin.md\/ru\/#organization\",\"name\":\"ELECTRO MAGAZIN S.R.L\",\"url\":\"https:\/\/electromagazin.md\/ru\/\",\"logo\":{\"@type\":\"ImageObject\",\"inLanguage\":\"ru-RU\",\"@id\":\"https:\/\/electromagazin.md\/ru\/#\/schema\/logo\/image\/\",\"url\":\"https:\/\/electromagazin.md\/wp-content\/uploads\/2020\/02\/logo.png\",\"contentUrl\":\"https:\/\/electromagazin.md\/wp-content\/uploads\/2020\/02\/logo.png\",\"width\":753,\"height\":169,\"caption\":\"ELECTRO MAGAZIN S.R.L\"},\"image\":{\"@id\":\"https:\/\/electromagazin.md\/ru\/#\/schema\/logo\/image\/\"}}]}<\/script>\n<meta property=\"product:price:amount\" content=\"47.20\" \/>\n<meta property=\"product:price:currency\" content=\"MDL\" \/>\n<meta property=\"og:availability\" content=\"instock\" \/>\n<meta property=\"product:availability\" content=\"instock\" \/>\n<meta property=\"product:retailer_item_id\" content=\"8341\" \/>\n<meta property=\"product:condition\" content=\"new\" \/>\n<!-- \/ Yoast SEO Premium plugin. -->","yoast_head_json":{"title":"\u0421\u0430\u0434\u043e\u0432\u044b\u0439 \u0444\u043e\u043d\u0430\u0440\u044c \u0447\u0435\u0440\u043d\u044b\u0439 30cm - ELECTRO MAGAZIN","robots":{"index":"index","follow":"follow","max-snippet":"max-snippet:-1","max-image-preview":"max-image-preview:large","max-video-preview":"max-video-preview:-1"},"canonical":"https:\/\/electromagazin.md\/ru\/produs\/corp-de-iluminat-de-gradina-negru-30cm\/","og_locale":"ru_RU","og_type":"article","og_title":"\u0421\u0430\u0434\u043e\u0432\u044b\u0439 \u0444\u043e\u043d\u0430\u0440\u044c \u0447\u0435\u0440\u043d\u044b\u0439 30cm","og_url":"https:\/\/electromagazin.md\/ru\/produs\/corp-de-iluminat-de-gradina-negru-30cm\/","og_site_name":"ELECTRO MAGAZIN","article_modified_time":"2026-01-18T23:34:00+00:00","og_image":[{"width":381,"height":492,"url":"https:\/\/electromagazin.md\/wp-content\/uploads\/2026\/01\/33909cf3-23fc-11ef-bc7b-ba9af3f571eb_1.jpg","type":"image\/jpeg"}],"twitter_card":"summary_large_image","twitter_misc":{"\u0426\u0435\u043d\u0430":"47,20&nbsp;MDL","\u0414\u043e\u0441\u0442\u0443\u043f\u043d\u043e\u0441\u0442\u044c":"\u0412 \u043d\u0430\u043b\u0438\u0447\u0438\u0438"},"schema":{"@context":"https:\/\/schema.org","@graph":[{"@type":"WebPage","@id":"https:\/\/electromagazin.md\/ru\/produs\/corp-de-iluminat-de-gradina-negru-30cm\/","url":"https:\/\/electromagazin.md\/ru\/produs\/corp-de-iluminat-de-gradina-negru-30cm\/","name":"\u0421\u0430\u0434\u043e\u0432\u044b\u0439 \u0444\u043e\u043d\u0430\u0440\u044c \u0447\u0435\u0440\u043d\u044b\u0439 30cm - ELECTRO MAGAZIN","isPartOf":{"@id":"https:\/\/electromagazin.md\/ru\/#website"},"primaryImageOfPage":{"@id":"https:\/\/electromagazin.md\/ru\/produs\/corp-de-iluminat-de-gradina-negru-30cm\/#primaryimage"},"image":{"@id":"https:\/\/electromagazin.md\/ru\/produs\/corp-de-iluminat-de-gradina-negru-30cm\/#primaryimage"},"thumbnailUrl":"https:\/\/electromagazin.md\/wp-content\/uploads\/2026\/01\/33909cf3-23fc-11ef-bc7b-ba9af3f571eb_1.jpg","datePublished":"2026-01-18T15:38:56+00:00","dateModified":"2026-01-18T23:34:00+00:00","breadcrumb":{"@id":"https:\/\/electromagazin.md\/ru\/produs\/corp-de-iluminat-de-gradina-negru-30cm\/#breadcrumb"},"inLanguage":"ru-RU","potentialAction":[{"@type":"ReadAction","target":[["https:\/\/electromagazin.md\/ru\/produs\/corp-de-iluminat-de-gradina-negru-30cm\/"]]}]},{"@type":"ImageObject","inLanguage":"ru-RU","@id":"https:\/\/electromagazin.md\/ru\/produs\/corp-de-iluminat-de-gradina-negru-30cm\/#primaryimage","url":"https:\/\/electromagazin.md\/wp-content\/uploads\/2026\/01\/33909cf3-23fc-11ef-bc7b-ba9af3f571eb_1.jpg","contentUrl":"https:\/\/electromagazin.md\/wp-content\/uploads\/2026\/01\/33909cf3-23fc-11ef-bc7b-ba9af3f571eb_1.jpg","width":381,"height":492},{"@type":"BreadcrumbList","@id":"https:\/\/electromagazin.md\/ru\/produs\/corp-de-iluminat-de-gradina-negru-30cm\/#breadcrumb","itemListElement":[{"@type":"ListItem","position":1,"name":"Prima pagin\u0103","item":"https:\/\/electromagazin.md\/ru\/"},{"@type":"ListItem","position":2,"name":"Magazin","item":"https:\/\/electromagazin.md\/ru\/magazin\/"},{"@type":"ListItem","position":3,"name":"\u0421\u0430\u0434\u043e\u0432\u044b\u0439 \u0444\u043e\u043d\u0430\u0440\u044c \u0447\u0435\u0440\u043d\u044b\u0439 30cm"}]},{"@type":"WebSite","@id":"https:\/\/electromagazin.md\/ru\/#website","url":"https:\/\/electromagazin.md\/ru\/","name":"ELECTRO MAGAZIN","description":"(Rom\u00e2n\u0103) Alege lumina potrivit\u0103!","publisher":{"@id":"https:\/\/electromagazin.md\/ru\/#organization"},"potentialAction":[{"@type":"SearchAction","target":{"@type":"EntryPoint","urlTemplate":"https:\/\/electromagazin.md\/ru\/?s={search_term_string}"},"query-input":{"@type":"PropertyValueSpecification","valueRequired":true,"valueName":"search_term_string"}}],"inLanguage":"ru-RU"},{"@type":"Organization","@id":"https:\/\/electromagazin.md\/ru\/#organization","name":"ELECTRO MAGAZIN S.R.L","url":"https:\/\/electromagazin.md\/ru\/","logo":{"@type":"ImageObject","inLanguage":"ru-RU","@id":"https:\/\/electromagazin.md\/ru\/#\/schema\/logo\/image\/","url":"https:\/\/electromagazin.md\/wp-content\/uploads\/2020\/02\/logo.png","contentUrl":"https:\/\/electromagazin.md\/wp-content\/uploads\/2020\/02\/logo.png","width":753,"height":169,"caption":"ELECTRO MAGAZIN S.R.L"},"image":{"@id":"https:\/\/electromagazin.md\/ru\/#\/schema\/logo\/image\/"}}]},"product_price_amount":"47.20","product_price_currency":"MDL","og_availability":"instock","product_availability":"instock","product_retailer_item_id":"8341","product_condition":"new"},"_links":{"self":[{"href":"https:\/\/electromagazin.md\/ru\/wp-json\/wp\/v2\/product\/1297677","targetHints":{"allow":["GET"]}}],"collection":[{"href":"https:\/\/electromagazin.md\/ru\/wp-json\/wp\/v2\/product"}],"about":[{"href":"https:\/\/electromagazin.md\/ru\/wp-json\/wp\/v2\/types\/product"}],"replies":[{"embeddable":true,"href":"https:\/\/electromagazin.md\/ru\/wp-json\/wp\/v2\/comments?post=1297677"}],"wp:featuredmedia":[{"embeddable":true,"href":"https:\/\/electromagazin.md\/ru\/wp-json\/wp\/v2\/media\/1309398"}],"wp:attachment":[{"href":"https:\/\/electromagazin.md\/ru\/wp-json\/wp\/v2\/media?parent=1297677"}],"wp:term":[{"taxonomy":"product_brand","embeddable":true,"href":"https:\/\/electromagazin.md\/ru\/wp-json\/wp\/v2\/product_brand?post=1297677"},{"taxonomy":"product_cat","embeddable":true,"href":"https:\/\/electromagazin.md\/ru\/wp-json\/wp\/v2\/product_cat?post=1297677"},{"taxonomy":"product_tag","embeddable":true,"href":"https:\/\/electromagazin.md\/ru\/wp-json\/wp\/v2\/product_tag?post=1297677"}],"curies":[{"name":"wp","href":"https:\/\/api.w.org\/{rel}","templated":true}]}}