{"id":1285953,"date":"2026-01-17T14:33:25","date_gmt":"2026-01-17T11:33:25","guid":{"rendered":"https:\/\/electromagazin.md\/produs\/aparat-de-sudat-cu-invertor-160tlux-160a-220v-65-69-resanta\/"},"modified":"2026-01-18T23:51:44","modified_gmt":"2026-01-18T20:51:44","slug":"aparat-de-sudat-cu-invertor-160tlux-160a-220v-65-69-resanta","status":"publish","type":"product","link":"https:\/\/electromagazin.md\/ru\/produs\/aparat-de-sudat-cu-invertor-160tlux-160a-220v-65-69-resanta\/","title":{"rendered":"APARAT DE SUDAT CU INVERTOR 160TLUX 160A 220V 65\/69 RESANTA"},"content":{"rendered":"","protected":false},"excerpt":{"rendered":"","protected":false},"featured_media":1306799,"comment_status":"closed","ping_status":"open","template":"","meta":{"_acf_changed":false,"_analytify_skip_tracking":false},"product_brand":[],"product_cat":[1522,1191,989],"product_tag":[],"class_list":{"0":"post-1285953","1":"product","2":"type-product","3":"status-publish","4":"has-post-thumbnail","6":"product_cat-aparate-de-sudat-aparate-de-sudat","7":"product_cat-aparate-de-sudat","8":"product_cat-instrumente-electrice","10":"first","11":"instock","12":"purchasable","13":"product-type-simple"},"acf":[],"yoast_head":"<!-- This site is optimized with the Yoast SEO Premium plugin v26.3 (Yoast SEO v27.2) - https:\/\/yoast.com\/product\/yoast-seo-premium-wordpress\/ -->\n<title>APARAT DE SUDAT CU INVERTOR 160TLUX 160A 220V 65\/69 RESANTA - ELECTRO MAGAZIN<\/title>\n<meta name=\"robots\" content=\"index, follow, max-snippet:-1, max-image-preview:large, max-video-preview:-1\" \/>\n<link rel=\"canonical\" href=\"https:\/\/electromagazin.md\/ru\/produs\/aparat-de-sudat-cu-invertor-160tlux-160a-220v-65-69-resanta\/\" \/>\n<meta property=\"og:locale\" content=\"ru_RU\" \/>\n<meta property=\"og:type\" content=\"article\" \/>\n<meta property=\"og:title\" content=\"APARAT DE SUDAT CU INVERTOR 160TLUX 160A 220V 65\/69 RESANTA\" \/>\n<meta property=\"og:url\" content=\"https:\/\/electromagazin.md\/ru\/produs\/aparat-de-sudat-cu-invertor-160tlux-160a-220v-65-69-resanta\/\" \/>\n<meta property=\"og:site_name\" content=\"ELECTRO MAGAZIN\" \/>\n<meta property=\"article:modified_time\" content=\"2026-01-18T20:51:44+00:00\" \/>\n<meta property=\"og:image\" content=\"https:\/\/electromagazin.md\/wp-content\/uploads\/2026\/01\/0a1d190d-2dea-11ef-bc7b-ba9af3f571eb_1.jpg\" \/>\n\t<meta property=\"og:image:width\" content=\"600\" \/>\n\t<meta property=\"og:image:height\" content=\"515\" \/>\n\t<meta property=\"og:image:type\" content=\"image\/jpeg\" \/>\n<meta name=\"twitter:card\" content=\"summary_large_image\" \/>\n<meta name=\"twitter:label1\" content=\"\u0426\u0435\u043d\u0430\" \/>\n\t<meta name=\"twitter:data1\" content=\"2.271,00&nbsp;MDL\" \/>\n\t<meta name=\"twitter:label2\" content=\"\u0414\u043e\u0441\u0442\u0443\u043f\u043d\u043e\u0441\u0442\u044c\" \/>\n\t<meta name=\"twitter:data2\" content=\"\u0412 \u043d\u0430\u043b\u0438\u0447\u0438\u0438\" \/>\n<script type=\"application\/ld+json\" class=\"yoast-schema-graph\">{\"@context\":\"https:\/\/schema.org\",\"@graph\":[{\"@type\":\"WebPage\",\"@id\":\"https:\/\/electromagazin.md\/ru\/produs\/aparat-de-sudat-cu-invertor-160tlux-160a-220v-65-69-resanta\/\",\"url\":\"https:\/\/electromagazin.md\/ru\/produs\/aparat-de-sudat-cu-invertor-160tlux-160a-220v-65-69-resanta\/\",\"name\":\"APARAT DE SUDAT CU INVERTOR 160TLUX 160A 220V 65\/69 RESANTA - ELECTRO MAGAZIN\",\"isPartOf\":{\"@id\":\"https:\/\/electromagazin.md\/ru\/#website\"},\"primaryImageOfPage\":{\"@id\":\"https:\/\/electromagazin.md\/ru\/produs\/aparat-de-sudat-cu-invertor-160tlux-160a-220v-65-69-resanta\/#primaryimage\"},\"image\":{\"@id\":\"https:\/\/electromagazin.md\/ru\/produs\/aparat-de-sudat-cu-invertor-160tlux-160a-220v-65-69-resanta\/#primaryimage\"},\"thumbnailUrl\":\"https:\/\/electromagazin.md\/wp-content\/uploads\/2026\/01\/0a1d190d-2dea-11ef-bc7b-ba9af3f571eb_1.jpg\",\"datePublished\":\"2026-01-17T11:33:25+00:00\",\"dateModified\":\"2026-01-18T20:51:44+00:00\",\"breadcrumb\":{\"@id\":\"https:\/\/electromagazin.md\/ru\/produs\/aparat-de-sudat-cu-invertor-160tlux-160a-220v-65-69-resanta\/#breadcrumb\"},\"inLanguage\":\"ru-RU\",\"potentialAction\":[{\"@type\":\"ReadAction\",\"target\":[[\"https:\/\/electromagazin.md\/ru\/produs\/aparat-de-sudat-cu-invertor-160tlux-160a-220v-65-69-resanta\/\"]]}]},{\"@type\":\"ImageObject\",\"inLanguage\":\"ru-RU\",\"@id\":\"https:\/\/electromagazin.md\/ru\/produs\/aparat-de-sudat-cu-invertor-160tlux-160a-220v-65-69-resanta\/#primaryimage\",\"url\":\"https:\/\/electromagazin.md\/wp-content\/uploads\/2026\/01\/0a1d190d-2dea-11ef-bc7b-ba9af3f571eb_1.jpg\",\"contentUrl\":\"https:\/\/electromagazin.md\/wp-content\/uploads\/2026\/01\/0a1d190d-2dea-11ef-bc7b-ba9af3f571eb_1.jpg\",\"width\":600,\"height\":515},{\"@type\":\"BreadcrumbList\",\"@id\":\"https:\/\/electromagazin.md\/ru\/produs\/aparat-de-sudat-cu-invertor-160tlux-160a-220v-65-69-resanta\/#breadcrumb\",\"itemListElement\":[{\"@type\":\"ListItem\",\"position\":1,\"name\":\"Prima pagin\u0103\",\"item\":\"https:\/\/electromagazin.md\/ru\/\"},{\"@type\":\"ListItem\",\"position\":2,\"name\":\"Magazin\",\"item\":\"https:\/\/electromagazin.md\/ru\/magazin\/\"},{\"@type\":\"ListItem\",\"position\":3,\"name\":\"APARAT DE SUDAT CU INVERTOR 160TLUX 160A 220V 65\/69 RESANTA\"}]},{\"@type\":\"WebSite\",\"@id\":\"https:\/\/electromagazin.md\/ru\/#website\",\"url\":\"https:\/\/electromagazin.md\/ru\/\",\"name\":\"ELECTRO MAGAZIN\",\"description\":\"(Rom\u00e2n\u0103) Alege lumina potrivit\u0103!\",\"publisher\":{\"@id\":\"https:\/\/electromagazin.md\/ru\/#organization\"},\"potentialAction\":[{\"@type\":\"SearchAction\",\"target\":{\"@type\":\"EntryPoint\",\"urlTemplate\":\"https:\/\/electromagazin.md\/ru\/?s={search_term_string}\"},\"query-input\":{\"@type\":\"PropertyValueSpecification\",\"valueRequired\":true,\"valueName\":\"search_term_string\"}}],\"inLanguage\":\"ru-RU\"},{\"@type\":\"Organization\",\"@id\":\"https:\/\/electromagazin.md\/ru\/#organization\",\"name\":\"ELECTRO MAGAZIN S.R.L\",\"url\":\"https:\/\/electromagazin.md\/ru\/\",\"logo\":{\"@type\":\"ImageObject\",\"inLanguage\":\"ru-RU\",\"@id\":\"https:\/\/electromagazin.md\/ru\/#\/schema\/logo\/image\/\",\"url\":\"https:\/\/electromagazin.md\/wp-content\/uploads\/2020\/02\/logo.png\",\"contentUrl\":\"https:\/\/electromagazin.md\/wp-content\/uploads\/2020\/02\/logo.png\",\"width\":753,\"height\":169,\"caption\":\"ELECTRO MAGAZIN S.R.L\"},\"image\":{\"@id\":\"https:\/\/electromagazin.md\/ru\/#\/schema\/logo\/image\/\"}}]}<\/script>\n<meta property=\"product:price:amount\" content=\"2271.00\" \/>\n<meta property=\"product:price:currency\" content=\"MDL\" \/>\n<meta property=\"og:availability\" content=\"instock\" \/>\n<meta property=\"product:availability\" content=\"instock\" \/>\n<meta property=\"product:retailer_item_id\" content=\"R6569\" \/>\n<meta property=\"product:condition\" content=\"new\" \/>\n<!-- \/ Yoast SEO Premium plugin. -->","yoast_head_json":{"title":"APARAT DE SUDAT CU INVERTOR 160TLUX 160A 220V 65\/69 RESANTA - ELECTRO MAGAZIN","robots":{"index":"index","follow":"follow","max-snippet":"max-snippet:-1","max-image-preview":"max-image-preview:large","max-video-preview":"max-video-preview:-1"},"canonical":"https:\/\/electromagazin.md\/ru\/produs\/aparat-de-sudat-cu-invertor-160tlux-160a-220v-65-69-resanta\/","og_locale":"ru_RU","og_type":"article","og_title":"APARAT DE SUDAT CU INVERTOR 160TLUX 160A 220V 65\/69 RESANTA","og_url":"https:\/\/electromagazin.md\/ru\/produs\/aparat-de-sudat-cu-invertor-160tlux-160a-220v-65-69-resanta\/","og_site_name":"ELECTRO MAGAZIN","article_modified_time":"2026-01-18T20:51:44+00:00","og_image":[{"width":600,"height":515,"url":"https:\/\/electromagazin.md\/wp-content\/uploads\/2026\/01\/0a1d190d-2dea-11ef-bc7b-ba9af3f571eb_1.jpg","type":"image\/jpeg"}],"twitter_card":"summary_large_image","twitter_misc":{"\u0426\u0435\u043d\u0430":"2.271,00&nbsp;MDL","\u0414\u043e\u0441\u0442\u0443\u043f\u043d\u043e\u0441\u0442\u044c":"\u0412 \u043d\u0430\u043b\u0438\u0447\u0438\u0438"},"schema":{"@context":"https:\/\/schema.org","@graph":[{"@type":"WebPage","@id":"https:\/\/electromagazin.md\/ru\/produs\/aparat-de-sudat-cu-invertor-160tlux-160a-220v-65-69-resanta\/","url":"https:\/\/electromagazin.md\/ru\/produs\/aparat-de-sudat-cu-invertor-160tlux-160a-220v-65-69-resanta\/","name":"APARAT DE SUDAT CU INVERTOR 160TLUX 160A 220V 65\/69 RESANTA - ELECTRO MAGAZIN","isPartOf":{"@id":"https:\/\/electromagazin.md\/ru\/#website"},"primaryImageOfPage":{"@id":"https:\/\/electromagazin.md\/ru\/produs\/aparat-de-sudat-cu-invertor-160tlux-160a-220v-65-69-resanta\/#primaryimage"},"image":{"@id":"https:\/\/electromagazin.md\/ru\/produs\/aparat-de-sudat-cu-invertor-160tlux-160a-220v-65-69-resanta\/#primaryimage"},"thumbnailUrl":"https:\/\/electromagazin.md\/wp-content\/uploads\/2026\/01\/0a1d190d-2dea-11ef-bc7b-ba9af3f571eb_1.jpg","datePublished":"2026-01-17T11:33:25+00:00","dateModified":"2026-01-18T20:51:44+00:00","breadcrumb":{"@id":"https:\/\/electromagazin.md\/ru\/produs\/aparat-de-sudat-cu-invertor-160tlux-160a-220v-65-69-resanta\/#breadcrumb"},"inLanguage":"ru-RU","potentialAction":[{"@type":"ReadAction","target":[["https:\/\/electromagazin.md\/ru\/produs\/aparat-de-sudat-cu-invertor-160tlux-160a-220v-65-69-resanta\/"]]}]},{"@type":"ImageObject","inLanguage":"ru-RU","@id":"https:\/\/electromagazin.md\/ru\/produs\/aparat-de-sudat-cu-invertor-160tlux-160a-220v-65-69-resanta\/#primaryimage","url":"https:\/\/electromagazin.md\/wp-content\/uploads\/2026\/01\/0a1d190d-2dea-11ef-bc7b-ba9af3f571eb_1.jpg","contentUrl":"https:\/\/electromagazin.md\/wp-content\/uploads\/2026\/01\/0a1d190d-2dea-11ef-bc7b-ba9af3f571eb_1.jpg","width":600,"height":515},{"@type":"BreadcrumbList","@id":"https:\/\/electromagazin.md\/ru\/produs\/aparat-de-sudat-cu-invertor-160tlux-160a-220v-65-69-resanta\/#breadcrumb","itemListElement":[{"@type":"ListItem","position":1,"name":"Prima pagin\u0103","item":"https:\/\/electromagazin.md\/ru\/"},{"@type":"ListItem","position":2,"name":"Magazin","item":"https:\/\/electromagazin.md\/ru\/magazin\/"},{"@type":"ListItem","position":3,"name":"APARAT DE SUDAT CU INVERTOR 160TLUX 160A 220V 65\/69 RESANTA"}]},{"@type":"WebSite","@id":"https:\/\/electromagazin.md\/ru\/#website","url":"https:\/\/electromagazin.md\/ru\/","name":"ELECTRO MAGAZIN","description":"(Rom\u00e2n\u0103) Alege lumina potrivit\u0103!","publisher":{"@id":"https:\/\/electromagazin.md\/ru\/#organization"},"potentialAction":[{"@type":"SearchAction","target":{"@type":"EntryPoint","urlTemplate":"https:\/\/electromagazin.md\/ru\/?s={search_term_string}"},"query-input":{"@type":"PropertyValueSpecification","valueRequired":true,"valueName":"search_term_string"}}],"inLanguage":"ru-RU"},{"@type":"Organization","@id":"https:\/\/electromagazin.md\/ru\/#organization","name":"ELECTRO MAGAZIN S.R.L","url":"https:\/\/electromagazin.md\/ru\/","logo":{"@type":"ImageObject","inLanguage":"ru-RU","@id":"https:\/\/electromagazin.md\/ru\/#\/schema\/logo\/image\/","url":"https:\/\/electromagazin.md\/wp-content\/uploads\/2020\/02\/logo.png","contentUrl":"https:\/\/electromagazin.md\/wp-content\/uploads\/2020\/02\/logo.png","width":753,"height":169,"caption":"ELECTRO MAGAZIN S.R.L"},"image":{"@id":"https:\/\/electromagazin.md\/ru\/#\/schema\/logo\/image\/"}}]},"product_price_amount":"2271.00","product_price_currency":"MDL","og_availability":"instock","product_availability":"instock","product_retailer_item_id":"R6569","product_condition":"new"},"_links":{"self":[{"href":"https:\/\/electromagazin.md\/ru\/wp-json\/wp\/v2\/product\/1285953","targetHints":{"allow":["GET"]}}],"collection":[{"href":"https:\/\/electromagazin.md\/ru\/wp-json\/wp\/v2\/product"}],"about":[{"href":"https:\/\/electromagazin.md\/ru\/wp-json\/wp\/v2\/types\/product"}],"replies":[{"embeddable":true,"href":"https:\/\/electromagazin.md\/ru\/wp-json\/wp\/v2\/comments?post=1285953"}],"wp:featuredmedia":[{"embeddable":true,"href":"https:\/\/electromagazin.md\/ru\/wp-json\/wp\/v2\/media\/1306799"}],"wp:attachment":[{"href":"https:\/\/electromagazin.md\/ru\/wp-json\/wp\/v2\/media?parent=1285953"}],"wp:term":[{"taxonomy":"product_brand","embeddable":true,"href":"https:\/\/electromagazin.md\/ru\/wp-json\/wp\/v2\/product_brand?post=1285953"},{"taxonomy":"product_cat","embeddable":true,"href":"https:\/\/electromagazin.md\/ru\/wp-json\/wp\/v2\/product_cat?post=1285953"},{"taxonomy":"product_tag","embeddable":true,"href":"https:\/\/electromagazin.md\/ru\/wp-json\/wp\/v2\/product_tag?post=1285953"}],"curies":[{"name":"wp","href":"https:\/\/api.w.org\/{rel}","templated":true}]}}