{"id":1285751,"date":"2026-01-17T14:24:59","date_gmt":"2026-01-17T11:24:59","guid":{"rendered":"https:\/\/electromagazin.md\/produs\/adaptor-soclu-alb-din-e14-in-e27-enext\/"},"modified":"2026-01-18T23:45:38","modified_gmt":"2026-01-18T20:45:38","slug":"adaptor-soclu-alb-din-e14-in-e27-enext","status":"publish","type":"product","link":"https:\/\/electromagazin.md\/ru\/produs\/adaptor-soclu-alb-din-e14-in-e27-enext\/","title":{"rendered":"\u041f\u0435\u0440\u0435\u0445\u043e\u0434\u043d\u0438\u043a \u0441 \u0446\u043e\u043a\u043e\u043b\u044f \u0431\u0435\u043b\u044b\u0439 \u0441 \u041514 \u043d\u0430 \u041527 Enext"},"content":{"rendered":"","protected":false},"excerpt":{"rendered":"","protected":false},"featured_media":1306701,"comment_status":"closed","ping_status":"open","template":"","meta":{"_acf_changed":false,"_analytify_skip_tracking":false},"product_brand":[],"product_cat":[1013,1100,973,972],"product_tag":[],"class_list":{"0":"post-1285751","1":"product","2":"type-product","3":"status-publish","4":"has-post-thumbnail","6":"product_cat-adaptoare-becuri","7":"product_cat-becuri","8":"product_cat-becuri-led-2","9":"product_cat-iluminat","10":"pa_brand-enext","11":"pa_culoare-alb","12":"pa_nume-adaptor-soclu","13":"pa_tip-din-e14-in-e27","15":"first","16":"instock","17":"purchasable","18":"product-type-simple"},"acf":[],"yoast_head":"<!-- This site is optimized with the Yoast SEO Premium plugin v26.3 (Yoast SEO v27.2) - https:\/\/yoast.com\/product\/yoast-seo-premium-wordpress\/ -->\n<title>\u041f\u0435\u0440\u0435\u0445\u043e\u0434\u043d\u0438\u043a \u0441 \u0446\u043e\u043a\u043e\u043b\u044f \u0431\u0435\u043b\u044b\u0439 \u0441 \u041514 \u043d\u0430 \u041527 Enext - ELECTRO MAGAZIN<\/title>\n<meta name=\"robots\" content=\"index, follow, max-snippet:-1, max-image-preview:large, max-video-preview:-1\" \/>\n<link rel=\"canonical\" href=\"https:\/\/electromagazin.md\/ru\/produs\/adaptor-soclu-alb-din-e14-in-e27-enext\/\" \/>\n<meta property=\"og:locale\" content=\"ru_RU\" \/>\n<meta property=\"og:type\" content=\"article\" \/>\n<meta property=\"og:title\" content=\"\u041f\u0435\u0440\u0435\u0445\u043e\u0434\u043d\u0438\u043a \u0441 \u0446\u043e\u043a\u043e\u043b\u044f \u0431\u0435\u043b\u044b\u0439 \u0441 \u041514 \u043d\u0430 \u041527 Enext\" \/>\n<meta property=\"og:url\" content=\"https:\/\/electromagazin.md\/ru\/produs\/adaptor-soclu-alb-din-e14-in-e27-enext\/\" \/>\n<meta property=\"og:site_name\" content=\"ELECTRO MAGAZIN\" \/>\n<meta property=\"article:modified_time\" content=\"2026-01-18T20:45:38+00:00\" \/>\n<meta property=\"og:image\" content=\"https:\/\/electromagazin.md\/wp-content\/uploads\/2026\/01\/e0c08240-a0b9-11ea-bb52-ba9af3f571eb_1.jpg\" \/>\n\t<meta property=\"og:image:width\" content=\"350\" \/>\n\t<meta property=\"og:image:height\" content=\"274\" \/>\n\t<meta property=\"og:image:type\" content=\"image\/jpeg\" \/>\n<meta name=\"twitter:card\" content=\"summary_large_image\" \/>\n<meta name=\"twitter:label1\" content=\"\u0426\u0435\u043d\u0430\" \/>\n\t<meta name=\"twitter:data1\" content=\"23,00&nbsp;MDL\" \/>\n\t<meta name=\"twitter:label2\" content=\"\u0414\u043e\u0441\u0442\u0443\u043f\u043d\u043e\u0441\u0442\u044c\" \/>\n\t<meta name=\"twitter:data2\" content=\"\u0412 \u043d\u0430\u043b\u0438\u0447\u0438\u0438\" \/>\n<script type=\"application\/ld+json\" class=\"yoast-schema-graph\">{\"@context\":\"https:\/\/schema.org\",\"@graph\":[{\"@type\":\"WebPage\",\"@id\":\"https:\/\/electromagazin.md\/ru\/produs\/adaptor-soclu-alb-din-e14-in-e27-enext\/\",\"url\":\"https:\/\/electromagazin.md\/ru\/produs\/adaptor-soclu-alb-din-e14-in-e27-enext\/\",\"name\":\"\u041f\u0435\u0440\u0435\u0445\u043e\u0434\u043d\u0438\u043a \u0441 \u0446\u043e\u043a\u043e\u043b\u044f \u0431\u0435\u043b\u044b\u0439 \u0441 \u041514 \u043d\u0430 \u041527 Enext - ELECTRO MAGAZIN\",\"isPartOf\":{\"@id\":\"https:\/\/electromagazin.md\/ru\/#website\"},\"primaryImageOfPage\":{\"@id\":\"https:\/\/electromagazin.md\/ru\/produs\/adaptor-soclu-alb-din-e14-in-e27-enext\/#primaryimage\"},\"image\":{\"@id\":\"https:\/\/electromagazin.md\/ru\/produs\/adaptor-soclu-alb-din-e14-in-e27-enext\/#primaryimage\"},\"thumbnailUrl\":\"https:\/\/electromagazin.md\/wp-content\/uploads\/2026\/01\/e0c08240-a0b9-11ea-bb52-ba9af3f571eb_1.jpg\",\"datePublished\":\"2026-01-17T11:24:59+00:00\",\"dateModified\":\"2026-01-18T20:45:38+00:00\",\"breadcrumb\":{\"@id\":\"https:\/\/electromagazin.md\/ru\/produs\/adaptor-soclu-alb-din-e14-in-e27-enext\/#breadcrumb\"},\"inLanguage\":\"ru-RU\",\"potentialAction\":[{\"@type\":\"ReadAction\",\"target\":[[\"https:\/\/electromagazin.md\/ru\/produs\/adaptor-soclu-alb-din-e14-in-e27-enext\/\"]]}]},{\"@type\":\"ImageObject\",\"inLanguage\":\"ru-RU\",\"@id\":\"https:\/\/electromagazin.md\/ru\/produs\/adaptor-soclu-alb-din-e14-in-e27-enext\/#primaryimage\",\"url\":\"https:\/\/electromagazin.md\/wp-content\/uploads\/2026\/01\/e0c08240-a0b9-11ea-bb52-ba9af3f571eb_1.jpg\",\"contentUrl\":\"https:\/\/electromagazin.md\/wp-content\/uploads\/2026\/01\/e0c08240-a0b9-11ea-bb52-ba9af3f571eb_1.jpg\",\"width\":350,\"height\":274},{\"@type\":\"BreadcrumbList\",\"@id\":\"https:\/\/electromagazin.md\/ru\/produs\/adaptor-soclu-alb-din-e14-in-e27-enext\/#breadcrumb\",\"itemListElement\":[{\"@type\":\"ListItem\",\"position\":1,\"name\":\"Prima pagin\u0103\",\"item\":\"https:\/\/electromagazin.md\/ru\/\"},{\"@type\":\"ListItem\",\"position\":2,\"name\":\"Magazin\",\"item\":\"https:\/\/electromagazin.md\/ru\/magazin\/\"},{\"@type\":\"ListItem\",\"position\":3,\"name\":\"\u041f\u0435\u0440\u0435\u0445\u043e\u0434\u043d\u0438\u043a \u0441 \u0446\u043e\u043a\u043e\u043b\u044f \u0431\u0435\u043b\u044b\u0439 \u0441 \u041514 \u043d\u0430 \u041527 Enext\"}]},{\"@type\":\"WebSite\",\"@id\":\"https:\/\/electromagazin.md\/ru\/#website\",\"url\":\"https:\/\/electromagazin.md\/ru\/\",\"name\":\"ELECTRO MAGAZIN\",\"description\":\"(Rom\u00e2n\u0103) Alege lumina potrivit\u0103!\",\"publisher\":{\"@id\":\"https:\/\/electromagazin.md\/ru\/#organization\"},\"potentialAction\":[{\"@type\":\"SearchAction\",\"target\":{\"@type\":\"EntryPoint\",\"urlTemplate\":\"https:\/\/electromagazin.md\/ru\/?s={search_term_string}\"},\"query-input\":{\"@type\":\"PropertyValueSpecification\",\"valueRequired\":true,\"valueName\":\"search_term_string\"}}],\"inLanguage\":\"ru-RU\"},{\"@type\":\"Organization\",\"@id\":\"https:\/\/electromagazin.md\/ru\/#organization\",\"name\":\"ELECTRO MAGAZIN S.R.L\",\"url\":\"https:\/\/electromagazin.md\/ru\/\",\"logo\":{\"@type\":\"ImageObject\",\"inLanguage\":\"ru-RU\",\"@id\":\"https:\/\/electromagazin.md\/ru\/#\/schema\/logo\/image\/\",\"url\":\"https:\/\/electromagazin.md\/wp-content\/uploads\/2020\/02\/logo.png\",\"contentUrl\":\"https:\/\/electromagazin.md\/wp-content\/uploads\/2020\/02\/logo.png\",\"width\":753,\"height\":169,\"caption\":\"ELECTRO MAGAZIN S.R.L\"},\"image\":{\"@id\":\"https:\/\/electromagazin.md\/ru\/#\/schema\/logo\/image\/\"}}]}<\/script>\n<meta property=\"product:price:amount\" content=\"23.00\" \/>\n<meta property=\"product:price:currency\" content=\"MDL\" \/>\n<meta property=\"og:availability\" content=\"instock\" \/>\n<meta property=\"product:availability\" content=\"instock\" \/>\n<meta property=\"product:retailer_item_id\" content=\"S9100022\" \/>\n<meta property=\"product:condition\" content=\"new\" \/>\n<!-- \/ Yoast SEO Premium plugin. -->","yoast_head_json":{"title":"\u041f\u0435\u0440\u0435\u0445\u043e\u0434\u043d\u0438\u043a \u0441 \u0446\u043e\u043a\u043e\u043b\u044f \u0431\u0435\u043b\u044b\u0439 \u0441 \u041514 \u043d\u0430 \u041527 Enext - ELECTRO MAGAZIN","robots":{"index":"index","follow":"follow","max-snippet":"max-snippet:-1","max-image-preview":"max-image-preview:large","max-video-preview":"max-video-preview:-1"},"canonical":"https:\/\/electromagazin.md\/ru\/produs\/adaptor-soclu-alb-din-e14-in-e27-enext\/","og_locale":"ru_RU","og_type":"article","og_title":"\u041f\u0435\u0440\u0435\u0445\u043e\u0434\u043d\u0438\u043a \u0441 \u0446\u043e\u043a\u043e\u043b\u044f \u0431\u0435\u043b\u044b\u0439 \u0441 \u041514 \u043d\u0430 \u041527 Enext","og_url":"https:\/\/electromagazin.md\/ru\/produs\/adaptor-soclu-alb-din-e14-in-e27-enext\/","og_site_name":"ELECTRO MAGAZIN","article_modified_time":"2026-01-18T20:45:38+00:00","og_image":[{"width":350,"height":274,"url":"https:\/\/electromagazin.md\/wp-content\/uploads\/2026\/01\/e0c08240-a0b9-11ea-bb52-ba9af3f571eb_1.jpg","type":"image\/jpeg"}],"twitter_card":"summary_large_image","twitter_misc":{"\u0426\u0435\u043d\u0430":"23,00&nbsp;MDL","\u0414\u043e\u0441\u0442\u0443\u043f\u043d\u043e\u0441\u0442\u044c":"\u0412 \u043d\u0430\u043b\u0438\u0447\u0438\u0438"},"schema":{"@context":"https:\/\/schema.org","@graph":[{"@type":"WebPage","@id":"https:\/\/electromagazin.md\/ru\/produs\/adaptor-soclu-alb-din-e14-in-e27-enext\/","url":"https:\/\/electromagazin.md\/ru\/produs\/adaptor-soclu-alb-din-e14-in-e27-enext\/","name":"\u041f\u0435\u0440\u0435\u0445\u043e\u0434\u043d\u0438\u043a \u0441 \u0446\u043e\u043a\u043e\u043b\u044f \u0431\u0435\u043b\u044b\u0439 \u0441 \u041514 \u043d\u0430 \u041527 Enext - ELECTRO MAGAZIN","isPartOf":{"@id":"https:\/\/electromagazin.md\/ru\/#website"},"primaryImageOfPage":{"@id":"https:\/\/electromagazin.md\/ru\/produs\/adaptor-soclu-alb-din-e14-in-e27-enext\/#primaryimage"},"image":{"@id":"https:\/\/electromagazin.md\/ru\/produs\/adaptor-soclu-alb-din-e14-in-e27-enext\/#primaryimage"},"thumbnailUrl":"https:\/\/electromagazin.md\/wp-content\/uploads\/2026\/01\/e0c08240-a0b9-11ea-bb52-ba9af3f571eb_1.jpg","datePublished":"2026-01-17T11:24:59+00:00","dateModified":"2026-01-18T20:45:38+00:00","breadcrumb":{"@id":"https:\/\/electromagazin.md\/ru\/produs\/adaptor-soclu-alb-din-e14-in-e27-enext\/#breadcrumb"},"inLanguage":"ru-RU","potentialAction":[{"@type":"ReadAction","target":[["https:\/\/electromagazin.md\/ru\/produs\/adaptor-soclu-alb-din-e14-in-e27-enext\/"]]}]},{"@type":"ImageObject","inLanguage":"ru-RU","@id":"https:\/\/electromagazin.md\/ru\/produs\/adaptor-soclu-alb-din-e14-in-e27-enext\/#primaryimage","url":"https:\/\/electromagazin.md\/wp-content\/uploads\/2026\/01\/e0c08240-a0b9-11ea-bb52-ba9af3f571eb_1.jpg","contentUrl":"https:\/\/electromagazin.md\/wp-content\/uploads\/2026\/01\/e0c08240-a0b9-11ea-bb52-ba9af3f571eb_1.jpg","width":350,"height":274},{"@type":"BreadcrumbList","@id":"https:\/\/electromagazin.md\/ru\/produs\/adaptor-soclu-alb-din-e14-in-e27-enext\/#breadcrumb","itemListElement":[{"@type":"ListItem","position":1,"name":"Prima pagin\u0103","item":"https:\/\/electromagazin.md\/ru\/"},{"@type":"ListItem","position":2,"name":"Magazin","item":"https:\/\/electromagazin.md\/ru\/magazin\/"},{"@type":"ListItem","position":3,"name":"\u041f\u0435\u0440\u0435\u0445\u043e\u0434\u043d\u0438\u043a \u0441 \u0446\u043e\u043a\u043e\u043b\u044f \u0431\u0435\u043b\u044b\u0439 \u0441 \u041514 \u043d\u0430 \u041527 Enext"}]},{"@type":"WebSite","@id":"https:\/\/electromagazin.md\/ru\/#website","url":"https:\/\/electromagazin.md\/ru\/","name":"ELECTRO MAGAZIN","description":"(Rom\u00e2n\u0103) Alege lumina potrivit\u0103!","publisher":{"@id":"https:\/\/electromagazin.md\/ru\/#organization"},"potentialAction":[{"@type":"SearchAction","target":{"@type":"EntryPoint","urlTemplate":"https:\/\/electromagazin.md\/ru\/?s={search_term_string}"},"query-input":{"@type":"PropertyValueSpecification","valueRequired":true,"valueName":"search_term_string"}}],"inLanguage":"ru-RU"},{"@type":"Organization","@id":"https:\/\/electromagazin.md\/ru\/#organization","name":"ELECTRO MAGAZIN S.R.L","url":"https:\/\/electromagazin.md\/ru\/","logo":{"@type":"ImageObject","inLanguage":"ru-RU","@id":"https:\/\/electromagazin.md\/ru\/#\/schema\/logo\/image\/","url":"https:\/\/electromagazin.md\/wp-content\/uploads\/2020\/02\/logo.png","contentUrl":"https:\/\/electromagazin.md\/wp-content\/uploads\/2020\/02\/logo.png","width":753,"height":169,"caption":"ELECTRO MAGAZIN S.R.L"},"image":{"@id":"https:\/\/electromagazin.md\/ru\/#\/schema\/logo\/image\/"}}]},"product_price_amount":"23.00","product_price_currency":"MDL","og_availability":"instock","product_availability":"instock","product_retailer_item_id":"S9100022","product_condition":"new"},"_links":{"self":[{"href":"https:\/\/electromagazin.md\/ru\/wp-json\/wp\/v2\/product\/1285751","targetHints":{"allow":["GET"]}}],"collection":[{"href":"https:\/\/electromagazin.md\/ru\/wp-json\/wp\/v2\/product"}],"about":[{"href":"https:\/\/electromagazin.md\/ru\/wp-json\/wp\/v2\/types\/product"}],"replies":[{"embeddable":true,"href":"https:\/\/electromagazin.md\/ru\/wp-json\/wp\/v2\/comments?post=1285751"}],"wp:featuredmedia":[{"embeddable":true,"href":"https:\/\/electromagazin.md\/ru\/wp-json\/wp\/v2\/media\/1306701"}],"wp:attachment":[{"href":"https:\/\/electromagazin.md\/ru\/wp-json\/wp\/v2\/media?parent=1285751"}],"wp:term":[{"taxonomy":"product_brand","embeddable":true,"href":"https:\/\/electromagazin.md\/ru\/wp-json\/wp\/v2\/product_brand?post=1285751"},{"taxonomy":"product_cat","embeddable":true,"href":"https:\/\/electromagazin.md\/ru\/wp-json\/wp\/v2\/product_cat?post=1285751"},{"taxonomy":"product_tag","embeddable":true,"href":"https:\/\/electromagazin.md\/ru\/wp-json\/wp\/v2\/product_tag?post=1285751"}],"curies":[{"name":"wp","href":"https:\/\/api.w.org\/{rel}","templated":true}]}}