{"id":5533,"date":"2020-04-01T20:21:14","date_gmt":"2020-04-01T17:21:14","guid":{"rendered":"https:\/\/electromagazin.md\/?page_id=5533"},"modified":"2023-06-16T12:04:11","modified_gmt":"2023-06-16T09:04:11","slug":"rechizitele-companiei","status":"publish","type":"page","link":"https:\/\/electromagazin.md\/ru\/rechizitele-companiei\/","title":{"rendered":"\u0420\u0435\u043a\u0432\u0438\u0437\u0438\u0442\u044b \u043a\u043e\u043c\u043f\u0430\u043d\u0438\u0438"},"content":{"rendered":"<div class=\"wpb-content-wrapper\"><p>[vc_row][vc_column][vc_empty_space][\/vc_column][\/vc_row][vc_row content_placement=&#187;middle&#187;][vc_column width=&#187;1\/4&#8243;][\/vc_column][vc_column width=&#187;1\/2&#8243;][vc_column_text]<\/p>\n<table>\n<tbody>\n<tr>\n<td width=\"181\"><span style=\"color: #000000;\"><strong>\u041a\u041e\u041c\u041f\u0410\u041d\u0418\u042f<\/strong><\/span><\/td>\n<td width=\"381\"><span style=\"color: #000000;\">ELECTRO MAGAZIN SRL<\/span><\/td>\n<\/tr>\n<tr>\n<td width=\"181\"><span style=\"color: #000000;\"><strong>\u041d\u0430\u043b\u043e\u0433\u043e\u0432\u044b\u0439 \u043a\u043e\u0434\u0435\u043a\u0441<\/strong><\/span><\/td>\n<td width=\"381\"><span style=\"color: #000000;\">1019600048847<\/span><\/td>\n<\/tr>\n<tr>\n<td width=\"181\"><span style=\"color: #000000;\"><strong>\u041a\u043e\u0434 \u041d\u0414\u0421<\/strong><\/span><\/td>\n<td width=\"381\"><span style=\"color: #000000;\">0610771<\/span><\/td>\n<\/tr>\n<tr>\n<td width=\"181\"><span style=\"color: #000000;\"><strong>\u0411\u0430\u043d\u043a\u043e\u0432\u0441\u043a\u0438\u0439 \u0441\u0447\u0435\u0442<\/strong><\/span><\/td>\n<td width=\"381\"><span style=\"color: #000000;\">MD28VI022241400000355MDL<\/span><\/td>\n<\/tr>\n<tr>\n<td width=\"181\"><span style=\"color: #000000;\"><strong>\u0411\u0430\u043d\u043a\u0430<\/strong><\/span><\/td>\n<td width=\"381\"><span style=\"color: #000000;\">BC &#187;VICTORIABANK&#187; SA\/ Sucursala Nr.14<\/span><\/td>\n<\/tr>\n<tr>\n<td width=\"181\"><span style=\"color: #000000;\"><strong>\u041a\u043e\u0434 \u0431\u0430\u043d\u043a\u0430<\/strong><\/span><\/td>\n<td width=\"381\"><span style=\"color: #000000;\">VICBMD2X446<\/span><\/td>\n<\/tr>\n<tr>\n<td width=\"181\"><span style=\"color: #000000;\"><strong>\u042e\u0440\u0438\u0434\u0438\u0447\u0435\u0441\u043a\u0438\u0439 \u0410\u0434\u0440\u0435\u0441<\/strong><\/span><\/td>\n<td width=\"381\"><span style=\"color: #000000;\">Str.Voluntarilor 8, Mun.Chi\u0219in\u0103u.<\/span><\/td>\n<\/tr>\n<tr>\n<td width=\"181\"><span style=\"color: #000000;\"><strong>\u0424\u0438\u0437\u0438\u0447\u0435\u0441\u043a\u0438\u0439 \u0410\u0434\u0440\u0435\u0441<\/strong><\/span><\/td>\n<td width=\"381\"><span style=\"color: #000000;\">Str.Voluntarilor 8\/4, Mun.Chi\u0219in\u0103u.<\/span><\/td>\n<\/tr>\n<tr>\n<td width=\"181\"><span style=\"color: #000000;\"><strong>\u0421\u0430\u0439\u0442<\/strong><\/span><\/td>\n<td width=\"381\"><span style=\"color: #0000ff;\"><a style=\"color: #0000ff;\" href=\"https:\/\/electromagazin.md\/\">www.electromagazin.md<\/a><\/span><\/td>\n<\/tr>\n<tr>\n<td width=\"181\"><span style=\"color: #000000;\"><strong>E-mail<\/strong><\/span><\/td>\n<td width=\"381\"><span style=\"color: #0000ff;\"><a style=\"color: #0000ff;\" href=\"mailto:info@electromagazin.md\">info@electromagazin.md<\/a><\/span><\/td>\n<\/tr>\n<tr>\n<td width=\"181\"><span style=\"color: #000000;\"><strong>\u0422\u0435\u043b\u0435\u0444\u043e\u043d<\/strong><\/span><\/td>\n<td width=\"381\"><span style=\"color: #0000ff;\">069370867<\/span><\/td>\n<\/tr>\n<\/tbody>\n<\/table>\n<p>[\/vc_column_text][vc_btn title=&#187;\u041d\u0430\u0436\u043c\u0438\u0442\u0435, \u0447\u0442\u043e\u0431\u044b \u0441\u043a\u0430\u0447\u0430\u0442\u044c \u0440\u0435\u043a\u0432\u0438\u0437\u0438\u0442\u044b&#187; style=&#187;gradient-custom&#187; gradient_custom_color_1=&#187;#100353&#8243; gradient_custom_color_2=&#187;#fffc00&#8243; align=&#187;center&#187; css_animation=&#187;fadeInUp&#187; link=&#187;url:https%3A%2F%2Felectromagazin.md%2Fwp-content%2Fuploads%2F2020%2F07%2FRECHIZITE-ELECTRO-MAGAZIN-SRL.pdf|title:Download|target:%20_blank|&#187;][\/vc_column][vc_column width=&#187;1\/4&#8243;][\/vc_column][\/vc_row][vc_row][vc_column][vc_empty_space][\/vc_column][\/vc_row]<\/p>\n<\/div>","protected":false},"excerpt":{"rendered":"<p>[vc_row][vc_column][vc_empty_space][\/vc_column][\/vc_row][vc_row content_placement=&#187;middle&#187;][vc_column width=&#187;1\/4&#8243;][\/vc_column][vc_column width=&#187;1\/2&#8243;][vc_column_text] \u041a\u041e\u041c\u041f\u0410\u041d\u0418\u042f ELECTRO MAGAZIN SRL \u041d\u0430\u043b\u043e\u0433\u043e\u0432\u044b\u0439 \u043a\u043e\u0434\u0435\u043a\u0441 1019600048847 \u041a\u043e\u0434 \u041d\u0414\u0421 0610771 \u0411\u0430\u043d\u043a\u043e\u0432\u0441\u043a\u0438\u0439 \u0441\u0447\u0435\u0442 MD28VI022241400000355MDL \u0411\u0430\u043d\u043a\u0430 BC &#187;VICTORIABANK&#187; SA\/ Sucursala Nr.14 \u041a\u043e\u0434 \u0431\u0430\u043d\u043a\u0430 VICBMD2X446 \u042e\u0440\u0438\u0434\u0438\u0447\u0435\u0441\u043a\u0438\u0439 \u0410\u0434\u0440\u0435\u0441 Str.Voluntarilor 8, Mun.Chi\u0219in\u0103u. \u0424\u0438\u0437\u0438\u0447\u0435\u0441\u043a\u0438\u0439 \u0410\u0434\u0440\u0435\u0441 Str.Voluntarilor 8\/4, Mun.Chi\u0219in\u0103u. \u0421\u0430\u0439\u0442 www.electromagazin.md E-mail info@electromagazin.md \u0422\u0435\u043b\u0435\u0444\u043e\u043d 069370867 [\/vc_column_text][vc_btn title=&#187;\u041d\u0430\u0436\u043c\u0438\u0442\u0435, \u0447\u0442\u043e\u0431\u044b \u0441\u043a\u0430\u0447\u0430\u0442\u044c \u0440\u0435\u043a\u0432\u0438\u0437\u0438\u0442\u044b&#187; style=&#187;gradient-custom&#187; gradient_custom_color_1=&#187;#100353&#8243; gradient_custom_color_2=&#187;#fffc00&#8243; align=&#187;center&#187; css_animation=&#187;fadeInUp&#187; link=&#187;url:https%3A%2F%2Felectromagazin.md%2Fwp-content%2Fuploads%2F2020%2F07%2FRECHIZITE-ELECTRO-MAGAZIN-SRL.pdf|title:Download|target:%20_blank|&#187;][\/vc_column][vc_column width=&#187;1\/4&#8243;][\/vc_column][\/vc_row][vc_row][vc_column][vc_empty_space][\/vc_column][\/vc_row]<\/p>\n","protected":false},"author":1,"featured_media":0,"parent":0,"menu_order":0,"comment_status":"closed","ping_status":"closed","template":"","meta":{"_acf_changed":false,"_analytify_skip_tracking":false,"footnotes":""},"class_list":["post-5533","page","type-page","status-publish","hentry"],"acf":[],"yoast_head":"<!-- This site is optimized with the Yoast SEO Premium plugin v26.3 (Yoast SEO v27.2) - https:\/\/yoast.com\/product\/yoast-seo-premium-wordpress\/ -->\n<title>\u0420\u0435\u043a\u0432\u0438\u0437\u0438\u0442\u044b \u043a\u043e\u043c\u043f\u0430\u043d\u0438\u0438 - ELECTRO MAGAZIN<\/title>\n<meta name=\"robots\" content=\"index, follow, max-snippet:-1, max-image-preview:large, max-video-preview:-1\" \/>\n<link rel=\"canonical\" href=\"https:\/\/electromagazin.md\/ru\/rechizitele-companiei\/\" \/>\n<meta property=\"og:locale\" content=\"ru_RU\" \/>\n<meta property=\"og:type\" content=\"article\" \/>\n<meta property=\"og:title\" content=\"\u0420\u0435\u043a\u0432\u0438\u0437\u0438\u0442\u044b \u043a\u043e\u043c\u043f\u0430\u043d\u0438\u0438\" \/>\n<meta property=\"og:description\" content=\"[vc_row][vc_column][vc_empty_space][\/vc_column][\/vc_row][vc_row content_placement=&#187;middle&#187;][vc_column width=&#187;1\/4&#8243;][\/vc_column][vc_column width=&#187;1\/2&#8243;][vc_column_text] \u041a\u041e\u041c\u041f\u0410\u041d\u0418\u042f ELECTRO MAGAZIN SRL \u041d\u0430\u043b\u043e\u0433\u043e\u0432\u044b\u0439 \u043a\u043e\u0434\u0435\u043a\u0441 1019600048847 \u041a\u043e\u0434 \u041d\u0414\u0421 0610771 \u0411\u0430\u043d\u043a\u043e\u0432\u0441\u043a\u0438\u0439 \u0441\u0447\u0435\u0442 MD28VI022241400000355MDL \u0411\u0430\u043d\u043a\u0430 BC &#187;VICTORIABANK&#187; SA\/ Sucursala Nr.14 \u041a\u043e\u0434 \u0431\u0430\u043d\u043a\u0430 VICBMD2X446 \u042e\u0440\u0438\u0434\u0438\u0447\u0435\u0441\u043a\u0438\u0439 \u0410\u0434\u0440\u0435\u0441 Str.Voluntarilor 8, Mun.Chi\u0219in\u0103u. \u0424\u0438\u0437\u0438\u0447\u0435\u0441\u043a\u0438\u0439 \u0410\u0434\u0440\u0435\u0441 Str.Voluntarilor 8\/4, Mun.Chi\u0219in\u0103u. \u0421\u0430\u0439\u0442 www.electromagazin.md E-mail info@electromagazin.md \u0422\u0435\u043b\u0435\u0444\u043e\u043d 069370867 [\/vc_column_text][vc_btn title=&#187;\u041d\u0430\u0436\u043c\u0438\u0442\u0435, \u0447\u0442\u043e\u0431\u044b \u0441\u043a\u0430\u0447\u0430\u0442\u044c \u0440\u0435\u043a\u0432\u0438\u0437\u0438\u0442\u044b&#187; style=&#187;gradient-custom&#187; gradient_custom_color_1=&#187;#100353&#8243; gradient_custom_color_2=&#187;#fffc00&#8243; align=&#187;center&#187; css_animation=&#187;fadeInUp&#187; link=&#187;url:https%3A%2F%2Felectromagazin.md%2Fwp-content%2Fuploads%2F2020%2F07%2FRECHIZITE-ELECTRO-MAGAZIN-SRL.pdf|title:Download|target:%20_blank|&#187;][\/vc_column][vc_column width=&#187;1\/4&#8243;][\/vc_column][\/vc_row][vc_row][vc_column][vc_empty_space][\/vc_column][\/vc_row]\" \/>\n<meta property=\"og:url\" content=\"https:\/\/electromagazin.md\/ru\/rechizitele-companiei\/\" \/>\n<meta property=\"og:site_name\" content=\"ELECTRO MAGAZIN\" \/>\n<meta property=\"article:modified_time\" content=\"2023-06-16T09:04:11+00:00\" \/>\n<meta name=\"twitter:card\" content=\"summary_large_image\" \/>\n<meta name=\"twitter:label1\" content=\"\u041f\u0440\u0438\u043c\u0435\u0440\u043d\u043e\u0435 \u0432\u0440\u0435\u043c\u044f \u0434\u043b\u044f \u0447\u0442\u0435\u043d\u0438\u044f\" \/>\n\t<meta name=\"twitter:data1\" content=\"1 \u043c\u0438\u043d\u0443\u0442\u0430\" \/>\n<script type=\"application\/ld+json\" class=\"yoast-schema-graph\">{\"@context\":\"https:\/\/schema.org\",\"@graph\":[{\"@type\":\"WebPage\",\"@id\":\"https:\/\/electromagazin.md\/ru\/rechizitele-companiei\/\",\"url\":\"https:\/\/electromagazin.md\/ru\/rechizitele-companiei\/\",\"name\":\"\u0420\u0435\u043a\u0432\u0438\u0437\u0438\u0442\u044b \u043a\u043e\u043c\u043f\u0430\u043d\u0438\u0438 - ELECTRO MAGAZIN\",\"isPartOf\":{\"@id\":\"https:\/\/electromagazin.md\/ru\/#website\"},\"datePublished\":\"2020-04-01T17:21:14+00:00\",\"dateModified\":\"2023-06-16T09:04:11+00:00\",\"breadcrumb\":{\"@id\":\"https:\/\/electromagazin.md\/ru\/rechizitele-companiei\/#breadcrumb\"},\"inLanguage\":\"ru-RU\",\"potentialAction\":[{\"@type\":\"ReadAction\",\"target\":[[\"https:\/\/electromagazin.md\/ru\/rechizitele-companiei\/\"]]}]},{\"@type\":\"BreadcrumbList\",\"@id\":\"https:\/\/electromagazin.md\/ru\/rechizitele-companiei\/#breadcrumb\",\"itemListElement\":[{\"@type\":\"ListItem\",\"position\":1,\"name\":\"Prima pagin\u0103\",\"item\":\"https:\/\/electromagazin.md\/ru\/\"},{\"@type\":\"ListItem\",\"position\":2,\"name\":\"Rechizitele companiei\"}]},{\"@type\":\"WebSite\",\"@id\":\"https:\/\/electromagazin.md\/ru\/#website\",\"url\":\"https:\/\/electromagazin.md\/ru\/\",\"name\":\"ELECTRO MAGAZIN\",\"description\":\"(Rom\u00e2n\u0103) Alege lumina potrivit\u0103!\",\"publisher\":{\"@id\":\"https:\/\/electromagazin.md\/ru\/#organization\"},\"potentialAction\":[{\"@type\":\"SearchAction\",\"target\":{\"@type\":\"EntryPoint\",\"urlTemplate\":\"https:\/\/electromagazin.md\/ru\/?s={search_term_string}\"},\"query-input\":{\"@type\":\"PropertyValueSpecification\",\"valueRequired\":true,\"valueName\":\"search_term_string\"}}],\"inLanguage\":\"ru-RU\"},{\"@type\":\"Organization\",\"@id\":\"https:\/\/electromagazin.md\/ru\/#organization\",\"name\":\"ELECTRO MAGAZIN S.R.L\",\"url\":\"https:\/\/electromagazin.md\/ru\/\",\"logo\":{\"@type\":\"ImageObject\",\"inLanguage\":\"ru-RU\",\"@id\":\"https:\/\/electromagazin.md\/ru\/#\/schema\/logo\/image\/\",\"url\":\"https:\/\/electromagazin.md\/wp-content\/uploads\/2020\/02\/logo.png\",\"contentUrl\":\"https:\/\/electromagazin.md\/wp-content\/uploads\/2020\/02\/logo.png\",\"width\":753,\"height\":169,\"caption\":\"ELECTRO MAGAZIN S.R.L\"},\"image\":{\"@id\":\"https:\/\/electromagazin.md\/ru\/#\/schema\/logo\/image\/\"}}]}<\/script>\n<!-- \/ Yoast SEO Premium plugin. -->","yoast_head_json":{"title":"\u0420\u0435\u043a\u0432\u0438\u0437\u0438\u0442\u044b \u043a\u043e\u043c\u043f\u0430\u043d\u0438\u0438 - ELECTRO MAGAZIN","robots":{"index":"index","follow":"follow","max-snippet":"max-snippet:-1","max-image-preview":"max-image-preview:large","max-video-preview":"max-video-preview:-1"},"canonical":"https:\/\/electromagazin.md\/ru\/rechizitele-companiei\/","og_locale":"ru_RU","og_type":"article","og_title":"\u0420\u0435\u043a\u0432\u0438\u0437\u0438\u0442\u044b \u043a\u043e\u043c\u043f\u0430\u043d\u0438\u0438","og_description":"[vc_row][vc_column][vc_empty_space][\/vc_column][\/vc_row][vc_row content_placement=&#187;middle&#187;][vc_column width=&#187;1\/4&#8243;][\/vc_column][vc_column width=&#187;1\/2&#8243;][vc_column_text] \u041a\u041e\u041c\u041f\u0410\u041d\u0418\u042f ELECTRO MAGAZIN SRL \u041d\u0430\u043b\u043e\u0433\u043e\u0432\u044b\u0439 \u043a\u043e\u0434\u0435\u043a\u0441 1019600048847 \u041a\u043e\u0434 \u041d\u0414\u0421 0610771 \u0411\u0430\u043d\u043a\u043e\u0432\u0441\u043a\u0438\u0439 \u0441\u0447\u0435\u0442 MD28VI022241400000355MDL \u0411\u0430\u043d\u043a\u0430 BC &#187;VICTORIABANK&#187; SA\/ Sucursala Nr.14 \u041a\u043e\u0434 \u0431\u0430\u043d\u043a\u0430 VICBMD2X446 \u042e\u0440\u0438\u0434\u0438\u0447\u0435\u0441\u043a\u0438\u0439 \u0410\u0434\u0440\u0435\u0441 Str.Voluntarilor 8, Mun.Chi\u0219in\u0103u. \u0424\u0438\u0437\u0438\u0447\u0435\u0441\u043a\u0438\u0439 \u0410\u0434\u0440\u0435\u0441 Str.Voluntarilor 8\/4, Mun.Chi\u0219in\u0103u. \u0421\u0430\u0439\u0442 www.electromagazin.md E-mail info@electromagazin.md \u0422\u0435\u043b\u0435\u0444\u043e\u043d 069370867 [\/vc_column_text][vc_btn title=&#187;\u041d\u0430\u0436\u043c\u0438\u0442\u0435, \u0447\u0442\u043e\u0431\u044b \u0441\u043a\u0430\u0447\u0430\u0442\u044c \u0440\u0435\u043a\u0432\u0438\u0437\u0438\u0442\u044b&#187; style=&#187;gradient-custom&#187; gradient_custom_color_1=&#187;#100353&#8243; gradient_custom_color_2=&#187;#fffc00&#8243; align=&#187;center&#187; css_animation=&#187;fadeInUp&#187; link=&#187;url:https%3A%2F%2Felectromagazin.md%2Fwp-content%2Fuploads%2F2020%2F07%2FRECHIZITE-ELECTRO-MAGAZIN-SRL.pdf|title:Download|target:%20_blank|&#187;][\/vc_column][vc_column width=&#187;1\/4&#8243;][\/vc_column][\/vc_row][vc_row][vc_column][vc_empty_space][\/vc_column][\/vc_row]","og_url":"https:\/\/electromagazin.md\/ru\/rechizitele-companiei\/","og_site_name":"ELECTRO MAGAZIN","article_modified_time":"2023-06-16T09:04:11+00:00","twitter_card":"summary_large_image","twitter_misc":{"\u041f\u0440\u0438\u043c\u0435\u0440\u043d\u043e\u0435 \u0432\u0440\u0435\u043c\u044f \u0434\u043b\u044f \u0447\u0442\u0435\u043d\u0438\u044f":"1 \u043c\u0438\u043d\u0443\u0442\u0430"},"schema":{"@context":"https:\/\/schema.org","@graph":[{"@type":"WebPage","@id":"https:\/\/electromagazin.md\/ru\/rechizitele-companiei\/","url":"https:\/\/electromagazin.md\/ru\/rechizitele-companiei\/","name":"\u0420\u0435\u043a\u0432\u0438\u0437\u0438\u0442\u044b \u043a\u043e\u043c\u043f\u0430\u043d\u0438\u0438 - ELECTRO MAGAZIN","isPartOf":{"@id":"https:\/\/electromagazin.md\/ru\/#website"},"datePublished":"2020-04-01T17:21:14+00:00","dateModified":"2023-06-16T09:04:11+00:00","breadcrumb":{"@id":"https:\/\/electromagazin.md\/ru\/rechizitele-companiei\/#breadcrumb"},"inLanguage":"ru-RU","potentialAction":[{"@type":"ReadAction","target":[["https:\/\/electromagazin.md\/ru\/rechizitele-companiei\/"]]}]},{"@type":"BreadcrumbList","@id":"https:\/\/electromagazin.md\/ru\/rechizitele-companiei\/#breadcrumb","itemListElement":[{"@type":"ListItem","position":1,"name":"Prima pagin\u0103","item":"https:\/\/electromagazin.md\/ru\/"},{"@type":"ListItem","position":2,"name":"Rechizitele companiei"}]},{"@type":"WebSite","@id":"https:\/\/electromagazin.md\/ru\/#website","url":"https:\/\/electromagazin.md\/ru\/","name":"ELECTRO MAGAZIN","description":"(Rom\u00e2n\u0103) Alege lumina potrivit\u0103!","publisher":{"@id":"https:\/\/electromagazin.md\/ru\/#organization"},"potentialAction":[{"@type":"SearchAction","target":{"@type":"EntryPoint","urlTemplate":"https:\/\/electromagazin.md\/ru\/?s={search_term_string}"},"query-input":{"@type":"PropertyValueSpecification","valueRequired":true,"valueName":"search_term_string"}}],"inLanguage":"ru-RU"},{"@type":"Organization","@id":"https:\/\/electromagazin.md\/ru\/#organization","name":"ELECTRO MAGAZIN S.R.L","url":"https:\/\/electromagazin.md\/ru\/","logo":{"@type":"ImageObject","inLanguage":"ru-RU","@id":"https:\/\/electromagazin.md\/ru\/#\/schema\/logo\/image\/","url":"https:\/\/electromagazin.md\/wp-content\/uploads\/2020\/02\/logo.png","contentUrl":"https:\/\/electromagazin.md\/wp-content\/uploads\/2020\/02\/logo.png","width":753,"height":169,"caption":"ELECTRO MAGAZIN S.R.L"},"image":{"@id":"https:\/\/electromagazin.md\/ru\/#\/schema\/logo\/image\/"}}]}},"_links":{"self":[{"href":"https:\/\/electromagazin.md\/ru\/wp-json\/wp\/v2\/pages\/5533","targetHints":{"allow":["GET"]}}],"collection":[{"href":"https:\/\/electromagazin.md\/ru\/wp-json\/wp\/v2\/pages"}],"about":[{"href":"https:\/\/electromagazin.md\/ru\/wp-json\/wp\/v2\/types\/page"}],"author":[{"embeddable":true,"href":"https:\/\/electromagazin.md\/ru\/wp-json\/wp\/v2\/users\/1"}],"replies":[{"embeddable":true,"href":"https:\/\/electromagazin.md\/ru\/wp-json\/wp\/v2\/comments?post=5533"}],"version-history":[{"count":0,"href":"https:\/\/electromagazin.md\/ru\/wp-json\/wp\/v2\/pages\/5533\/revisions"}],"wp:attachment":[{"href":"https:\/\/electromagazin.md\/ru\/wp-json\/wp\/v2\/media?parent=5533"}],"curies":[{"name":"wp","href":"https:\/\/api.w.org\/{rel}","templated":true}]}}