{"id":5395,"date":"2020-02-29T10:32:09","date_gmt":"2020-02-29T10:32:09","guid":{"rendered":"https:\/\/electromagazin.md\/?page_id=5395"},"modified":"2023-06-26T19:42:57","modified_gmt":"2023-06-26T16:42:57","slug":"voucher-cadou","status":"publish","type":"page","link":"https:\/\/electromagazin.md\/ru\/voucher-cadou\/","title":{"rendered":"\u0412\u0410\u0423\u0427\u0415\u0420"},"content":{"rendered":"<div class=\"wpb-content-wrapper\"><p>[vc_row][vc_column][vc_empty_space][\/vc_column][\/vc_row][vc_row][vc_column]<div class=\"nasa-image-wrap text-center\"><img loading=\"lazy\" decoding=\"async\" class=\"nasa-image\" src=\"https:\/\/electromagazin.md\/wp-content\/uploads\/2020\/02\/vocuhercadou.jpg\" alt=\"\" width=\"1600\" height=\"561\" \/><\/div>[\/vc_column][\/vc_row][vc_row][vc_column][vc_empty_space][\/vc_column][\/vc_row]<\/p>\n<\/div>","protected":false},"excerpt":{"rendered":"<p>[vc_row][vc_column][vc_empty_space][\/vc_column][\/vc_row][vc_row][vc_column][\/vc_column][\/vc_row][vc_row][vc_column][vc_empty_space][\/vc_column][\/vc_row]<\/p>\n","protected":false},"author":1,"featured_media":0,"parent":0,"menu_order":0,"comment_status":"closed","ping_status":"closed","template":"","meta":{"_acf_changed":false,"_analytify_skip_tracking":false,"footnotes":""},"class_list":["post-5395","page","type-page","status-publish","hentry"],"acf":[],"yoast_head":"<!-- This site is optimized with the Yoast SEO Premium plugin v26.3 (Yoast SEO v27.2) - https:\/\/yoast.com\/product\/yoast-seo-premium-wordpress\/ -->\n<title>\u0412\u0410\u0423\u0427\u0415\u0420 - ELECTRO MAGAZIN<\/title>\n<meta name=\"robots\" content=\"index, follow, max-snippet:-1, max-image-preview:large, max-video-preview:-1\" \/>\n<link rel=\"canonical\" href=\"https:\/\/electromagazin.md\/ru\/voucher-cadou\/\" \/>\n<meta property=\"og:locale\" content=\"ru_RU\" \/>\n<meta property=\"og:type\" content=\"article\" \/>\n<meta property=\"og:title\" content=\"\u0412\u0410\u0423\u0427\u0415\u0420\" \/>\n<meta property=\"og:description\" content=\"[vc_row][vc_column][vc_empty_space][\/vc_column][\/vc_row][vc_row][vc_column][\/vc_column][\/vc_row][vc_row][vc_column][vc_empty_space][\/vc_column][\/vc_row]\" \/>\n<meta property=\"og:url\" content=\"https:\/\/electromagazin.md\/ru\/voucher-cadou\/\" \/>\n<meta property=\"og:site_name\" content=\"ELECTRO MAGAZIN\" \/>\n<meta property=\"article:modified_time\" content=\"2023-06-26T16:42:57+00:00\" \/>\n<meta name=\"twitter:card\" content=\"summary_large_image\" \/>\n<meta name=\"twitter:label1\" content=\"\u041f\u0440\u0438\u043c\u0435\u0440\u043d\u043e\u0435 \u0432\u0440\u0435\u043c\u044f \u0434\u043b\u044f \u0447\u0442\u0435\u043d\u0438\u044f\" \/>\n\t<meta name=\"twitter:data1\" content=\"1 \u043c\u0438\u043d\u0443\u0442\u0430\" \/>\n<script type=\"application\/ld+json\" class=\"yoast-schema-graph\">{\"@context\":\"https:\/\/schema.org\",\"@graph\":[{\"@type\":\"WebPage\",\"@id\":\"https:\/\/electromagazin.md\/ru\/voucher-cadou\/\",\"url\":\"https:\/\/electromagazin.md\/ru\/voucher-cadou\/\",\"name\":\"\u0412\u0410\u0423\u0427\u0415\u0420 - ELECTRO MAGAZIN\",\"isPartOf\":{\"@id\":\"https:\/\/electromagazin.md\/ru\/#website\"},\"datePublished\":\"2020-02-29T10:32:09+00:00\",\"dateModified\":\"2023-06-26T16:42:57+00:00\",\"breadcrumb\":{\"@id\":\"https:\/\/electromagazin.md\/ru\/voucher-cadou\/#breadcrumb\"},\"inLanguage\":\"ru-RU\",\"potentialAction\":[{\"@type\":\"ReadAction\",\"target\":[[\"https:\/\/electromagazin.md\/ru\/voucher-cadou\/\"]]}]},{\"@type\":\"BreadcrumbList\",\"@id\":\"https:\/\/electromagazin.md\/ru\/voucher-cadou\/#breadcrumb\",\"itemListElement\":[{\"@type\":\"ListItem\",\"position\":1,\"name\":\"Prima pagin\u0103\",\"item\":\"https:\/\/electromagazin.md\/ru\/\"},{\"@type\":\"ListItem\",\"position\":2,\"name\":\"VOUCHER CADOU\"}]},{\"@type\":\"WebSite\",\"@id\":\"https:\/\/electromagazin.md\/ru\/#website\",\"url\":\"https:\/\/electromagazin.md\/ru\/\",\"name\":\"ELECTRO MAGAZIN\",\"description\":\"(Rom\u00e2n\u0103) Alege lumina potrivit\u0103!\",\"publisher\":{\"@id\":\"https:\/\/electromagazin.md\/ru\/#organization\"},\"potentialAction\":[{\"@type\":\"SearchAction\",\"target\":{\"@type\":\"EntryPoint\",\"urlTemplate\":\"https:\/\/electromagazin.md\/ru\/?s={search_term_string}\"},\"query-input\":{\"@type\":\"PropertyValueSpecification\",\"valueRequired\":true,\"valueName\":\"search_term_string\"}}],\"inLanguage\":\"ru-RU\"},{\"@type\":\"Organization\",\"@id\":\"https:\/\/electromagazin.md\/ru\/#organization\",\"name\":\"ELECTRO MAGAZIN S.R.L\",\"url\":\"https:\/\/electromagazin.md\/ru\/\",\"logo\":{\"@type\":\"ImageObject\",\"inLanguage\":\"ru-RU\",\"@id\":\"https:\/\/electromagazin.md\/ru\/#\/schema\/logo\/image\/\",\"url\":\"https:\/\/electromagazin.md\/wp-content\/uploads\/2020\/02\/logo.png\",\"contentUrl\":\"https:\/\/electromagazin.md\/wp-content\/uploads\/2020\/02\/logo.png\",\"width\":753,\"height\":169,\"caption\":\"ELECTRO MAGAZIN S.R.L\"},\"image\":{\"@id\":\"https:\/\/electromagazin.md\/ru\/#\/schema\/logo\/image\/\"}}]}<\/script>\n<!-- \/ Yoast SEO Premium plugin. -->","yoast_head_json":{"title":"\u0412\u0410\u0423\u0427\u0415\u0420 - ELECTRO MAGAZIN","robots":{"index":"index","follow":"follow","max-snippet":"max-snippet:-1","max-image-preview":"max-image-preview:large","max-video-preview":"max-video-preview:-1"},"canonical":"https:\/\/electromagazin.md\/ru\/voucher-cadou\/","og_locale":"ru_RU","og_type":"article","og_title":"\u0412\u0410\u0423\u0427\u0415\u0420","og_description":"[vc_row][vc_column][vc_empty_space][\/vc_column][\/vc_row][vc_row][vc_column][\/vc_column][\/vc_row][vc_row][vc_column][vc_empty_space][\/vc_column][\/vc_row]","og_url":"https:\/\/electromagazin.md\/ru\/voucher-cadou\/","og_site_name":"ELECTRO MAGAZIN","article_modified_time":"2023-06-26T16:42:57+00:00","twitter_card":"summary_large_image","twitter_misc":{"\u041f\u0440\u0438\u043c\u0435\u0440\u043d\u043e\u0435 \u0432\u0440\u0435\u043c\u044f \u0434\u043b\u044f \u0447\u0442\u0435\u043d\u0438\u044f":"1 \u043c\u0438\u043d\u0443\u0442\u0430"},"schema":{"@context":"https:\/\/schema.org","@graph":[{"@type":"WebPage","@id":"https:\/\/electromagazin.md\/ru\/voucher-cadou\/","url":"https:\/\/electromagazin.md\/ru\/voucher-cadou\/","name":"\u0412\u0410\u0423\u0427\u0415\u0420 - ELECTRO MAGAZIN","isPartOf":{"@id":"https:\/\/electromagazin.md\/ru\/#website"},"datePublished":"2020-02-29T10:32:09+00:00","dateModified":"2023-06-26T16:42:57+00:00","breadcrumb":{"@id":"https:\/\/electromagazin.md\/ru\/voucher-cadou\/#breadcrumb"},"inLanguage":"ru-RU","potentialAction":[{"@type":"ReadAction","target":[["https:\/\/electromagazin.md\/ru\/voucher-cadou\/"]]}]},{"@type":"BreadcrumbList","@id":"https:\/\/electromagazin.md\/ru\/voucher-cadou\/#breadcrumb","itemListElement":[{"@type":"ListItem","position":1,"name":"Prima pagin\u0103","item":"https:\/\/electromagazin.md\/ru\/"},{"@type":"ListItem","position":2,"name":"VOUCHER CADOU"}]},{"@type":"WebSite","@id":"https:\/\/electromagazin.md\/ru\/#website","url":"https:\/\/electromagazin.md\/ru\/","name":"ELECTRO MAGAZIN","description":"(Rom\u00e2n\u0103) Alege lumina potrivit\u0103!","publisher":{"@id":"https:\/\/electromagazin.md\/ru\/#organization"},"potentialAction":[{"@type":"SearchAction","target":{"@type":"EntryPoint","urlTemplate":"https:\/\/electromagazin.md\/ru\/?s={search_term_string}"},"query-input":{"@type":"PropertyValueSpecification","valueRequired":true,"valueName":"search_term_string"}}],"inLanguage":"ru-RU"},{"@type":"Organization","@id":"https:\/\/electromagazin.md\/ru\/#organization","name":"ELECTRO MAGAZIN S.R.L","url":"https:\/\/electromagazin.md\/ru\/","logo":{"@type":"ImageObject","inLanguage":"ru-RU","@id":"https:\/\/electromagazin.md\/ru\/#\/schema\/logo\/image\/","url":"https:\/\/electromagazin.md\/wp-content\/uploads\/2020\/02\/logo.png","contentUrl":"https:\/\/electromagazin.md\/wp-content\/uploads\/2020\/02\/logo.png","width":753,"height":169,"caption":"ELECTRO MAGAZIN S.R.L"},"image":{"@id":"https:\/\/electromagazin.md\/ru\/#\/schema\/logo\/image\/"}}]}},"_links":{"self":[{"href":"https:\/\/electromagazin.md\/ru\/wp-json\/wp\/v2\/pages\/5395","targetHints":{"allow":["GET"]}}],"collection":[{"href":"https:\/\/electromagazin.md\/ru\/wp-json\/wp\/v2\/pages"}],"about":[{"href":"https:\/\/electromagazin.md\/ru\/wp-json\/wp\/v2\/types\/page"}],"author":[{"embeddable":true,"href":"https:\/\/electromagazin.md\/ru\/wp-json\/wp\/v2\/users\/1"}],"replies":[{"embeddable":true,"href":"https:\/\/electromagazin.md\/ru\/wp-json\/wp\/v2\/comments?post=5395"}],"version-history":[{"count":0,"href":"https:\/\/electromagazin.md\/ru\/wp-json\/wp\/v2\/pages\/5395\/revisions"}],"wp:attachment":[{"href":"https:\/\/electromagazin.md\/ru\/wp-json\/wp\/v2\/media?parent=5395"}],"curies":[{"name":"wp","href":"https:\/\/api.w.org\/{rel}","templated":true}]}}