{"id":2513,"date":"2016-03-09T06:45:35","date_gmt":"2016-03-09T06:45:35","guid":{"rendered":"https:\/\/demo2.chethemes.com\/electro\/?page_id=2513"},"modified":"2023-06-26T19:42:57","modified_gmt":"2023-06-26T16:42:57","slug":"promotii","status":"publish","type":"page","link":"https:\/\/electromagazin.md\/ru\/promotii\/","title":{"rendered":"\u0410\u041a\u0426\u0418\u0418"},"content":{"rendered":"<div class=\"wpb-content-wrapper\"><p>[vc_row][vc_column][vc_empty_space][\/vc_column][\/vc_row][vc_row][vc_column]\t\t\t<script src=\"\/\/electromagazin.md\/wp-content\/plugins\/revslider\/sr6\/assets\/js\/rbtools.min.js?rev=6.7.41\"><\/script>\n\t\t\t<script src=\"\/\/electromagazin.md\/wp-content\/plugins\/revslider\/sr6\/assets\/js\/rs6.min.js?rev=6.7.41\"><\/script>\n\n\t\t\t<!-- START Promotii REVOLUTION SLIDER 6.7.41 --><p class=\"rs-p-wp-fix\"><\/p>\n\t\t\t<rs-module-wrap id=\"rev_slider_7_1_wrapper\" data-source=\"gallery\" style=\"visibility:hidden;background:transparent;padding:0;margin:0px auto;margin-top:0;margin-bottom:0;\">\n\t\t\t\t<rs-module id=\"rev_slider_7_1\" style=\"\" data-version=\"6.7.41\">\n\t\t\t\t\t<rs-slides style=\"overflow: hidden; position: absolute;\">\n\t\t\t\t\t\t<rs-slide style=\"position: absolute;\" data-key=\"rs-22\" data-title=\"Slide\" data-ssop=\"true\" data-anim=\"ms:600;r:0;\" data-in=\"o:0;\" data-out=\"a:false;\">\n\t\t\t\t\t\t\t<img decoding=\"async\" src=\"\/\/electromagazin.md\/wp-content\/plugins\/revslider\/sr6\/assets\/assets\/dummy.png\" alt=\"\" width=\"1920\" height=\"1080\" class=\"rev-slidebg tp-rs-img rs-lazyload\" data-lazyload=\"\/\/electromagazin.md\/wp-content\/plugins\/revslider\/sr6\/assets\/assets\/transparent.png\" data-no-retina>\n<!--\n\t\t\t\t\t\t\t--><rs-layer\n\t\t\t\t\t\t\t\tid=\"slider-7-slide-22-layer-2\" \n\t\t\t\t\t\t\t\tdata-type=\"image\"\n\t\t\t\t\t\t\t\tdata-rsp_ch=\"on\"\n\t\t\t\t\t\t\t\tdata-xy=\"xo:-10px,-10px,-5px,-3px;y:t,t,t,m;yo:0,0,1px,1px;\"\n\t\t\t\t\t\t\t\tdata-text=\"l:22;\"\n\t\t\t\t\t\t\t\tdata-dim=\"w:1213px,1213px,785px,684px;h:595px,595px,321px,320px;\"\n\t\t\t\t\t\t\t\tdata-frame_0=\"x:-50px;tp:600;\"\n\t\t\t\t\t\t\t\tdata-frame_1=\"tp:600;e:power2.inOut;st:460;sR:460;\"\n\t\t\t\t\t\t\t\tdata-frame_999=\"o:0;tp:600;e:nothing;st:8900;sR:8140;\"\n\t\t\t\t\t\t\t\tdata-tloop=\"u:true;\"\n\t\t\t\t\t\t\t\tstyle=\"z-index:8;\"\n\t\t\t\t\t\t\t><img decoding=\"async\" src=\"\/\/electromagazin.md\/wp-content\/plugins\/revslider\/sr6\/assets\/assets\/dummy.png\" alt=\"\" class=\"tp-rs-img rs-lazyload\" width=\"2560\" height=\"1565\" data-lazyload=\"\/\/electromagazin.md\/wp-content\/uploads\/2020\/02\/banner-linga-magazin-scaled.jpg\" data-no-retina> \n\t\t\t\t\t\t\t<\/rs-layer><!--\n\n\t\t\t\t\t\t\t--><a\n\t\t\t\t\t\t\t\tid=\"slider-7-slide-22-layer-3\" \n\t\t\t\t\t\t\t\tclass=\"rs-layer slider-sm-btn btn-primary rev-btn\"\n\t\t\t\t\t\t\t\thref=\"\/produs\/felinar-cpv-236w-p-u-led\/\" target=\"_self\" rel=\"nofollow\"\n\t\t\t\t\t\t\t\tdata-type=\"button\"\n\t\t\t\t\t\t\t\tdata-color=\"#fffc00||#fffc00||rgba(51, 62, 72, 1)||rgba(51, 62, 72, 1)\"\n\t\t\t\t\t\t\t\tdata-xy=\"xo:951px,951px,33px,29px;yo:540px,540px,133px,131px;\"\n\t\t\t\t\t\t\t\tdata-text=\"s:14,14,10,7;l:14,14,10,7;fw:300;\"\n\t\t\t\t\t\t\t\tdata-rsp_bd=\"off\"\n\t\t\t\t\t\t\t\tdata-padding=\"t:11,11,6,6;r:46,46,25,27;b:11,11,6,6;l:46,46,25,27;\"\n\t\t\t\t\t\t\t\tdata-border=\"bor:10px,10px,10px,10px;\"\n\t\t\t\t\t\t\t\tdata-frame_0=\"sX:0.9;sY:0.9;tp:600;\"\n\t\t\t\t\t\t\t\tdata-frame_1=\"x:0,0,0px,0px;y:0,0,0px,0px;tp:600;e:power2.out;st:670;sR:670;\"\n\t\t\t\t\t\t\t\tdata-frame_999=\"o:0;tp:600;e:nothing;st:8900;sR:7930;\"\n\t\t\t\t\t\t\t\tdata-frame_hover=\"c:#fff;bgc:#0a003a;boc:#100353;bor:10px,10px,10px,10px;bos:solid;oX:50;oY:50;sp:0;\"\n\t\t\t\t\t\t\t\tdata-tloop=\"u:true;\"\n\t\t\t\t\t\t\t\tstyle=\"z-index:16;background-color:#100353;font-family:'Verdana', 'Geneva', 'sans-serif';cursor:pointer;outline:none;box-shadow:none;box-sizing:border-box;-moz-box-sizing:border-box;-webkit-box-sizing:border-box;\"\n\t\t\t\t\t\t\t><b>Cump\u0103r\u0103 acum \n\t\t\t\t\t\t\t<\/a><!--\n\n\t\t\t\t\t\t\t--><a\n\t\t\t\t\t\t\t\tid=\"slider-7-slide-22-layer-4\" \n\t\t\t\t\t\t\t\tclass=\"rs-layer slider-sm-btn btn-primary rev-btn\"\n\t\t\t\t\t\t\t\thref=\"#\" target=\"_self\" rel=\"nofollow\"\n\t\t\t\t\t\t\t\tdata-type=\"button\"\n\t\t\t\t\t\t\t\tdata-color=\"#fffc00||#fffc00||rgba(51, 62, 72, 1)||rgba(51, 62, 72, 1)\"\n\t\t\t\t\t\t\t\tdata-xy=\"xo:351px,351px,33px,29px;yo:243px,243px,133px,131px;\"\n\t\t\t\t\t\t\t\tdata-text=\"s:14,14,10,7;l:14,14,10,7;fw:300;\"\n\t\t\t\t\t\t\t\tdata-rsp_bd=\"off\"\n\t\t\t\t\t\t\t\tdata-padding=\"t:11,11,6,6;r:46,46,25,27;b:11,11,6,6;l:46,46,25,27;\"\n\t\t\t\t\t\t\t\tdata-border=\"bor:10px,10px,10px,10px;\"\n\t\t\t\t\t\t\t\tdata-frame_0=\"sX:0.9;sY:0.9;tp:600;\"\n\t\t\t\t\t\t\t\tdata-frame_1=\"x:0,0,0px,0px;y:0,0,0px,0px;tp:600;e:power2.out;st:670;sR:670;\"\n\t\t\t\t\t\t\t\tdata-frame_999=\"o:0;tp:600;e:nothing;st:8900;sR:7930;\"\n\t\t\t\t\t\t\t\tdata-frame_hover=\"c:#fff;bgc:#0a003a;boc:#100353;bor:10px,10px,10px,10px;bos:solid;oX:50;oY:50;sp:0;\"\n\t\t\t\t\t\t\t\tdata-tloop=\"u:true;\"\n\t\t\t\t\t\t\t\tstyle=\"z-index:10;background-color:#100353;font-family:'Verdana', 'Geneva', 'sans-serif';cursor:pointer;outline:none;box-shadow:none;box-sizing:border-box;-moz-box-sizing:border-box;-webkit-box-sizing:border-box;\"\n\t\t\t\t\t\t\t><b>Cump\u0103r\u0103 acum \n\t\t\t\t\t\t\t<\/a><!--\n\n\t\t\t\t\t\t\t--><a\n\t\t\t\t\t\t\t\tid=\"slider-7-slide-22-layer-5\" \n\t\t\t\t\t\t\t\tclass=\"rs-layer slider-sm-btn btn-primary rev-btn\"\n\t\t\t\t\t\t\t\thref=\"#\" target=\"_self\" rel=\"nofollow\"\n\t\t\t\t\t\t\t\tdata-type=\"button\"\n\t\t\t\t\t\t\t\tdata-color=\"#fffc00||#fffc00||rgba(51, 62, 72, 1)||rgba(51, 62, 72, 1)\"\n\t\t\t\t\t\t\t\tdata-xy=\"xo:646px,646px,33px,29px;yo:243px,243px,133px,131px;\"\n\t\t\t\t\t\t\t\tdata-text=\"s:14,14,10,7;l:14,14,10,7;fw:300;\"\n\t\t\t\t\t\t\t\tdata-rsp_bd=\"off\"\n\t\t\t\t\t\t\t\tdata-padding=\"t:11,11,6,6;r:46,46,25,27;b:11,11,6,6;l:46,46,25,27;\"\n\t\t\t\t\t\t\t\tdata-border=\"bor:10px,10px,10px,10px;\"\n\t\t\t\t\t\t\t\tdata-frame_0=\"sX:0.9;sY:0.9;tp:600;\"\n\t\t\t\t\t\t\t\tdata-frame_1=\"x:0,0,0px,0px;y:0,0,0px,0px;tp:600;e:power2.out;st:670;sR:670;\"\n\t\t\t\t\t\t\t\tdata-frame_999=\"o:0;tp:600;e:nothing;st:8900;sR:7930;\"\n\t\t\t\t\t\t\t\tdata-frame_hover=\"c:#fff;bgc:#0a003a;boc:#100353;bor:10px,10px,10px,10px;bos:solid;oX:50;oY:50;sp:0;\"\n\t\t\t\t\t\t\t\tdata-tloop=\"u:true;\"\n\t\t\t\t\t\t\t\tstyle=\"z-index:11;background-color:#100353;font-family:'Verdana', 'Geneva', 'sans-serif';cursor:pointer;outline:none;box-shadow:none;box-sizing:border-box;-moz-box-sizing:border-box;-webkit-box-sizing:border-box;\"\n\t\t\t\t\t\t\t><b>Cump\u0103r\u0103 acum \n\t\t\t\t\t\t\t<\/a><!--\n\n\t\t\t\t\t\t\t--><a\n\t\t\t\t\t\t\t\tid=\"slider-7-slide-22-layer-6\" \n\t\t\t\t\t\t\t\tclass=\"rs-layer slider-sm-btn btn-primary rev-btn\"\n\t\t\t\t\t\t\t\thref=\"\/produs\/bec-led-10w-e27-6-5k-in-home\/\" target=\"_self\" rel=\"nofollow\"\n\t\t\t\t\t\t\t\tdata-type=\"button\"\n\t\t\t\t\t\t\t\tdata-color=\"#fffc00||#fffc00||rgba(51, 62, 72, 1)||rgba(51, 62, 72, 1)\"\n\t\t\t\t\t\t\t\tdata-xy=\"xo:40px,40px,33px,29px;yo:242px,242px,133px,131px;\"\n\t\t\t\t\t\t\t\tdata-text=\"s:14,14,10,7;l:14,14,10,7;fw:300;\"\n\t\t\t\t\t\t\t\tdata-rsp_bd=\"off\"\n\t\t\t\t\t\t\t\tdata-padding=\"t:11,11,6,6;r:46,46,25,27;b:11,11,6,6;l:46,46,25,27;\"\n\t\t\t\t\t\t\t\tdata-border=\"bor:10px,10px,10px,10px;\"\n\t\t\t\t\t\t\t\tdata-frame_0=\"sX:0.9;sY:0.9;tp:600;\"\n\t\t\t\t\t\t\t\tdata-frame_1=\"x:0,0,0px,0px;y:0,0,0px,0px;tp:600;e:power2.out;st:670;sR:670;\"\n\t\t\t\t\t\t\t\tdata-frame_999=\"o:0;tp:600;e:nothing;st:8900;sR:7930;\"\n\t\t\t\t\t\t\t\tdata-frame_hover=\"c:#fff;bgc:#0a003a;boc:#100353;bor:10px,10px,10px,10px;bos:solid;oX:50;oY:50;sp:0;\"\n\t\t\t\t\t\t\t\tdata-tloop=\"u:true;\"\n\t\t\t\t\t\t\t\tstyle=\"z-index:9;background-color:#100353;font-family:'Verdana', 'Geneva', 'sans-serif';cursor:pointer;outline:none;box-shadow:none;box-sizing:border-box;-moz-box-sizing:border-box;-webkit-box-sizing:border-box;\"\n\t\t\t\t\t\t\t><b>Cump\u0103r\u0103 acum \n\t\t\t\t\t\t\t<\/a><!--\n\n\t\t\t\t\t\t\t--><a\n\t\t\t\t\t\t\t\tid=\"slider-7-slide-22-layer-7\" \n\t\t\t\t\t\t\t\tclass=\"rs-layer slider-sm-btn btn-primary rev-btn\"\n\t\t\t\t\t\t\t\thref=\"\/produs\/intrerupator-automat-va47-29-sgp-1p-16\u0430-6ka-curba-b-vecas\/\" target=\"_self\" rel=\"nofollow\"\n\t\t\t\t\t\t\t\tdata-type=\"button\"\n\t\t\t\t\t\t\t\tdata-color=\"#fffc00||#fffc00||rgba(51, 62, 72, 1)||rgba(51, 62, 72, 1)\"\n\t\t\t\t\t\t\t\tdata-xy=\"xo:955px,955px,33px,29px;yo:244px,244px,133px,131px;\"\n\t\t\t\t\t\t\t\tdata-text=\"s:14,14,10,7;l:14,14,10,7;fw:300;\"\n\t\t\t\t\t\t\t\tdata-rsp_bd=\"off\"\n\t\t\t\t\t\t\t\tdata-padding=\"t:11,11,6,6;r:46,46,25,27;b:11,11,6,6;l:46,46,25,27;\"\n\t\t\t\t\t\t\t\tdata-border=\"bor:10px,10px,10px,10px;\"\n\t\t\t\t\t\t\t\tdata-frame_0=\"sX:0.9;sY:0.9;tp:600;\"\n\t\t\t\t\t\t\t\tdata-frame_1=\"x:0,0,0px,0px;y:0,0,0px,0px;tp:600;e:power2.out;st:670;sR:670;\"\n\t\t\t\t\t\t\t\tdata-frame_999=\"o:0;tp:600;e:nothing;st:8900;sR:7930;\"\n\t\t\t\t\t\t\t\tdata-frame_hover=\"c:#fff;bgc:#0a003a;boc:#100353;bor:10px,10px,10px,10px;bos:solid;oX:50;oY:50;sp:0;\"\n\t\t\t\t\t\t\t\tdata-tloop=\"u:true;\"\n\t\t\t\t\t\t\t\tstyle=\"z-index:12;background-color:#100353;font-family:'Verdana', 'Geneva', 'sans-serif';cursor:pointer;outline:none;box-shadow:none;box-sizing:border-box;-moz-box-sizing:border-box;-webkit-box-sizing:border-box;\"\n\t\t\t\t\t\t\t><b>Cump\u0103r\u0103 acum \n\t\t\t\t\t\t\t<\/a><!--\n\n\t\t\t\t\t\t\t--><a\n\t\t\t\t\t\t\t\tid=\"slider-7-slide-22-layer-8\" \n\t\t\t\t\t\t\t\tclass=\"rs-layer slider-sm-btn btn-primary rev-btn\"\n\t\t\t\t\t\t\t\thref=\"\/produs\/panou-led-48w-4100k-vargo\/\" target=\"_self\" rel=\"nofollow\"\n\t\t\t\t\t\t\t\tdata-type=\"button\"\n\t\t\t\t\t\t\t\tdata-color=\"#fffc00||#fffc00||rgba(51, 62, 72, 1)||rgba(51, 62, 72, 1)\"\n\t\t\t\t\t\t\t\tdata-xy=\"xo:44px,44px,33px,29px;yo:545px,545px,133px,131px;\"\n\t\t\t\t\t\t\t\tdata-text=\"s:14,14,10,7;l:14,14,10,7;fw:300;\"\n\t\t\t\t\t\t\t\tdata-rsp_bd=\"off\"\n\t\t\t\t\t\t\t\tdata-padding=\"t:11,11,6,6;r:46,46,25,27;b:11,11,6,6;l:46,46,25,27;\"\n\t\t\t\t\t\t\t\tdata-border=\"bor:10px,10px,10px,10px;\"\n\t\t\t\t\t\t\t\tdata-frame_0=\"sX:0.9;sY:0.9;tp:600;\"\n\t\t\t\t\t\t\t\tdata-frame_1=\"x:0,0,0px,0px;y:0,0,0px,0px;tp:600;e:power2.out;st:670;sR:670;\"\n\t\t\t\t\t\t\t\tdata-frame_999=\"o:0;tp:600;e:nothing;st:8900;sR:7930;\"\n\t\t\t\t\t\t\t\tdata-frame_hover=\"c:#fff;bgc:#0a003a;boc:#100353;bor:10px,10px,10px,10px;bos:solid;oX:50;oY:50;sp:0;\"\n\t\t\t\t\t\t\t\tdata-tloop=\"u:true;\"\n\t\t\t\t\t\t\t\tstyle=\"z-index:13;background-color:#100353;font-family:'Verdana', 'Geneva', 'sans-serif';cursor:pointer;outline:none;box-shadow:none;box-sizing:border-box;-moz-box-sizing:border-box;-webkit-box-sizing:border-box;\"\n\t\t\t\t\t\t\t><b>Cump\u0103r\u0103 acum \n\t\t\t\t\t\t\t<\/a><!--\n\n\t\t\t\t\t\t\t--><a\n\t\t\t\t\t\t\t\tid=\"slider-7-slide-22-layer-9\" \n\t\t\t\t\t\t\t\tclass=\"rs-layer slider-sm-btn btn-primary rev-btn\"\n\t\t\t\t\t\t\t\thref=\"\/produs\/corp-de-iluminat-led-ermetic-40w-6500k-12006950mm-ip54\/\" target=\"_self\" rel=\"nofollow\"\n\t\t\t\t\t\t\t\tdata-type=\"button\"\n\t\t\t\t\t\t\t\tdata-color=\"#fffc00||#fffc00||rgba(51, 62, 72, 1)||rgba(51, 62, 72, 1)\"\n\t\t\t\t\t\t\t\tdata-xy=\"xo:350px,350px,33px,29px;yo:544px,544px,133px,131px;\"\n\t\t\t\t\t\t\t\tdata-text=\"s:14,14,10,7;l:14,14,10,7;fw:300;\"\n\t\t\t\t\t\t\t\tdata-rsp_bd=\"off\"\n\t\t\t\t\t\t\t\tdata-padding=\"t:11,11,6,6;r:46,46,25,27;b:11,11,6,6;l:46,46,25,27;\"\n\t\t\t\t\t\t\t\tdata-border=\"bor:10px,10px,10px,10px;\"\n\t\t\t\t\t\t\t\tdata-frame_0=\"sX:0.9;sY:0.9;tp:600;\"\n\t\t\t\t\t\t\t\tdata-frame_1=\"x:0,0,0px,0px;y:0,0,0px,0px;tp:600;e:power2.out;st:670;sR:670;\"\n\t\t\t\t\t\t\t\tdata-frame_999=\"o:0;tp:600;e:nothing;st:8900;sR:7930;\"\n\t\t\t\t\t\t\t\tdata-frame_hover=\"c:#fff;bgc:#0a003a;boc:#100353;bor:10px,10px,10px,10px;bos:solid;oX:50;oY:50;sp:0;\"\n\t\t\t\t\t\t\t\tdata-tloop=\"u:true;\"\n\t\t\t\t\t\t\t\tstyle=\"z-index:14;background-color:#100353;font-family:'Verdana', 'Geneva', 'sans-serif';cursor:pointer;outline:none;box-shadow:none;box-sizing:border-box;-moz-box-sizing:border-box;-webkit-box-sizing:border-box;\"\n\t\t\t\t\t\t\t><b>Cump\u0103r\u0103 acum \n\t\t\t\t\t\t\t<\/a><!--\n\n\t\t\t\t\t\t\t--><a\n\t\t\t\t\t\t\t\tid=\"slider-7-slide-22-layer-10\" \n\t\t\t\t\t\t\t\tclass=\"rs-layer slider-sm-btn btn-primary rev-btn\"\n\t\t\t\t\t\t\t\thref=\"\/produs\/corp-de-iluminat-stradal-50w-6500k-negru\/\" target=\"_self\" rel=\"nofollow\"\n\t\t\t\t\t\t\t\tdata-type=\"button\"\n\t\t\t\t\t\t\t\tdata-color=\"#fffc00||#fffc00||rgba(51, 62, 72, 1)||rgba(51, 62, 72, 1)\"\n\t\t\t\t\t\t\t\tdata-xy=\"xo:637px,637px,33px,29px;yo:541px,541px,133px,131px;\"\n\t\t\t\t\t\t\t\tdata-text=\"s:14,14,10,7;l:14,14,10,7;fw:300;\"\n\t\t\t\t\t\t\t\tdata-rsp_bd=\"off\"\n\t\t\t\t\t\t\t\tdata-padding=\"t:11,11,6,6;r:46,46,25,27;b:11,11,6,6;l:46,46,25,27;\"\n\t\t\t\t\t\t\t\tdata-border=\"bor:10px,10px,10px,10px;\"\n\t\t\t\t\t\t\t\tdata-frame_0=\"sX:0.9;sY:0.9;tp:600;\"\n\t\t\t\t\t\t\t\tdata-frame_1=\"x:0,0,0px,0px;y:0,0,0px,0px;tp:600;e:power2.out;st:670;sR:670;\"\n\t\t\t\t\t\t\t\tdata-frame_999=\"o:0;tp:600;e:nothing;st:8900;sR:7930;\"\n\t\t\t\t\t\t\t\tdata-frame_hover=\"c:#fff;bgc:#0a003a;boc:#100353;bor:10px,10px,10px,10px;bos:solid;oX:50;oY:50;sp:0;\"\n\t\t\t\t\t\t\t\tdata-tloop=\"u:true;\"\n\t\t\t\t\t\t\t\tstyle=\"z-index:15;background-color:#100353;font-family:'Verdana', 'Geneva', 'sans-serif';cursor:pointer;outline:none;box-shadow:none;box-sizing:border-box;-moz-box-sizing:border-box;-webkit-box-sizing:border-box;\"\n\t\t\t\t\t\t\t><b>Cump\u0103r\u0103 acum \n\t\t\t\t\t\t\t<\/a><!--\n-->\t\t\t\t\t<\/rs-slide>\n\t\t\t\t\t<\/rs-slides>\n\t\t\t\t<\/rs-module>\n\t\t\t\t<script>\n\t\t\t\t\tsetREVStartSize({c: 'rev_slider_7_1',rl:[1240,1024,778,480],el:[600,490,324,320],gw:[1200,1170,778,680],gh:[600,490,324,320],type:'standard',justify:'',layout:'fullwidth',mh:\"422\"});if (window.RS_MODULES!==undefined && window.RS_MODULES.modules!==undefined && window.RS_MODULES.modules[\"revslider71\"]!==undefined) {window.RS_MODULES.modules[\"revslider71\"].once = false;window.revapi7 = undefined;if (window.RS_MODULES.checkMinimal!==undefined) window.RS_MODULES.checkMinimal()}\n\t\t\t\t<\/script>\n\t\t\t<\/rs-module-wrap>\n\t\t\t<!-- END REVOLUTION SLIDER -->\n[\/vc_column][\/vc_row][vc_row][vc_column][vc_empty_space][\/vc_column][\/vc_row]<\/p>\n<\/div>","protected":false},"excerpt":{"rendered":"<p>[vc_row][vc_column][vc_empty_space][\/vc_column][\/vc_row][vc_row][vc_column][\/vc_column][\/vc_row][vc_row][vc_column][vc_empty_space][\/vc_column][\/vc_row]<\/p>\n","protected":false},"author":1,"featured_media":0,"parent":0,"menu_order":0,"comment_status":"closed","ping_status":"closed","template":"","meta":{"_acf_changed":false,"_analytify_skip_tracking":false,"footnotes":""},"class_list":["post-2513","page","type-page","status-publish","hentry"],"acf":[],"yoast_head":"<!-- This site is optimized with the Yoast SEO Premium plugin v26.3 (Yoast SEO v27.2) - https:\/\/yoast.com\/product\/yoast-seo-premium-wordpress\/ -->\n<title>\u0410\u041a\u0426\u0418\u0418 - ELECTRO MAGAZIN<\/title>\n<meta name=\"robots\" content=\"index, follow, max-snippet:-1, max-image-preview:large, max-video-preview:-1\" \/>\n<link rel=\"canonical\" href=\"https:\/\/electromagazin.md\/ru\/promotii\/\" \/>\n<meta property=\"og:locale\" content=\"ru_RU\" \/>\n<meta property=\"og:type\" content=\"article\" \/>\n<meta property=\"og:title\" content=\"\u0410\u041a\u0426\u0418\u0418\" \/>\n<meta property=\"og:description\" content=\"[vc_row][vc_column][vc_empty_space][\/vc_column][\/vc_row][vc_row][vc_column][\/vc_column][\/vc_row][vc_row][vc_column][vc_empty_space][\/vc_column][\/vc_row]\" \/>\n<meta property=\"og:url\" content=\"https:\/\/electromagazin.md\/ru\/promotii\/\" \/>\n<meta property=\"og:site_name\" content=\"ELECTRO MAGAZIN\" \/>\n<meta property=\"article:modified_time\" content=\"2023-06-26T16:42:57+00:00\" \/>\n<meta name=\"twitter:card\" content=\"summary_large_image\" \/>\n<meta name=\"twitter:label1\" content=\"\u041f\u0440\u0438\u043c\u0435\u0440\u043d\u043e\u0435 \u0432\u0440\u0435\u043c\u044f \u0434\u043b\u044f \u0447\u0442\u0435\u043d\u0438\u044f\" \/>\n\t<meta name=\"twitter:data1\" content=\"1 \u043c\u0438\u043d\u0443\u0442\u0430\" \/>\n<script type=\"application\/ld+json\" class=\"yoast-schema-graph\">{\"@context\":\"https:\/\/schema.org\",\"@graph\":[{\"@type\":\"WebPage\",\"@id\":\"https:\/\/electromagazin.md\/ru\/promotii\/\",\"url\":\"https:\/\/electromagazin.md\/ru\/promotii\/\",\"name\":\"\u0410\u041a\u0426\u0418\u0418 - ELECTRO MAGAZIN\",\"isPartOf\":{\"@id\":\"https:\/\/electromagazin.md\/ru\/#website\"},\"datePublished\":\"2016-03-09T06:45:35+00:00\",\"dateModified\":\"2023-06-26T16:42:57+00:00\",\"breadcrumb\":{\"@id\":\"https:\/\/electromagazin.md\/ru\/promotii\/#breadcrumb\"},\"inLanguage\":\"ru-RU\",\"potentialAction\":[{\"@type\":\"ReadAction\",\"target\":[[\"https:\/\/electromagazin.md\/ru\/promotii\/\"]]}]},{\"@type\":\"BreadcrumbList\",\"@id\":\"https:\/\/electromagazin.md\/ru\/promotii\/#breadcrumb\",\"itemListElement\":[{\"@type\":\"ListItem\",\"position\":1,\"name\":\"Prima pagin\u0103\",\"item\":\"https:\/\/electromagazin.md\/ru\/\"},{\"@type\":\"ListItem\",\"position\":2,\"name\":\"PROMO\u021aII\"}]},{\"@type\":\"WebSite\",\"@id\":\"https:\/\/electromagazin.md\/ru\/#website\",\"url\":\"https:\/\/electromagazin.md\/ru\/\",\"name\":\"ELECTRO MAGAZIN\",\"description\":\"(Rom\u00e2n\u0103) Alege lumina potrivit\u0103!\",\"publisher\":{\"@id\":\"https:\/\/electromagazin.md\/ru\/#organization\"},\"potentialAction\":[{\"@type\":\"SearchAction\",\"target\":{\"@type\":\"EntryPoint\",\"urlTemplate\":\"https:\/\/electromagazin.md\/ru\/?s={search_term_string}\"},\"query-input\":{\"@type\":\"PropertyValueSpecification\",\"valueRequired\":true,\"valueName\":\"search_term_string\"}}],\"inLanguage\":\"ru-RU\"},{\"@type\":\"Organization\",\"@id\":\"https:\/\/electromagazin.md\/ru\/#organization\",\"name\":\"ELECTRO MAGAZIN S.R.L\",\"url\":\"https:\/\/electromagazin.md\/ru\/\",\"logo\":{\"@type\":\"ImageObject\",\"inLanguage\":\"ru-RU\",\"@id\":\"https:\/\/electromagazin.md\/ru\/#\/schema\/logo\/image\/\",\"url\":\"https:\/\/electromagazin.md\/wp-content\/uploads\/2020\/02\/logo.png\",\"contentUrl\":\"https:\/\/electromagazin.md\/wp-content\/uploads\/2020\/02\/logo.png\",\"width\":753,\"height\":169,\"caption\":\"ELECTRO MAGAZIN S.R.L\"},\"image\":{\"@id\":\"https:\/\/electromagazin.md\/ru\/#\/schema\/logo\/image\/\"}}]}<\/script>\n<!-- \/ Yoast SEO Premium plugin. -->","yoast_head_json":{"title":"\u0410\u041a\u0426\u0418\u0418 - ELECTRO MAGAZIN","robots":{"index":"index","follow":"follow","max-snippet":"max-snippet:-1","max-image-preview":"max-image-preview:large","max-video-preview":"max-video-preview:-1"},"canonical":"https:\/\/electromagazin.md\/ru\/promotii\/","og_locale":"ru_RU","og_type":"article","og_title":"\u0410\u041a\u0426\u0418\u0418","og_description":"[vc_row][vc_column][vc_empty_space][\/vc_column][\/vc_row][vc_row][vc_column][\/vc_column][\/vc_row][vc_row][vc_column][vc_empty_space][\/vc_column][\/vc_row]","og_url":"https:\/\/electromagazin.md\/ru\/promotii\/","og_site_name":"ELECTRO MAGAZIN","article_modified_time":"2023-06-26T16:42:57+00:00","twitter_card":"summary_large_image","twitter_misc":{"\u041f\u0440\u0438\u043c\u0435\u0440\u043d\u043e\u0435 \u0432\u0440\u0435\u043c\u044f \u0434\u043b\u044f \u0447\u0442\u0435\u043d\u0438\u044f":"1 \u043c\u0438\u043d\u0443\u0442\u0430"},"schema":{"@context":"https:\/\/schema.org","@graph":[{"@type":"WebPage","@id":"https:\/\/electromagazin.md\/ru\/promotii\/","url":"https:\/\/electromagazin.md\/ru\/promotii\/","name":"\u0410\u041a\u0426\u0418\u0418 - ELECTRO MAGAZIN","isPartOf":{"@id":"https:\/\/electromagazin.md\/ru\/#website"},"datePublished":"2016-03-09T06:45:35+00:00","dateModified":"2023-06-26T16:42:57+00:00","breadcrumb":{"@id":"https:\/\/electromagazin.md\/ru\/promotii\/#breadcrumb"},"inLanguage":"ru-RU","potentialAction":[{"@type":"ReadAction","target":[["https:\/\/electromagazin.md\/ru\/promotii\/"]]}]},{"@type":"BreadcrumbList","@id":"https:\/\/electromagazin.md\/ru\/promotii\/#breadcrumb","itemListElement":[{"@type":"ListItem","position":1,"name":"Prima pagin\u0103","item":"https:\/\/electromagazin.md\/ru\/"},{"@type":"ListItem","position":2,"name":"PROMO\u021aII"}]},{"@type":"WebSite","@id":"https:\/\/electromagazin.md\/ru\/#website","url":"https:\/\/electromagazin.md\/ru\/","name":"ELECTRO MAGAZIN","description":"(Rom\u00e2n\u0103) Alege lumina potrivit\u0103!","publisher":{"@id":"https:\/\/electromagazin.md\/ru\/#organization"},"potentialAction":[{"@type":"SearchAction","target":{"@type":"EntryPoint","urlTemplate":"https:\/\/electromagazin.md\/ru\/?s={search_term_string}"},"query-input":{"@type":"PropertyValueSpecification","valueRequired":true,"valueName":"search_term_string"}}],"inLanguage":"ru-RU"},{"@type":"Organization","@id":"https:\/\/electromagazin.md\/ru\/#organization","name":"ELECTRO MAGAZIN S.R.L","url":"https:\/\/electromagazin.md\/ru\/","logo":{"@type":"ImageObject","inLanguage":"ru-RU","@id":"https:\/\/electromagazin.md\/ru\/#\/schema\/logo\/image\/","url":"https:\/\/electromagazin.md\/wp-content\/uploads\/2020\/02\/logo.png","contentUrl":"https:\/\/electromagazin.md\/wp-content\/uploads\/2020\/02\/logo.png","width":753,"height":169,"caption":"ELECTRO MAGAZIN S.R.L"},"image":{"@id":"https:\/\/electromagazin.md\/ru\/#\/schema\/logo\/image\/"}}]}},"_links":{"self":[{"href":"https:\/\/electromagazin.md\/ru\/wp-json\/wp\/v2\/pages\/2513","targetHints":{"allow":["GET"]}}],"collection":[{"href":"https:\/\/electromagazin.md\/ru\/wp-json\/wp\/v2\/pages"}],"about":[{"href":"https:\/\/electromagazin.md\/ru\/wp-json\/wp\/v2\/types\/page"}],"author":[{"embeddable":true,"href":"https:\/\/electromagazin.md\/ru\/wp-json\/wp\/v2\/users\/1"}],"replies":[{"embeddable":true,"href":"https:\/\/electromagazin.md\/ru\/wp-json\/wp\/v2\/comments?post=2513"}],"version-history":[{"count":0,"href":"https:\/\/electromagazin.md\/ru\/wp-json\/wp\/v2\/pages\/2513\/revisions"}],"wp:attachment":[{"href":"https:\/\/electromagazin.md\/ru\/wp-json\/wp\/v2\/media?parent=2513"}],"curies":[{"name":"wp","href":"https:\/\/api.w.org\/{rel}","templated":true}]}}