{"id":2401,"date":"2016-03-01T07:11:52","date_gmt":"2016-03-01T07:11:52","guid":{"rendered":"https:\/\/demo2.chethemes.com\/electro\/?page_id=2401"},"modified":"2023-01-17T14:07:53","modified_gmt":"2023-01-17T11:07:53","slug":"contacte","status":"publish","type":"page","link":"https:\/\/electromagazin.md\/ru\/contacte\/","title":{"rendered":"\u041a\u041e\u041d\u0422\u0410\u041a\u0422\u042b"},"content":{"rendered":"<div class=\"wpb-content-wrapper\"><p>[vc_row][vc_column][vc_column_text]\u0418\u043c\u044f\" required><label for=\"wpforms-5189-field_0\" class=\"wpforms-field-sublabel after wpforms-sublabel-hide\">\u0418\u043c\u044f<\/label><\/div><div class=\"wpforms-field-row-block wpforms-one-half\"><input type=\"text\" id=\"wpforms-5189-field_0-last\" class=\"wpforms-field-name-last wpforms-field-required\" name=\"wpforms[fields][0][last]\" placeholder=\"\u0424\u0430\u043c\u0438\u043b\u0438\u044f\" required><label for=\"wpforms-5189-field_0-last\" class=\"wpforms-field-sublabel after wpforms-sublabel-hide\">\u0424\u0430\u043c\u0438\u043b\u0438\u044f<\/label><\/div><\/div><\/div><div id=\"wpforms-5189-field_1-container\" class=\"wpforms-field wpforms-field-email\" data-field-id=\"1\"><label class=\"wpforms-field-label\" for=\"wpforms-5189-field_1\">Email <span class=\"wpforms-required-label\">*<\/span><\/label><input type=\"email\" id=\"wpforms-5189-field_1\" class=\"wpforms-field-large wpforms-field-required\" name=\"wpforms[fields][1]\" placeholder=\"\u0412\u0432\u0435\u0434\u0438\u0442\u0435 \u0432\u0430\u0448 \u0430\u0434\u0440\u0435\u0441 \u044d\u043b\u0435\u043a\u0442\u0440\u043e\u043d\u043d\u043e\u0439 \u043f\u043e\u0447\u0442\u044b\" spellcheck=\"false\" required><\/div><div id=\"wpforms-5189-field_2-container\" class=\"wpforms-field wpforms-field-textarea\" data-field-id=\"2\"><label class=\"wpforms-field-label\" for=\"wpforms-5189-field_2\">\u041a\u043e\u043c\u043c\u0435\u043d\u0442\u0430\u0440\u0438\u0439 \u0438\u043b\u0438 \u0441\u043e\u043e\u0431\u0449\u0435\u043d\u0438\u0435 <span class=\"wpforms-required-label\">*<\/span><\/label><textarea id=\"wpforms-5189-field_2\" class=\"wpforms-field-large wpforms-field-required\" name=\"wpforms[fields][2]\" required><\/textarea><\/div><\/div><!-- .wpforms-field-container --><div class=\"wpforms-field wpforms-field-hp\"><label for=\"wpforms-5189-field-hp\" class=\"wpforms-field-label\">Message<\/label><input type=\"text\" name=\"wpforms[hp]\" id=\"wpforms-5189-field-hp\" class=\"wpforms-field-medium\"><\/div><div class=\"wpforms-submit-container\" ><input type=\"hidden\" name=\"wpforms[id]\" value=\"5189\"><input type=\"hidden\" name=\"page_title\" value=\"\"><input type=\"hidden\" name=\"page_url\" value=\"https:\/\/electromagazin.md\/ru\/wp-json\/wp\/v2\/pages\/2401\"><input type=\"hidden\" name=\"url_referer\" value=\"\"><button type=\"submit\" name=\"wpforms[submit]\" id=\"wpforms-submit-5189\" class=\"wpforms-submit\" data-alt-text=\"\u041e\u0442\u043f\u0440\u0430\u0432\u043b\u044f\u0435\u0442\u0441\u044f\" data-submit-text=\"\u041e\u0442\u043f\u0440\u0430\u0432\u0438\u0442\u044c\" aria-live=\"assertive\" value=\"wpforms-submit\">\u041e\u0442\u043f\u0440\u0430\u0432\u0438\u0442\u044c<\/button><\/div><\/form><\/div>  <!-- .wpforms-container -->[\/vc_column][vc_column width=&#187;1\/2&#8243; el_class=&#187;store-info store-info-v2&#8243;][vc_gmaps link=&#187;#E-8_JTNDaWZyYW1lJTIwc3JjJTNEJTIyaHR0cHMlM0ElMkYlMkZ3d3cuZ29vZ2xlLmNvbSUyRm1hcHMlMkZkJTJGZW1iZWQlM0ZtaWQlM0QxMThrOFE3VmxqVGJtY2cweXlJQ3ZLTFJEYVhtOTBhUTglMjIlMjB3aWR0aCUzRCUyMjYwMCUyMiUyMGhlaWdodCUzRCUyMjQ1MCUyMiUyMGZyYW1lYm9yZGVyJTNEJTIyMCUyMiUyMHN0eWxlJTNEJTIyYm9yZGVyJTNBMCUzQiUyMiUyMGFsbG93ZnVsbHNjcmVlbiUzRCUyMiUyMiUyMGFyaWEtaGlkZGVuJTNEJTIyZmFsc2UlMjIlMjB0YWJpbmRleCUzRCUyMjAlMjIlM0UlM0MlMkZpZnJhbWUlM0U=&#187; size=&#187;288px&#187; el_class=&#187;inner-left-xs&#187; css=&#187;.vc_custom_1623484267064{margin-bottom: 45px !important;}&#187;][vc_column_text el_class=&#187;inner-left-xs&#187;]<\/p>\n<h2 class=\"contact-page-title\">\u00a0Adresa noastr\u0103<\/h2>\n<p>str. Voluntarilor 8\/4, Chi\u0219in\u0103u, Republica Moldova<br \/>\nSuport: <a href=\"tel:+37369370867\">069 37 08 67<\/a><br \/>\nEmail: <a href=\"mailto:info@electromagazin.md\">info@electromagazin.md<\/a><\/p>\n<h3>Orele de lucru<\/h3>\n<p>Luni-Vineri: <strong>8:00-17:00<\/strong><br \/>\nS\u00e2mb\u0103t\u0103: <strong>8:00-14:00<\/strong>[\/vc_column_text][\/vc_column][\/vc_row][vc_row][vc_column][vc_column_text][\/vc_column_text][\/vc_column][\/vc_row][vc_row css=&#187;.vc_custom_1457506356430{padding-top: 25px !important;}&#187;][vc_column width=&#187;1\/2&#8243;][vc_column_text css=&#187;.vc_custom_1582097966555{margin-bottom: 60px !important;}&#187;]<\/p>\n<h2 class=\"contact-page-title\">\u041e\u0441\u0442\u0430\u0432\u044c\u0442\u0435 \u043d\u0430\u043c \u0441\u043e\u043e\u0431\u0449\u0435\u043d\u0438\u0435<\/h2>\n<p>\u0415\u0441\u043b\u0438 \u0432\u044b \u0438\u0449\u0435\u0442\u0435 \u043f\u0440\u043e\u0434\u0443\u043a\u0442 \u0438\u043b\u0438 \u0445\u043e\u0442\u0438\u0442\u0435 \u0441\u043e\u043e\u0431\u0449\u0438\u0442\u044c \u043d\u0430\u043c \u0438\u043d\u0444\u043e\u0440\u043c\u0430\u0446\u0438\u044e \u2013 \u0441\u0432\u044f\u0436\u0438\u0442\u0435\u0441\u044c \u0441 \u043d\u0430\u043c\u0438!.[\/vc_column_text]<div class=\"wpforms-container wpforms-container-full\" id=\"wpforms-5189\"><form id=\"wpforms-form-5189\" class=\"wpforms-validate wpforms-form\" data-formid=\"5189\" method=\"post\" enctype=\"multipart\/form-data\" action=\"\/ru\/wp-json\/wp\/v2\/pages\/2401\" data-token=\"951d8f92cae51211660efc5313059357\" data-token-time=\"1777153923\"><noscript class=\"wpforms-error-noscript\">\u0414\u043b\u044f \u0437\u0430\u043f\u043e\u043b\u043d\u0435\u043d\u0438\u044f \u0434\u0430\u043d\u043d\u043e\u0439 \u0444\u043e\u0440\u043c\u044b \u0432\u043a\u043b\u044e\u0447\u0438\u0442\u0435 JavaScript \u0432 \u0431\u0440\u0430\u0443\u0437\u0435\u0440\u0435.<\/noscript><div class=\"wpforms-field-container\"><div id=\"wpforms-5189-field_0-container\" class=\"wpforms-field wpforms-field-name\" data-field-id=\"0\"><label class=\"wpforms-field-label\" for=\"wpforms-5189-field_0\">\u0418\u043c\u044f <span class=\"wpforms-required-label\">*<\/span><\/label><div class=\"wpforms-field-row wpforms-field-large\"><div class=\"wpforms-field-row-block wpforms-first wpforms-one-half\"><input type=\"text\" id=\"wpforms-5189-field_0\" class=\"wpforms-field-name-first wpforms-field-required\" name=\"wpforms[fields][0][first]\" placeholder=\"\u0418\u043c\u044f\" required><label for=\"wpforms-5189-field_0\" class=\"wpforms-field-sublabel after wpforms-sublabel-hide\">\u0418\u043c\u044f<\/label><\/div><div class=\"wpforms-field-row-block wpforms-one-half\"><input type=\"text\" id=\"wpforms-5189-field_0-last\" class=\"wpforms-field-name-last wpforms-field-required\" name=\"wpforms[fields][0][last]\" placeholder=\"\u0424\u0430\u043c\u0438\u043b\u0438\u044f\" required><label for=\"wpforms-5189-field_0-last\" class=\"wpforms-field-sublabel after wpforms-sublabel-hide\">\u0424\u0430\u043c\u0438\u043b\u0438\u044f<\/label><\/div><\/div><\/div><div id=\"wpforms-5189-field_1-container\" class=\"wpforms-field wpforms-field-email\" data-field-id=\"1\"><label class=\"wpforms-field-label\" for=\"wpforms-5189-field_1\">Email <span class=\"wpforms-required-label\">*<\/span><\/label><input type=\"email\" id=\"wpforms-5189-field_1\" class=\"wpforms-field-large wpforms-field-required\" name=\"wpforms[fields][1]\" placeholder=\"\u0412\u0432\u0435\u0434\u0438\u0442\u0435 \u0432\u0430\u0448 \u0430\u0434\u0440\u0435\u0441 \u044d\u043b\u0435\u043a\u0442\u0440\u043e\u043d\u043d\u043e\u0439 \u043f\u043e\u0447\u0442\u044b\" spellcheck=\"false\" required><\/div><div id=\"wpforms-5189-field_2-container\" class=\"wpforms-field wpforms-field-textarea\" data-field-id=\"2\"><label class=\"wpforms-field-label\" for=\"wpforms-5189-field_2\">\u041a\u043e\u043c\u043c\u0435\u043d\u0442\u0430\u0440\u0438\u0439 \u0438\u043b\u0438 \u0441\u043e\u043e\u0431\u0449\u0435\u043d\u0438\u0435 <span class=\"wpforms-required-label\">*<\/span><\/label><textarea id=\"wpforms-5189-field_2\" class=\"wpforms-field-large wpforms-field-required\" name=\"wpforms[fields][2]\" required><\/textarea><\/div><\/div><!-- .wpforms-field-container --><div class=\"wpforms-field wpforms-field-hp\"><label for=\"wpforms-5189-field-hp\" class=\"wpforms-field-label\">Comment<\/label><input type=\"text\" name=\"wpforms[hp]\" id=\"wpforms-5189-field-hp\" class=\"wpforms-field-medium\"><\/div><div class=\"wpforms-submit-container\" ><input type=\"hidden\" name=\"wpforms[id]\" value=\"5189\"><input type=\"hidden\" name=\"page_title\" value=\"\"><input type=\"hidden\" name=\"page_url\" value=\"https:\/\/electromagazin.md\/ru\/wp-json\/wp\/v2\/pages\/2401\"><input type=\"hidden\" name=\"url_referer\" value=\"\"><button type=\"submit\" name=\"wpforms[submit]\" id=\"wpforms-submit-5189\" class=\"wpforms-submit\" data-alt-text=\"\u041e\u0442\u043f\u0440\u0430\u0432\u043b\u044f\u0435\u0442\u0441\u044f\" data-submit-text=\"\u041e\u0442\u043f\u0440\u0430\u0432\u0438\u0442\u044c\" aria-live=\"assertive\" value=\"wpforms-submit\">\u041e\u0442\u043f\u0440\u0430\u0432\u0438\u0442\u044c<\/button><\/div><\/form><\/div>  <!-- .wpforms-container -->[\/vc_column][vc_column width=&#187;1\/2&#8243; el_class=&#187;store-info store-info-v2&#8243;][vc_gmaps link=&#187;#E-8_JTNDaWZyYW1lJTIwc3JjJTNEJTIyaHR0cHMlM0ElMkYlMkZ3d3cuZ29vZ2xlLmNvbSUyRm1hcHMlMkZkJTJGZW1iZWQlM0ZtaWQlM0QxMThrOFE3VmxqVGJtY2cweXlJQ3ZLTFJEYVhtOTBhUTglMjIlMjB3aWR0aCUzRCUyMjYwMCUyMiUyMGhlaWdodCUzRCUyMjQ1MCUyMiUyMGZyYW1lYm9yZGVyJTNEJTIyMCUyMiUyMHN0eWxlJTNEJTIyYm9yZGVyJTNBMCUzQiUyMiUyMGFsbG93ZnVsbHNjcmVlbiUzRCUyMiUyMiUyMGFyaWEtaGlkZGVuJTNEJTIyZmFsc2UlMjIlMjB0YWJpbmRleCUzRCUyMjAlMjIlM0UlM0MlMkZpZnJhbWUlM0U=&#187; size=&#187;288px&#187; el_class=&#187;inner-left-xs&#187; css=&#187;.vc_custom_1623483965924{margin-bottom: 45px !important;}&#187;][vc_column_text el_class=&#187;inner-left-xs&#187;]<\/p>\n<h2 class=\"contact-page-title\">\u041d\u0430\u0448 \u0430\u0434\u0440\u0435\u0441<\/h2>\n<p>\u0443\u043b. \u0412\u043e\u043b\u0443\u043d\u0442\u0430\u0440\u0438\u043b\u043e\u0440 8\/4, \u041a\u0438\u0448\u0438\u043d\u0435\u0432, \u0420\u0435\u0441\u043f\u0443\u0431\u043b\u0438\u043a\u0430 \u041c\u043e\u043b\u0434\u043e\u0432\u0430<br \/>\n\u041f\u043e\u0434\u0434\u0435\u0440\u0436\u043a\u0430: <a href=\"tel:69370867\">069 37 08 67<\/a><br \/>\n\u0415\u043c\u044d\u0439\u043b: <a href=\"mailto:info@electromagazin.md\">info@electromagazin.md<\/a><\/p>\n<p><strong>\u0420\u0430\u0431\u043e\u0447\u0435\u0435 \u0432\u0440\u0435\u043c\u044f<\/strong><br \/>\n\u041f\u043e\u043d\u0435\u0434\u0435\u043b\u044c\u043d\u0438\u043a-\u043f\u044f\u0442\u043d\u0438\u0446\u0430: <strong>\u0441 8:00 \u0434\u043e 17:00<\/strong><br \/>\n\u0421\u0443\u0431\u0431\u043e\u0442\u0430: <strong>\u0441 8:00 \u0434\u043e 14:00.<\/strong>[\/vc_column_text][\/vc_column][\/vc_row][vc_row][vc_column][vc_column_text][\/vc_column_text][\/vc_column][\/vc_row]<\/p>\n<\/div>","protected":false},"excerpt":{"rendered":"<p>[vc_row][vc_column][vc_column_text][\/vc_column_text][\/vc_column][\/vc_row][vc_row css=&#187;.vc_custom_1457506356430{padding-top: 25px !important;}&#187;][vc_column width=&#187;1\/2&#8243;][vc_column_text css=&#187;.vc_custom_1582097966555{margin-bottom: 60px !important;}&#187;] \u041e\u0441\u0442\u0430\u0432\u044c\u0442\u0435 \u043d\u0430\u043c \u0441\u043e\u043e\u0431\u0449\u0435\u043d\u0438\u0435 \u0415\u0441\u043b\u0438 \u0432\u044b \u0438\u0449\u0435\u0442\u0435 \u043f\u0440\u043e\u0434\u0443\u043a\u0442 \u0438\u043b\u0438 \u0445\u043e\u0442\u0438\u0442\u0435 \u0441\u043e\u043e\u0431\u0449\u0438\u0442\u044c \u043d\u0430\u043c \u0438\u043d\u0444\u043e\u0440\u043c\u0430\u0446\u0438\u044e \u2013 \u0441\u0432\u044f\u0436\u0438\u0442\u0435\u0441\u044c \u0441 \u043d\u0430\u043c\u0438!.[\/vc_column_text][\/vc_column][vc_column width=&#187;1\/2&#8243; el_class=&#187;store-info store-info-v2&#8243;][vc_gmaps link=&#187;#E-8_JTNDaWZyYW1lJTIwc3JjJTNEJTIyaHR0cHMlM0ElMkYlMkZ3d3cuZ29vZ2xlLmNvbSUyRm1hcHMlMkZkJTJGZW1iZWQlM0ZtaWQlM0QxMThrOFE3VmxqVGJtY2cweXlJQ3ZLTFJEYVhtOTBhUTglMjIlMjB3aWR0aCUzRCUyMjYwMCUyMiUyMGhlaWdodCUzRCUyMjQ1MCUyMiUyMGZyYW1lYm9yZGVyJTNEJTIyMCUyMiUyMHN0eWxlJTNEJTIyYm9yZGVyJTNBMCUzQiUyMiUyMGFsbG93ZnVsbHNjcmVlbiUzRCUyMiUyMiUyMGFyaWEtaGlkZGVuJTNEJTIyZmFsc2UlMjIlMjB0YWJpbmRleCUzRCUyMjAlMjIlM0UlM0MlMkZpZnJhbWUlM0U=&#187; size=&#187;288px&#187; el_class=&#187;inner-left-xs&#187; css=&#187;.vc_custom_1623483965924{margin-bottom: 45px !important;}&#187;][vc_column_text el_class=&#187;inner-left-xs&#187;] \u041d\u0430\u0448 \u0430\u0434\u0440\u0435\u0441 \u0443\u043b. \u0412\u043e\u043b\u0443\u043d\u0442\u0430\u0440\u0438\u043b\u043e\u0440 8\/4, \u041a\u0438\u0448\u0438\u043d\u0435\u0432, \u0420\u0435\u0441\u043f\u0443\u0431\u043b\u0438\u043a\u0430 \u041c\u043e\u043b\u0434\u043e\u0432\u0430 \u041f\u043e\u0434\u0434\u0435\u0440\u0436\u043a\u0430: 069 37 08 67 \u0415\u043c\u044d\u0439\u043b: info@electromagazin.md \u0420\u0430\u0431\u043e\u0447\u0435\u0435 \u0432\u0440\u0435\u043c\u044f \u041f\u043e\u043d\u0435\u0434\u0435\u043b\u044c\u043d\u0438\u043a-\u043f\u044f\u0442\u043d\u0438\u0446\u0430: \u0441 8:00 \u0434\u043e [&hellip;]<\/p>\n","protected":false},"author":1,"featured_media":0,"parent":0,"menu_order":0,"comment_status":"closed","ping_status":"closed","template":"","meta":{"_acf_changed":false,"_analytify_skip_tracking":false,"footnotes":""},"class_list":["post-2401","page","type-page","status-publish","hentry"],"acf":[],"yoast_head":"<!-- This site is optimized with the Yoast SEO Premium plugin v26.3 (Yoast SEO v27.2) - https:\/\/yoast.com\/product\/yoast-seo-premium-wordpress\/ -->\n<title>\u041a\u041e\u041d\u0422\u0410\u041a\u0422\u042b - ELECTRO MAGAZIN<\/title>\n<meta name=\"robots\" content=\"index, follow, max-snippet:-1, max-image-preview:large, max-video-preview:-1\" \/>\n<link rel=\"canonical\" href=\"https:\/\/electromagazin.md\/ru\/contacte\/\" \/>\n<meta property=\"og:locale\" content=\"ru_RU\" \/>\n<meta property=\"og:type\" content=\"article\" \/>\n<meta property=\"og:title\" content=\"\u041a\u041e\u041d\u0422\u0410\u041a\u0422\u042b\" \/>\n<meta property=\"og:description\" content=\"[vc_row][vc_column][vc_column_text][\/vc_column_text][\/vc_column][\/vc_row][vc_row css=&#187;.vc_custom_1457506356430{padding-top: 25px !important;}&#187;][vc_column width=&#187;1\/2&#8243;][vc_column_text css=&#187;.vc_custom_1582097966555{margin-bottom: 60px !important;}&#187;] \u041e\u0441\u0442\u0430\u0432\u044c\u0442\u0435 \u043d\u0430\u043c \u0441\u043e\u043e\u0431\u0449\u0435\u043d\u0438\u0435 \u0415\u0441\u043b\u0438 \u0432\u044b \u0438\u0449\u0435\u0442\u0435 \u043f\u0440\u043e\u0434\u0443\u043a\u0442 \u0438\u043b\u0438 \u0445\u043e\u0442\u0438\u0442\u0435 \u0441\u043e\u043e\u0431\u0449\u0438\u0442\u044c \u043d\u0430\u043c \u0438\u043d\u0444\u043e\u0440\u043c\u0430\u0446\u0438\u044e \u2013 \u0441\u0432\u044f\u0436\u0438\u0442\u0435\u0441\u044c \u0441 \u043d\u0430\u043c\u0438!.[\/vc_column_text][\/vc_column][vc_column width=&#187;1\/2&#8243; el_class=&#187;store-info store-info-v2&#8243;][vc_gmaps link=&#187;#E-8_JTNDaWZyYW1lJTIwc3JjJTNEJTIyaHR0cHMlM0ElMkYlMkZ3d3cuZ29vZ2xlLmNvbSUyRm1hcHMlMkZkJTJGZW1iZWQlM0ZtaWQlM0QxMThrOFE3VmxqVGJtY2cweXlJQ3ZLTFJEYVhtOTBhUTglMjIlMjB3aWR0aCUzRCUyMjYwMCUyMiUyMGhlaWdodCUzRCUyMjQ1MCUyMiUyMGZyYW1lYm9yZGVyJTNEJTIyMCUyMiUyMHN0eWxlJTNEJTIyYm9yZGVyJTNBMCUzQiUyMiUyMGFsbG93ZnVsbHNjcmVlbiUzRCUyMiUyMiUyMGFyaWEtaGlkZGVuJTNEJTIyZmFsc2UlMjIlMjB0YWJpbmRleCUzRCUyMjAlMjIlM0UlM0MlMkZpZnJhbWUlM0U=&#187; size=&#187;288px&#187; el_class=&#187;inner-left-xs&#187; css=&#187;.vc_custom_1623483965924{margin-bottom: 45px !important;}&#187;][vc_column_text el_class=&#187;inner-left-xs&#187;] \u041d\u0430\u0448 \u0430\u0434\u0440\u0435\u0441 \u0443\u043b. \u0412\u043e\u043b\u0443\u043d\u0442\u0430\u0440\u0438\u043b\u043e\u0440 8\/4, \u041a\u0438\u0448\u0438\u043d\u0435\u0432, \u0420\u0435\u0441\u043f\u0443\u0431\u043b\u0438\u043a\u0430 \u041c\u043e\u043b\u0434\u043e\u0432\u0430 \u041f\u043e\u0434\u0434\u0435\u0440\u0436\u043a\u0430: 069 37 08 67 \u0415\u043c\u044d\u0439\u043b: info@electromagazin.md \u0420\u0430\u0431\u043e\u0447\u0435\u0435 \u0432\u0440\u0435\u043c\u044f \u041f\u043e\u043d\u0435\u0434\u0435\u043b\u044c\u043d\u0438\u043a-\u043f\u044f\u0442\u043d\u0438\u0446\u0430: \u0441 8:00 \u0434\u043e [&hellip;]\" \/>\n<meta property=\"og:url\" content=\"https:\/\/electromagazin.md\/ru\/contacte\/\" \/>\n<meta property=\"og:site_name\" content=\"ELECTRO MAGAZIN\" \/>\n<meta property=\"article:modified_time\" content=\"2023-01-17T11:07:53+00:00\" \/>\n<meta name=\"twitter:card\" content=\"summary_large_image\" \/>\n<meta name=\"twitter:label1\" content=\"\u041f\u0440\u0438\u043c\u0435\u0440\u043d\u043e\u0435 \u0432\u0440\u0435\u043c\u044f \u0434\u043b\u044f \u0447\u0442\u0435\u043d\u0438\u044f\" \/>\n\t<meta name=\"twitter:data1\" content=\"1 \u043c\u0438\u043d\u0443\u0442\u0430\" \/>\n<script type=\"application\/ld+json\" class=\"yoast-schema-graph\">{\"@context\":\"https:\/\/schema.org\",\"@graph\":[{\"@type\":\"WebPage\",\"@id\":\"https:\/\/electromagazin.md\/ru\/contacte\/\",\"url\":\"https:\/\/electromagazin.md\/ru\/contacte\/\",\"name\":\"\u041a\u041e\u041d\u0422\u0410\u041a\u0422\u042b - ELECTRO MAGAZIN\",\"isPartOf\":{\"@id\":\"https:\/\/electromagazin.md\/ru\/#website\"},\"datePublished\":\"2016-03-01T07:11:52+00:00\",\"dateModified\":\"2023-01-17T11:07:53+00:00\",\"breadcrumb\":{\"@id\":\"https:\/\/electromagazin.md\/ru\/contacte\/#breadcrumb\"},\"inLanguage\":\"ru-RU\",\"potentialAction\":[{\"@type\":\"ReadAction\",\"target\":[[\"https:\/\/electromagazin.md\/ru\/contacte\/\"]]}]},{\"@type\":\"BreadcrumbList\",\"@id\":\"https:\/\/electromagazin.md\/ru\/contacte\/#breadcrumb\",\"itemListElement\":[{\"@type\":\"ListItem\",\"position\":1,\"name\":\"Prima pagin\u0103\",\"item\":\"https:\/\/electromagazin.md\/ru\/\"},{\"@type\":\"ListItem\",\"position\":2,\"name\":\"CONTACTE\"}]},{\"@type\":\"WebSite\",\"@id\":\"https:\/\/electromagazin.md\/ru\/#website\",\"url\":\"https:\/\/electromagazin.md\/ru\/\",\"name\":\"ELECTRO MAGAZIN\",\"description\":\"(Rom\u00e2n\u0103) Alege lumina potrivit\u0103!\",\"publisher\":{\"@id\":\"https:\/\/electromagazin.md\/ru\/#organization\"},\"potentialAction\":[{\"@type\":\"SearchAction\",\"target\":{\"@type\":\"EntryPoint\",\"urlTemplate\":\"https:\/\/electromagazin.md\/ru\/?s={search_term_string}\"},\"query-input\":{\"@type\":\"PropertyValueSpecification\",\"valueRequired\":true,\"valueName\":\"search_term_string\"}}],\"inLanguage\":\"ru-RU\"},{\"@type\":\"Organization\",\"@id\":\"https:\/\/electromagazin.md\/ru\/#organization\",\"name\":\"ELECTRO MAGAZIN S.R.L\",\"url\":\"https:\/\/electromagazin.md\/ru\/\",\"logo\":{\"@type\":\"ImageObject\",\"inLanguage\":\"ru-RU\",\"@id\":\"https:\/\/electromagazin.md\/ru\/#\/schema\/logo\/image\/\",\"url\":\"https:\/\/electromagazin.md\/wp-content\/uploads\/2020\/02\/logo.png\",\"contentUrl\":\"https:\/\/electromagazin.md\/wp-content\/uploads\/2020\/02\/logo.png\",\"width\":753,\"height\":169,\"caption\":\"ELECTRO MAGAZIN S.R.L\"},\"image\":{\"@id\":\"https:\/\/electromagazin.md\/ru\/#\/schema\/logo\/image\/\"}}]}<\/script>\n<!-- \/ Yoast SEO Premium plugin. -->","yoast_head_json":{"title":"\u041a\u041e\u041d\u0422\u0410\u041a\u0422\u042b - ELECTRO MAGAZIN","robots":{"index":"index","follow":"follow","max-snippet":"max-snippet:-1","max-image-preview":"max-image-preview:large","max-video-preview":"max-video-preview:-1"},"canonical":"https:\/\/electromagazin.md\/ru\/contacte\/","og_locale":"ru_RU","og_type":"article","og_title":"\u041a\u041e\u041d\u0422\u0410\u041a\u0422\u042b","og_description":"[vc_row][vc_column][vc_column_text][\/vc_column_text][\/vc_column][\/vc_row][vc_row css=&#187;.vc_custom_1457506356430{padding-top: 25px !important;}&#187;][vc_column width=&#187;1\/2&#8243;][vc_column_text css=&#187;.vc_custom_1582097966555{margin-bottom: 60px !important;}&#187;] \u041e\u0441\u0442\u0430\u0432\u044c\u0442\u0435 \u043d\u0430\u043c \u0441\u043e\u043e\u0431\u0449\u0435\u043d\u0438\u0435 \u0415\u0441\u043b\u0438 \u0432\u044b \u0438\u0449\u0435\u0442\u0435 \u043f\u0440\u043e\u0434\u0443\u043a\u0442 \u0438\u043b\u0438 \u0445\u043e\u0442\u0438\u0442\u0435 \u0441\u043e\u043e\u0431\u0449\u0438\u0442\u044c \u043d\u0430\u043c \u0438\u043d\u0444\u043e\u0440\u043c\u0430\u0446\u0438\u044e \u2013 \u0441\u0432\u044f\u0436\u0438\u0442\u0435\u0441\u044c \u0441 \u043d\u0430\u043c\u0438!.[\/vc_column_text][\/vc_column][vc_column width=&#187;1\/2&#8243; el_class=&#187;store-info store-info-v2&#8243;][vc_gmaps link=&#187;#E-8_JTNDaWZyYW1lJTIwc3JjJTNEJTIyaHR0cHMlM0ElMkYlMkZ3d3cuZ29vZ2xlLmNvbSUyRm1hcHMlMkZkJTJGZW1iZWQlM0ZtaWQlM0QxMThrOFE3VmxqVGJtY2cweXlJQ3ZLTFJEYVhtOTBhUTglMjIlMjB3aWR0aCUzRCUyMjYwMCUyMiUyMGhlaWdodCUzRCUyMjQ1MCUyMiUyMGZyYW1lYm9yZGVyJTNEJTIyMCUyMiUyMHN0eWxlJTNEJTIyYm9yZGVyJTNBMCUzQiUyMiUyMGFsbG93ZnVsbHNjcmVlbiUzRCUyMiUyMiUyMGFyaWEtaGlkZGVuJTNEJTIyZmFsc2UlMjIlMjB0YWJpbmRleCUzRCUyMjAlMjIlM0UlM0MlMkZpZnJhbWUlM0U=&#187; size=&#187;288px&#187; el_class=&#187;inner-left-xs&#187; css=&#187;.vc_custom_1623483965924{margin-bottom: 45px !important;}&#187;][vc_column_text el_class=&#187;inner-left-xs&#187;] \u041d\u0430\u0448 \u0430\u0434\u0440\u0435\u0441 \u0443\u043b. \u0412\u043e\u043b\u0443\u043d\u0442\u0430\u0440\u0438\u043b\u043e\u0440 8\/4, \u041a\u0438\u0448\u0438\u043d\u0435\u0432, \u0420\u0435\u0441\u043f\u0443\u0431\u043b\u0438\u043a\u0430 \u041c\u043e\u043b\u0434\u043e\u0432\u0430 \u041f\u043e\u0434\u0434\u0435\u0440\u0436\u043a\u0430: 069 37 08 67 \u0415\u043c\u044d\u0439\u043b: info@electromagazin.md \u0420\u0430\u0431\u043e\u0447\u0435\u0435 \u0432\u0440\u0435\u043c\u044f \u041f\u043e\u043d\u0435\u0434\u0435\u043b\u044c\u043d\u0438\u043a-\u043f\u044f\u0442\u043d\u0438\u0446\u0430: \u0441 8:00 \u0434\u043e [&hellip;]","og_url":"https:\/\/electromagazin.md\/ru\/contacte\/","og_site_name":"ELECTRO MAGAZIN","article_modified_time":"2023-01-17T11:07:53+00:00","twitter_card":"summary_large_image","twitter_misc":{"\u041f\u0440\u0438\u043c\u0435\u0440\u043d\u043e\u0435 \u0432\u0440\u0435\u043c\u044f \u0434\u043b\u044f \u0447\u0442\u0435\u043d\u0438\u044f":"1 \u043c\u0438\u043d\u0443\u0442\u0430"},"schema":{"@context":"https:\/\/schema.org","@graph":[{"@type":"WebPage","@id":"https:\/\/electromagazin.md\/ru\/contacte\/","url":"https:\/\/electromagazin.md\/ru\/contacte\/","name":"\u041a\u041e\u041d\u0422\u0410\u041a\u0422\u042b - ELECTRO MAGAZIN","isPartOf":{"@id":"https:\/\/electromagazin.md\/ru\/#website"},"datePublished":"2016-03-01T07:11:52+00:00","dateModified":"2023-01-17T11:07:53+00:00","breadcrumb":{"@id":"https:\/\/electromagazin.md\/ru\/contacte\/#breadcrumb"},"inLanguage":"ru-RU","potentialAction":[{"@type":"ReadAction","target":[["https:\/\/electromagazin.md\/ru\/contacte\/"]]}]},{"@type":"BreadcrumbList","@id":"https:\/\/electromagazin.md\/ru\/contacte\/#breadcrumb","itemListElement":[{"@type":"ListItem","position":1,"name":"Prima pagin\u0103","item":"https:\/\/electromagazin.md\/ru\/"},{"@type":"ListItem","position":2,"name":"CONTACTE"}]},{"@type":"WebSite","@id":"https:\/\/electromagazin.md\/ru\/#website","url":"https:\/\/electromagazin.md\/ru\/","name":"ELECTRO MAGAZIN","description":"(Rom\u00e2n\u0103) Alege lumina potrivit\u0103!","publisher":{"@id":"https:\/\/electromagazin.md\/ru\/#organization"},"potentialAction":[{"@type":"SearchAction","target":{"@type":"EntryPoint","urlTemplate":"https:\/\/electromagazin.md\/ru\/?s={search_term_string}"},"query-input":{"@type":"PropertyValueSpecification","valueRequired":true,"valueName":"search_term_string"}}],"inLanguage":"ru-RU"},{"@type":"Organization","@id":"https:\/\/electromagazin.md\/ru\/#organization","name":"ELECTRO MAGAZIN S.R.L","url":"https:\/\/electromagazin.md\/ru\/","logo":{"@type":"ImageObject","inLanguage":"ru-RU","@id":"https:\/\/electromagazin.md\/ru\/#\/schema\/logo\/image\/","url":"https:\/\/electromagazin.md\/wp-content\/uploads\/2020\/02\/logo.png","contentUrl":"https:\/\/electromagazin.md\/wp-content\/uploads\/2020\/02\/logo.png","width":753,"height":169,"caption":"ELECTRO MAGAZIN S.R.L"},"image":{"@id":"https:\/\/electromagazin.md\/ru\/#\/schema\/logo\/image\/"}}]}},"_links":{"self":[{"href":"https:\/\/electromagazin.md\/ru\/wp-json\/wp\/v2\/pages\/2401","targetHints":{"allow":["GET"]}}],"collection":[{"href":"https:\/\/electromagazin.md\/ru\/wp-json\/wp\/v2\/pages"}],"about":[{"href":"https:\/\/electromagazin.md\/ru\/wp-json\/wp\/v2\/types\/page"}],"author":[{"embeddable":true,"href":"https:\/\/electromagazin.md\/ru\/wp-json\/wp\/v2\/users\/1"}],"replies":[{"embeddable":true,"href":"https:\/\/electromagazin.md\/ru\/wp-json\/wp\/v2\/comments?post=2401"}],"version-history":[{"count":0,"href":"https:\/\/electromagazin.md\/ru\/wp-json\/wp\/v2\/pages\/2401\/revisions"}],"wp:attachment":[{"href":"https:\/\/electromagazin.md\/ru\/wp-json\/wp\/v2\/media?parent=2401"}],"curies":[{"name":"wp","href":"https:\/\/api.w.org\/{rel}","templated":true}]}}